{"id":123,"date":"2015-07-16T15:37:13","date_gmt":"2015-07-16T13:37:13","guid":{"rendered":"http:\/\/beauty-company-weyhe.de.w0136ebd.kasserver.com\/?page_id=123"},"modified":"2024-06-21T21:40:45","modified_gmt":"2024-06-21T19:40:45","slug":"partner","status":"publish","type":"page","link":"https:\/\/beauty-company-weyhe.de\/index.php\/partner\/","title":{"rendered":"Partner"},"content":{"rendered":"<p><a href=\"http:\/\/kruuthex.com\/\"><strong><span style=\"color: #08c;\">Kruuthex Manufaktur<img loading=\"lazy\" decoding=\"async\" class=\"alignright size-full wp-image-1494\" src=\"https:\/\/beauty-company-weyhe.de\/wp-content\/uploads\/2023\/09\/kruuthex.jpg\" alt=\"\" width=\"200\" height=\"140\" \/><\/span><\/strong><\/a><\/p>\n<p>Ein gesunder, strahlender Teint ist ein Ziel, das viele Menschen anstreben. Neben einer ausgewogenen Ern\u00e4hrung und einer effektiven Hautpflegeroutine spielt auch die innere Balance eine entscheidende Rolle. In diesem Zusammenhang spielt Wasser eine wichtige Rolle, um die Haut von innen heraus zu unterst\u00fctzen. Doch wie k\u00f6nnen Heilkr\u00e4uter und sogar Heilsteine dazu beitragen, die Hautgesundheit zu verbessern?<\/p>\n<p>Mehr dar\u00fcber erfahren Sie <a href=\"index.php\/kruuthex\">hier<\/a>.<\/p>\n<hr \/>\n<p><a href=\"https:\/\/www.praxis-sonja-blass.de\/\"><strong><span style=\"color: #08c;\">Naturheilpraxis Sonja Blass<\/span><\/strong><\/a><img loading=\"lazy\" decoding=\"async\" class=\"alignright size-full wp-image-921\" src=\"https:\/\/beauty-company-weyhe.de\/wp-content\/uploads\/2017\/12\/sonjablass.jpg\" alt=\"sonjablass\" width=\"200\" height=\"140\" \/><\/p>\n<p>Sonja Blass ist Heilpraktikerin und arbeitet unter anderem mit der wingwave\u00ae-Methode. Es ist die unkomplizierte, schnelle und nachhaltige Methode, um an Situationen im Leben weiterzukommen, bei denen man eine innere Blockade oder eine gro\u00dfe Angst sp\u00fcrt.<\/p>\n<p>Mehr dar\u00fcber erfahren Sie <a href=\"https:\/\/www.praxis-sonja-blass.de\/\">hier<\/a>.<\/p>\n<hr \/>\n<p><span style=\"color: #08c;\"><strong> <img loading=\"lazy\" decoding=\"async\" class=\"alignright wp-image-637 size-thumbnail\" src=\"https:\/\/beauty-company-weyhe.de\/wp-content\/uploads\/2015\/07\/Partner_Logo_Final-150x150.jpg\" alt=\"\" width=\"150\" height=\"150\" srcset=\"https:\/\/beauty-company-weyhe.de\/wp-content\/uploads\/2015\/07\/Partner_Logo_Final-150x150.jpg 150w, https:\/\/beauty-company-weyhe.de\/wp-content\/uploads\/2015\/07\/Partner_Logo_Final-300x300.jpg 300w, https:\/\/beauty-company-weyhe.de\/wp-content\/uploads\/2015\/07\/Partner_Logo_Final.jpg 500w\" sizes=\"auto, (max-width: 150px) 100vw, 150px\" \/>Aesthetico<\/strong><\/span><\/p>\n<p>Unseren Behandlungsmethoden entsprechend legen wir bei der Auswahl unserer Pflegeprodukte h\u00f6chsten Wert auf uneingeschr\u00e4nkte Vertr\u00e4glichkeit. Die Entwicklung aller von uns verwendeten Pr\u00e4parate erfolgt in intensiver Zusammenarbeit mit Haut\u00e4rzten und garantiert damit besonderen Schutz sowie optimale Pflege. Erleben Sie das Pflegeprogramm von AESTHETICO \u2013 aus der dermatologischen Praxis.<\/p>\n<hr \/>\n","protected":false},"excerpt":{"rendered":"<p>Kruuthex Manufaktur Ein gesunder, strahlender Teint ist ein Ziel, das viele Menschen anstreben. Neben einer ausgewogenen Ern\u00e4hrung und einer effektiven Hautpflegeroutine spielt auch die innere Balance eine entscheidende Rolle. In diesem Zusammenhang spielt Wasser eine wichtige Rolle, um die Haut von innen heraus zu unterst\u00fctzen. Doch wie k\u00f6nnen Heilkr\u00e4uter und sogar Heilsteine dazu beitragen, die [&hellip;]<\/p>\n","protected":false},"author":1,"featured_media":1071,"parent":0,"menu_order":0,"comment_status":"open","ping_status":"open","template":"","meta":{"jetpack_post_was_ever_published":false,"footnotes":""},"class_list":["post-123","page","type-page","status-publish","has-post-thumbnail","czr-hentry"],"yoast_head":"<!-- This site is optimized with the Yoast SEO plugin v27.0 - https:\/\/yoast.com\/product\/yoast-seo-wordpress\/ -->\n<title>Partner - Beauty Company Weyhe<\/title>\n<meta name=\"robots\" content=\"index, follow, max-snippet:-1, max-image-preview:large, max-video-preview:-1\" \/>\n<link rel=\"canonical\" href=\"https:\/\/beauty-company-weyhe.de\/index.php\/partner\/\" \/>\n<meta property=\"og:locale\" content=\"de_DE\" \/>\n<meta property=\"og:type\" content=\"article\" \/>\n<meta property=\"og:title\" content=\"Partner - Beauty Company Weyhe\" \/>\n<meta property=\"og:description\" content=\"Kruuthex Manufaktur Ein gesunder, strahlender Teint ist ein Ziel, das viele Menschen anstreben. Neben einer ausgewogenen Ern\u00e4hrung und einer effektiven Hautpflegeroutine spielt auch die innere Balance eine entscheidende Rolle. In diesem Zusammenhang spielt Wasser eine wichtige Rolle, um die Haut von innen heraus zu unterst\u00fctzen. Doch wie k\u00f6nnen Heilkr\u00e4uter und sogar Heilsteine dazu beitragen, die [&hellip;]\" \/>\n<meta property=\"og:url\" content=\"https:\/\/beauty-company-weyhe.de\/index.php\/partner\/\" \/>\n<meta property=\"og:site_name\" content=\"Beauty Company Weyhe\" \/>\n<meta property=\"article:publisher\" content=\"https:\/\/www.facebook.com\/beautycompanyweyhe\/\" \/>\n<meta property=\"article:modified_time\" content=\"2024-06-21T19:40:45+00:00\" \/>\n<meta property=\"og:image\" content=\"https:\/\/beauty-company-weyhe.de\/wp-content\/uploads\/2018\/09\/bdr_partner_beige.jpg\" \/>\n\t<meta property=\"og:image:width\" content=\"996\" \/>\n\t<meta property=\"og:image:height\" content=\"996\" \/>\n\t<meta property=\"og:image:type\" content=\"image\/jpeg\" \/>\n<meta name=\"twitter:card\" content=\"summary_large_image\" \/>\n<meta name=\"twitter:label1\" content=\"Gesch\u00e4tzte Lesezeit\" \/>\n\t<meta name=\"twitter:data1\" content=\"2\u00a0Minuten\" \/>\n<script type=\"application\/ld+json\" class=\"yoast-schema-graph\">{\"@context\":\"https:\/\/schema.org\",\"@graph\":[{\"@type\":\"WebPage\",\"@id\":\"https:\/\/beauty-company-weyhe.de\/index.php\/partner\/\",\"url\":\"https:\/\/beauty-company-weyhe.de\/index.php\/partner\/\",\"name\":\"Partner - Beauty Company Weyhe\",\"isPartOf\":{\"@id\":\"https:\/\/beauty-company-weyhe.de\/#website\"},\"primaryImageOfPage\":{\"@id\":\"https:\/\/beauty-company-weyhe.de\/index.php\/partner\/#primaryimage\"},\"image\":{\"@id\":\"https:\/\/beauty-company-weyhe.de\/index.php\/partner\/#primaryimage\"},\"thumbnailUrl\":\"https:\/\/beauty-company-weyhe.de\/wp-content\/uploads\/2018\/09\/bdr_partner_beige.jpg\",\"datePublished\":\"2015-07-16T13:37:13+00:00\",\"dateModified\":\"2024-06-21T19:40:45+00:00\",\"breadcrumb\":{\"@id\":\"https:\/\/beauty-company-weyhe.de\/index.php\/partner\/#breadcrumb\"},\"inLanguage\":\"de\",\"potentialAction\":[{\"@type\":\"ReadAction\",\"target\":[\"https:\/\/beauty-company-weyhe.de\/index.php\/partner\/\"]}]},{\"@type\":\"ImageObject\",\"inLanguage\":\"de\",\"@id\":\"https:\/\/beauty-company-weyhe.de\/index.php\/partner\/#primaryimage\",\"url\":\"https:\/\/beauty-company-weyhe.de\/wp-content\/uploads\/2018\/09\/bdr_partner_beige.jpg\",\"contentUrl\":\"https:\/\/beauty-company-weyhe.de\/wp-content\/uploads\/2018\/09\/bdr_partner_beige.jpg\",\"width\":996,\"height\":996},{\"@type\":\"BreadcrumbList\",\"@id\":\"https:\/\/beauty-company-weyhe.de\/index.php\/partner\/#breadcrumb\",\"itemListElement\":[{\"@type\":\"ListItem\",\"position\":1,\"name\":\"Startseite\",\"item\":\"https:\/\/beauty-company-weyhe.de\/\"},{\"@type\":\"ListItem\",\"position\":2,\"name\":\"Partner\"}]},{\"@type\":\"WebSite\",\"@id\":\"https:\/\/beauty-company-weyhe.de\/#website\",\"url\":\"https:\/\/beauty-company-weyhe.de\/\",\"name\":\"Beauty Company Weyhe\",\"description\":\"Ob Falten, unreine Haut oder Narbengewebe, die intensive Pflege, Heilung und Gesunderhaltung Ihrer Haut ist unser Spezialgebiet.\",\"publisher\":{\"@id\":\"https:\/\/beauty-company-weyhe.de\/#organization\"},\"potentialAction\":[{\"@type\":\"SearchAction\",\"target\":{\"@type\":\"EntryPoint\",\"urlTemplate\":\"https:\/\/beauty-company-weyhe.de\/?s={search_term_string}\"},\"query-input\":{\"@type\":\"PropertyValueSpecification\",\"valueRequired\":true,\"valueName\":\"search_term_string\"}}],\"inLanguage\":\"de\"},{\"@type\":\"Organization\",\"@id\":\"https:\/\/beauty-company-weyhe.de\/#organization\",\"name\":\"Beauty Company Weyhe\",\"url\":\"https:\/\/beauty-company-weyhe.de\/\",\"logo\":{\"@type\":\"ImageObject\",\"inLanguage\":\"de\",\"@id\":\"https:\/\/beauty-company-weyhe.de\/#\/schema\/logo\/image\/\",\"url\":\"https:\/\/beauty-company-weyhe.de\/wp-content\/uploads\/2016\/07\/cropped-BCW_Facebook_2.png\",\"contentUrl\":\"https:\/\/beauty-company-weyhe.de\/wp-content\/uploads\/2016\/07\/cropped-BCW_Facebook_2.png\",\"width\":512,\"height\":512,\"caption\":\"Beauty Company Weyhe\"},\"image\":{\"@id\":\"https:\/\/beauty-company-weyhe.de\/#\/schema\/logo\/image\/\"},\"sameAs\":[\"https:\/\/www.facebook.com\/beautycompanyweyhe\/\"]}]}<\/script>\n<!-- \/ Yoast SEO plugin. -->","yoast_head_json":{"title":"Partner - Beauty Company Weyhe","robots":{"index":"index","follow":"follow","max-snippet":"max-snippet:-1","max-image-preview":"max-image-preview:large","max-video-preview":"max-video-preview:-1"},"canonical":"https:\/\/beauty-company-weyhe.de\/index.php\/partner\/","og_locale":"de_DE","og_type":"article","og_title":"Partner - Beauty Company Weyhe","og_description":"Kruuthex Manufaktur Ein gesunder, strahlender Teint ist ein Ziel, das viele Menschen anstreben. Neben einer ausgewogenen Ern\u00e4hrung und einer effektiven Hautpflegeroutine spielt auch die innere Balance eine entscheidende Rolle. In diesem Zusammenhang spielt Wasser eine wichtige Rolle, um die Haut von innen heraus zu unterst\u00fctzen. Doch wie k\u00f6nnen Heilkr\u00e4uter und sogar Heilsteine dazu beitragen, die [&hellip;]","og_url":"https:\/\/beauty-company-weyhe.de\/index.php\/partner\/","og_site_name":"Beauty Company Weyhe","article_publisher":"https:\/\/www.facebook.com\/beautycompanyweyhe\/","article_modified_time":"2024-06-21T19:40:45+00:00","og_image":[{"width":996,"height":996,"url":"https:\/\/beauty-company-weyhe.de\/wp-content\/uploads\/2018\/09\/bdr_partner_beige.jpg","type":"image\/jpeg"}],"twitter_card":"summary_large_image","twitter_misc":{"Gesch\u00e4tzte Lesezeit":"2\u00a0Minuten"},"schema":{"@context":"https:\/\/schema.org","@graph":[{"@type":"WebPage","@id":"https:\/\/beauty-company-weyhe.de\/index.php\/partner\/","url":"https:\/\/beauty-company-weyhe.de\/index.php\/partner\/","name":"Partner - Beauty Company Weyhe","isPartOf":{"@id":"https:\/\/beauty-company-weyhe.de\/#website"},"primaryImageOfPage":{"@id":"https:\/\/beauty-company-weyhe.de\/index.php\/partner\/#primaryimage"},"image":{"@id":"https:\/\/beauty-company-weyhe.de\/index.php\/partner\/#primaryimage"},"thumbnailUrl":"https:\/\/beauty-company-weyhe.de\/wp-content\/uploads\/2018\/09\/bdr_partner_beige.jpg","datePublished":"2015-07-16T13:37:13+00:00","dateModified":"2024-06-21T19:40:45+00:00","breadcrumb":{"@id":"https:\/\/beauty-company-weyhe.de\/index.php\/partner\/#breadcrumb"},"inLanguage":"de","potentialAction":[{"@type":"ReadAction","target":["https:\/\/beauty-company-weyhe.de\/index.php\/partner\/"]}]},{"@type":"ImageObject","inLanguage":"de","@id":"https:\/\/beauty-company-weyhe.de\/index.php\/partner\/#primaryimage","url":"https:\/\/beauty-company-weyhe.de\/wp-content\/uploads\/2018\/09\/bdr_partner_beige.jpg","contentUrl":"https:\/\/beauty-company-weyhe.de\/wp-content\/uploads\/2018\/09\/bdr_partner_beige.jpg","width":996,"height":996},{"@type":"BreadcrumbList","@id":"https:\/\/beauty-company-weyhe.de\/index.php\/partner\/#breadcrumb","itemListElement":[{"@type":"ListItem","position":1,"name":"Startseite","item":"https:\/\/beauty-company-weyhe.de\/"},{"@type":"ListItem","position":2,"name":"Partner"}]},{"@type":"WebSite","@id":"https:\/\/beauty-company-weyhe.de\/#website","url":"https:\/\/beauty-company-weyhe.de\/","name":"Beauty Company Weyhe","description":"Ob Falten, unreine Haut oder Narbengewebe, die intensive Pflege, Heilung und Gesunderhaltung Ihrer Haut ist unser Spezialgebiet.","publisher":{"@id":"https:\/\/beauty-company-weyhe.de\/#organization"},"potentialAction":[{"@type":"SearchAction","target":{"@type":"EntryPoint","urlTemplate":"https:\/\/beauty-company-weyhe.de\/?s={search_term_string}"},"query-input":{"@type":"PropertyValueSpecification","valueRequired":true,"valueName":"search_term_string"}}],"inLanguage":"de"},{"@type":"Organization","@id":"https:\/\/beauty-company-weyhe.de\/#organization","name":"Beauty Company Weyhe","url":"https:\/\/beauty-company-weyhe.de\/","logo":{"@type":"ImageObject","inLanguage":"de","@id":"https:\/\/beauty-company-weyhe.de\/#\/schema\/logo\/image\/","url":"https:\/\/beauty-company-weyhe.de\/wp-content\/uploads\/2016\/07\/cropped-BCW_Facebook_2.png","contentUrl":"https:\/\/beauty-company-weyhe.de\/wp-content\/uploads\/2016\/07\/cropped-BCW_Facebook_2.png","width":512,"height":512,"caption":"Beauty Company Weyhe"},"image":{"@id":"https:\/\/beauty-company-weyhe.de\/#\/schema\/logo\/image\/"},"sameAs":["https:\/\/www.facebook.com\/beautycompanyweyhe\/"]}]}},"jetpack_sharing_enabled":true,"jetpack_shortlink":"https:\/\/wp.me\/P6t8sO-1Z","_links":{"self":[{"href":"https:\/\/beauty-company-weyhe.de\/index.php\/wp-json\/wp\/v2\/pages\/123","targetHints":{"allow":["GET"]}}],"collection":[{"href":"https:\/\/beauty-company-weyhe.de\/index.php\/wp-json\/wp\/v2\/pages"}],"about":[{"href":"https:\/\/beauty-company-weyhe.de\/index.php\/wp-json\/wp\/v2\/types\/page"}],"author":[{"embeddable":true,"href":"https:\/\/beauty-company-weyhe.de\/index.php\/wp-json\/wp\/v2\/users\/1"}],"replies":[{"embeddable":true,"href":"https:\/\/beauty-company-weyhe.de\/index.php\/wp-json\/wp\/v2\/comments?post=123"}],"version-history":[{"count":49,"href":"https:\/\/beauty-company-weyhe.de\/index.php\/wp-json\/wp\/v2\/pages\/123\/revisions"}],"predecessor-version":[{"id":1570,"href":"https:\/\/beauty-company-weyhe.de\/index.php\/wp-json\/wp\/v2\/pages\/123\/revisions\/1570"}],"wp:featuredmedia":[{"embeddable":true,"href":"https:\/\/beauty-company-weyhe.de\/index.php\/wp-json\/wp\/v2\/media\/1071"}],"wp:attachment":[{"href":"https:\/\/beauty-company-weyhe.de\/index.php\/wp-json\/wp\/v2\/media?parent=123"}],"curies":[{"name":"wp","href":"https:\/\/api.w.org\/{rel}","templated":true}]}}