{"id":1394,"date":"2022-04-18T11:46:00","date_gmt":"2022-04-18T09:46:00","guid":{"rendered":"https:\/\/beauty-company-weyhe.de\/?page_id=1394"},"modified":"2024-10-18T20:17:57","modified_gmt":"2024-10-18T18:17:57","slug":"hydrafacial","status":"publish","type":"page","link":"https:\/\/beauty-company-weyhe.de\/index.php\/hydrafacial\/","title":{"rendered":"Hydrafacial"},"content":{"rendered":"<h3>Der Booster f\u00fcr die Haut<\/h3>\n<p>Hydrafacial ist eine innovative Gesichtsbehandlung, welche der Haut ihren nat\u00fcrlichen Glow zur\u00fcckgibt. Durch das L\u00f6sen von abgestorbenen und verklebten Hornsch\u00fcppchen der oberen Epidermisschicht kann die Haut hochwertige Booster mit ihren Wirkstoffen wieder aufnehmen. Antioxidanzien, Hyalurons\u00e4ure und Peptide verleihen der Haut ein ebenm\u00e4\u00dfigeres und j\u00fcngeres Aussehen mit einem sch\u00f6nen frischen Teint &amp; Glow.<\/p>\n<p>In den vergangenen Jahren hat das Hydrafacial weltweit in der \u00c4sthetik und bei Haut\u00e4rzten\/Kliniken seinen festen Platz gefunden. Auch Stars wie Paris Hilton, Jennifer Lopez und viele mehr haben ihre Haut bereits mit dieser innovativen Behandlung versch\u00f6nert und aufgebaut. Durch eine regelm\u00e4\u00dfige Gesichtsbehandlung wird die Hautstruktur verbessert und Pigmentst\u00f6rungen vermindert.<\/p>\n<p><img loading=\"lazy\" decoding=\"async\" class=\"aligncenter size-wcstandard wp-image-1401\" src=\"https:\/\/beauty-company-weyhe.de\/wp-content\/uploads\/2022\/04\/Hydrafacial-550x344.jpg\" alt=\"\" width=\"1000\" height=\"625\" srcset=\"https:\/\/beauty-company-weyhe.de\/wp-content\/uploads\/2022\/04\/Hydrafacial-550x344.jpg 550w, https:\/\/beauty-company-weyhe.de\/wp-content\/uploads\/2022\/04\/Hydrafacial-300x188.jpg 300w, https:\/\/beauty-company-weyhe.de\/wp-content\/uploads\/2022\/04\/Hydrafacial-768x480.jpg 768w, https:\/\/beauty-company-weyhe.de\/wp-content\/uploads\/2022\/04\/Hydrafacial-250x156.jpg 250w, https:\/\/beauty-company-weyhe.de\/wp-content\/uploads\/2022\/04\/Hydrafacial-800x500.jpg 800w, https:\/\/beauty-company-weyhe.de\/wp-content\/uploads\/2022\/04\/Hydrafacial-288x180.jpg 288w, https:\/\/beauty-company-weyhe.de\/wp-content\/uploads\/2022\/04\/Hydrafacial-480x300.jpg 480w, https:\/\/beauty-company-weyhe.de\/wp-content\/uploads\/2022\/04\/Hydrafacial.jpg 1440w\" sizes=\"auto, (max-width: 1000px) 100vw, 1000px\" \/><br \/>\nDie gesamte Behandlung ist schmerzfrei. Wir beraten Sie individuell zu Ihrem Ist-Zustand ihrer Haut. Wie viele Sitzungen Sie ben\u00f6tigen, h\u00e4ngt davon ab, was Sie sich als Endergebnis w\u00fcnschen. Gerne begleiten wir Sie zu Ihrem Wunschziel und erarbeiten, abgestimmt auf ihre Haut, Ihr ganz pers\u00f6nliches Konzept. Nach der Hydrafacial Behandlung verwenden wir ausschlie\u00dflich die hochwertigen Produkte von Image Skin.<\/p>\n<h4>Vorteile des Hydrafacial<\/h4>\n<ul>\n<li>sp\u00fcrbar und sichtbar frischere, glattere Haut<\/li>\n<li>das ganze Jahr durchf\u00fchrbar<\/li>\n<li>f\u00fcr jeden Hauttyp geeignet<\/li>\n<li>Tiefenreinigung durch Dermabrasion mit Einschleusen von Boostern ( auf die jeweilige Haut abgestimmt), Vitaminen, Hyalurons\u00e4ure und Antioxidantien<\/li>\n<li>deutliche Verbesserung von Pigmentst\u00f6rungen<\/li>\n<\/ul>\n<p>&nbsp;<\/p>\n<h4>Effekte des Hydrafacial<\/h4>\n<ul>\n<li>Steigerung der Durchblutung und des Zellstoffwechsels<\/li>\n<li>prallere und glattere Haut<\/li>\n<li>feines Hautbild und Verkleinerung der Poren<\/li>\n<li>Weichzeichner-Effekt: ebenm\u00e4\u00dfigere Haut, Reduktion von Pigmentflecken<\/li>\n<li>frischer Teint mit &#8222;Glow&#8220; Effekt<\/li>\n<li>St\u00e4rkung der Haut<\/li>\n<\/ul>\n<p>&nbsp;<\/p>\n<h4>Wir empfehlen die Behandlung bei folgenden Hautbildern:<\/h4>\n<ul>\n<li>m\u00fcde, fahle und ersch\u00f6pfte Haut<\/li>\n<li>erste Alterserscheinungen, kleine F\u00e4ltchen<\/li>\n<li>Unreinheiten<\/li>\n<li>gro\u00dfen Poren<\/li>\n<li>unterversorgte Haut ( trocken, rissig oder spr\u00f6de )<\/li>\n<li>Unreinheiten<\/li>\n<li>sonnengesch\u00e4digte Haut<\/li>\n<li>gestresste Haut<\/li>\n<li>fleckige und unebene Haut<\/li>\n<li>Akne Haut<\/li>\n<li>\u00f6lige Haut<\/li>\n<li>sofort Effekt vor einem wichtigen Event<\/li>\n<\/ul>\n<p>&nbsp;<\/p>\n<div style=\"width: 1170px;\" class=\"wp-video\"><video class=\"wp-video-shortcode\" id=\"video-1394-1\" width=\"1170\" height=\"658\" preload=\"metadata\" controls=\"controls\"><source type=\"video\/mp4\" src=\"https:\/\/beauty-company-weyhe.de\/wp-content\/uploads\/2022\/04\/Hydrafacial_Social_Ad_16-9_withURL1080p-15mbps_v2.mp4?_=1\" \/><a href=\"https:\/\/beauty-company-weyhe.de\/wp-content\/uploads\/2022\/04\/Hydrafacial_Social_Ad_16-9_withURL1080p-15mbps_v2.mp4\">https:\/\/beauty-company-weyhe.de\/wp-content\/uploads\/2022\/04\/Hydrafacial_Social_Ad_16-9_withURL1080p-15mbps_v2.mp4<\/a><\/video><\/div>\n<p>&nbsp;<\/p>\n<hr \/>\n<h4><strong>Hydrafacial Abo &#8211; Jetzt mit bis zu 15% Rabatt!<\/strong><\/h4>\n<p>G\u00f6nnen Sie Ihrer Haut regelm\u00e4\u00dfige Pflege mit unserem Hydrafacial Abonnement! Mit f\u00fcnf oder zehn intensiven Behandlungen erzielen Sie strahlende, verj\u00fcngte Haut, die nachhaltig gepflegt wird.<\/p>\n<p>Ihr Vorteil:<\/p>\n<ul>\n<li>F\u00fcnf Behandlungen anstatt 995 \u20ac nur 895,50 \u20ac &#8211; dank 10% Rabatt auf das gesamte Abo<\/li>\n<li>Zehn Behandlungen anstatt 1990 \u20ac nur 1690 \u20ac &#8211; dank 15% Rabatt auf das gesamte Abo<\/li>\n<li>F\u00fcnf oder zehn Hydrafacial-Sitzungen, die perfekt auf Ihre Haut abgestimmt sind<\/li>\n<li>Tiefenreinigung, Peeling, Hydration und Anti-Aging in einem<\/li>\n<\/ul>\n<p>Sichern Sie sich Ihr Abo und erleben Sie sichtbare Ergebnisse nach jeder Behandlung!<\/p>\n<p>Jetzt buchen und sparen!<\/p>\n<p>Die Preise f\u00fcr Einzelbehandlungen entnehmen Sie bitte unserer <a href=\"https:\/\/beauty-company-weyhe.de\/index.php\/preisliste-2\/\">Preisliste<\/a>.<\/p>\n<hr \/>\n<p><img loading=\"lazy\" decoding=\"async\" class=\"alignleft size-thumbnail wp-image-472\" src=\"https:\/\/beauty-company-weyhe.de\/wp-content\/uploads\/2015\/07\/jessica_team-150x150.png\" alt=\"jessica_team\" width=\"150\" height=\"150\" srcset=\"https:\/\/beauty-company-weyhe.de\/wp-content\/uploads\/2015\/07\/jessica_team-150x150.png 150w, https:\/\/beauty-company-weyhe.de\/wp-content\/uploads\/2015\/07\/jessica_team.png 200w\" sizes=\"auto, (max-width: 150px) 100vw, 150px\" \/><br \/>\n<strong>Ihre Ansprechpartnerin:<\/strong><br \/>\nJessica Ryberg<\/p>\n<p><a href=\"mailto:info@beauty-company-weyhe.de\">info@beauty-company-weyhe.de<\/a><\/p>\n","protected":false},"excerpt":{"rendered":"<p>Der Booster f\u00fcr die Haut Hydrafacial ist eine innovative Gesichtsbehandlung, welche der Haut ihren nat\u00fcrlichen Glow zur\u00fcckgibt. Durch das L\u00f6sen von abgestorbenen und verklebten Hornsch\u00fcppchen der oberen Epidermisschicht kann die Haut hochwertige Booster mit ihren Wirkstoffen wieder aufnehmen. Antioxidanzien, Hyalurons\u00e4ure und Peptide verleihen der Haut ein ebenm\u00e4\u00dfigeres und j\u00fcngeres Aussehen mit einem sch\u00f6nen frischen Teint [&hellip;]<\/p>\n","protected":false},"author":1,"featured_media":0,"parent":0,"menu_order":0,"comment_status":"closed","ping_status":"closed","template":"","meta":{"jetpack_post_was_ever_published":false,"footnotes":""},"class_list":["post-1394","page","type-page","status-publish","czr-hentry"],"yoast_head":"<!-- This site is optimized with the Yoast SEO plugin v27.0 - https:\/\/yoast.com\/product\/yoast-seo-wordpress\/ -->\n<title>Hydrafacial - Beauty Company Weyhe<\/title>\n<meta name=\"robots\" content=\"index, follow, max-snippet:-1, max-image-preview:large, max-video-preview:-1\" \/>\n<link rel=\"canonical\" href=\"https:\/\/beauty-company-weyhe.de\/index.php\/hydrafacial\/\" \/>\n<meta property=\"og:locale\" content=\"de_DE\" \/>\n<meta property=\"og:type\" content=\"article\" \/>\n<meta property=\"og:title\" content=\"Hydrafacial - Beauty Company Weyhe\" \/>\n<meta property=\"og:description\" content=\"Der Booster f\u00fcr die Haut Hydrafacial ist eine innovative Gesichtsbehandlung, welche der Haut ihren nat\u00fcrlichen Glow zur\u00fcckgibt. Durch das L\u00f6sen von abgestorbenen und verklebten Hornsch\u00fcppchen der oberen Epidermisschicht kann die Haut hochwertige Booster mit ihren Wirkstoffen wieder aufnehmen. Antioxidanzien, Hyalurons\u00e4ure und Peptide verleihen der Haut ein ebenm\u00e4\u00dfigeres und j\u00fcngeres Aussehen mit einem sch\u00f6nen frischen Teint [&hellip;]\" \/>\n<meta property=\"og:url\" content=\"https:\/\/beauty-company-weyhe.de\/index.php\/hydrafacial\/\" \/>\n<meta property=\"og:site_name\" content=\"Beauty Company Weyhe\" \/>\n<meta property=\"article:publisher\" content=\"https:\/\/www.facebook.com\/beautycompanyweyhe\/\" \/>\n<meta property=\"article:modified_time\" content=\"2024-10-18T18:17:57+00:00\" \/>\n<meta property=\"og:image\" content=\"https:\/\/beauty-company-weyhe.de\/wp-content\/uploads\/2022\/04\/Hydrafacial.jpg\" \/>\n\t<meta property=\"og:image:width\" content=\"1440\" \/>\n\t<meta property=\"og:image:height\" content=\"900\" \/>\n\t<meta property=\"og:image:type\" content=\"image\/jpeg\" \/>\n<meta name=\"twitter:card\" content=\"summary_large_image\" \/>\n<meta name=\"twitter:label1\" content=\"Gesch\u00e4tzte Lesezeit\" \/>\n\t<meta name=\"twitter:data1\" content=\"3\u00a0Minuten\" \/>\n<script type=\"application\/ld+json\" class=\"yoast-schema-graph\">{\"@context\":\"https:\/\/schema.org\",\"@graph\":[{\"@type\":\"WebPage\",\"@id\":\"https:\/\/beauty-company-weyhe.de\/index.php\/hydrafacial\/\",\"url\":\"https:\/\/beauty-company-weyhe.de\/index.php\/hydrafacial\/\",\"name\":\"Hydrafacial - Beauty Company Weyhe\",\"isPartOf\":{\"@id\":\"https:\/\/beauty-company-weyhe.de\/#website\"},\"primaryImageOfPage\":{\"@id\":\"https:\/\/beauty-company-weyhe.de\/index.php\/hydrafacial\/#primaryimage\"},\"image\":{\"@id\":\"https:\/\/beauty-company-weyhe.de\/index.php\/hydrafacial\/#primaryimage\"},\"thumbnailUrl\":\"https:\/\/beauty-company-weyhe.de\/wp-content\/uploads\/2022\/04\/Hydrafacial-550x344.jpg\",\"datePublished\":\"2022-04-18T09:46:00+00:00\",\"dateModified\":\"2024-10-18T18:17:57+00:00\",\"breadcrumb\":{\"@id\":\"https:\/\/beauty-company-weyhe.de\/index.php\/hydrafacial\/#breadcrumb\"},\"inLanguage\":\"de\",\"potentialAction\":[{\"@type\":\"ReadAction\",\"target\":[\"https:\/\/beauty-company-weyhe.de\/index.php\/hydrafacial\/\"]}]},{\"@type\":\"ImageObject\",\"inLanguage\":\"de\",\"@id\":\"https:\/\/beauty-company-weyhe.de\/index.php\/hydrafacial\/#primaryimage\",\"url\":\"https:\/\/beauty-company-weyhe.de\/wp-content\/uploads\/2022\/04\/Hydrafacial.jpg\",\"contentUrl\":\"https:\/\/beauty-company-weyhe.de\/wp-content\/uploads\/2022\/04\/Hydrafacial.jpg\",\"width\":1440,\"height\":900},{\"@type\":\"BreadcrumbList\",\"@id\":\"https:\/\/beauty-company-weyhe.de\/index.php\/hydrafacial\/#breadcrumb\",\"itemListElement\":[{\"@type\":\"ListItem\",\"position\":1,\"name\":\"Startseite\",\"item\":\"https:\/\/beauty-company-weyhe.de\/\"},{\"@type\":\"ListItem\",\"position\":2,\"name\":\"Hydrafacial\"}]},{\"@type\":\"WebSite\",\"@id\":\"https:\/\/beauty-company-weyhe.de\/#website\",\"url\":\"https:\/\/beauty-company-weyhe.de\/\",\"name\":\"Beauty Company Weyhe\",\"description\":\"Ob Falten, unreine Haut oder Narbengewebe, die intensive Pflege, Heilung und Gesunderhaltung Ihrer Haut ist unser Spezialgebiet.\",\"publisher\":{\"@id\":\"https:\/\/beauty-company-weyhe.de\/#organization\"},\"potentialAction\":[{\"@type\":\"SearchAction\",\"target\":{\"@type\":\"EntryPoint\",\"urlTemplate\":\"https:\/\/beauty-company-weyhe.de\/?s={search_term_string}\"},\"query-input\":{\"@type\":\"PropertyValueSpecification\",\"valueRequired\":true,\"valueName\":\"search_term_string\"}}],\"inLanguage\":\"de\"},{\"@type\":\"Organization\",\"@id\":\"https:\/\/beauty-company-weyhe.de\/#organization\",\"name\":\"Beauty Company Weyhe\",\"url\":\"https:\/\/beauty-company-weyhe.de\/\",\"logo\":{\"@type\":\"ImageObject\",\"inLanguage\":\"de\",\"@id\":\"https:\/\/beauty-company-weyhe.de\/#\/schema\/logo\/image\/\",\"url\":\"https:\/\/beauty-company-weyhe.de\/wp-content\/uploads\/2016\/07\/cropped-BCW_Facebook_2.png\",\"contentUrl\":\"https:\/\/beauty-company-weyhe.de\/wp-content\/uploads\/2016\/07\/cropped-BCW_Facebook_2.png\",\"width\":512,\"height\":512,\"caption\":\"Beauty Company Weyhe\"},\"image\":{\"@id\":\"https:\/\/beauty-company-weyhe.de\/#\/schema\/logo\/image\/\"},\"sameAs\":[\"https:\/\/www.facebook.com\/beautycompanyweyhe\/\"]}]}<\/script>\n<!-- \/ Yoast SEO plugin. -->","yoast_head_json":{"title":"Hydrafacial - Beauty Company Weyhe","robots":{"index":"index","follow":"follow","max-snippet":"max-snippet:-1","max-image-preview":"max-image-preview:large","max-video-preview":"max-video-preview:-1"},"canonical":"https:\/\/beauty-company-weyhe.de\/index.php\/hydrafacial\/","og_locale":"de_DE","og_type":"article","og_title":"Hydrafacial - Beauty Company Weyhe","og_description":"Der Booster f\u00fcr die Haut Hydrafacial ist eine innovative Gesichtsbehandlung, welche der Haut ihren nat\u00fcrlichen Glow zur\u00fcckgibt. Durch das L\u00f6sen von abgestorbenen und verklebten Hornsch\u00fcppchen der oberen Epidermisschicht kann die Haut hochwertige Booster mit ihren Wirkstoffen wieder aufnehmen. Antioxidanzien, Hyalurons\u00e4ure und Peptide verleihen der Haut ein ebenm\u00e4\u00dfigeres und j\u00fcngeres Aussehen mit einem sch\u00f6nen frischen Teint [&hellip;]","og_url":"https:\/\/beauty-company-weyhe.de\/index.php\/hydrafacial\/","og_site_name":"Beauty Company Weyhe","article_publisher":"https:\/\/www.facebook.com\/beautycompanyweyhe\/","article_modified_time":"2024-10-18T18:17:57+00:00","og_image":[{"width":1440,"height":900,"url":"https:\/\/beauty-company-weyhe.de\/wp-content\/uploads\/2022\/04\/Hydrafacial.jpg","type":"image\/jpeg"}],"twitter_card":"summary_large_image","twitter_misc":{"Gesch\u00e4tzte Lesezeit":"3\u00a0Minuten"},"schema":{"@context":"https:\/\/schema.org","@graph":[{"@type":"WebPage","@id":"https:\/\/beauty-company-weyhe.de\/index.php\/hydrafacial\/","url":"https:\/\/beauty-company-weyhe.de\/index.php\/hydrafacial\/","name":"Hydrafacial - Beauty Company Weyhe","isPartOf":{"@id":"https:\/\/beauty-company-weyhe.de\/#website"},"primaryImageOfPage":{"@id":"https:\/\/beauty-company-weyhe.de\/index.php\/hydrafacial\/#primaryimage"},"image":{"@id":"https:\/\/beauty-company-weyhe.de\/index.php\/hydrafacial\/#primaryimage"},"thumbnailUrl":"https:\/\/beauty-company-weyhe.de\/wp-content\/uploads\/2022\/04\/Hydrafacial-550x344.jpg","datePublished":"2022-04-18T09:46:00+00:00","dateModified":"2024-10-18T18:17:57+00:00","breadcrumb":{"@id":"https:\/\/beauty-company-weyhe.de\/index.php\/hydrafacial\/#breadcrumb"},"inLanguage":"de","potentialAction":[{"@type":"ReadAction","target":["https:\/\/beauty-company-weyhe.de\/index.php\/hydrafacial\/"]}]},{"@type":"ImageObject","inLanguage":"de","@id":"https:\/\/beauty-company-weyhe.de\/index.php\/hydrafacial\/#primaryimage","url":"https:\/\/beauty-company-weyhe.de\/wp-content\/uploads\/2022\/04\/Hydrafacial.jpg","contentUrl":"https:\/\/beauty-company-weyhe.de\/wp-content\/uploads\/2022\/04\/Hydrafacial.jpg","width":1440,"height":900},{"@type":"BreadcrumbList","@id":"https:\/\/beauty-company-weyhe.de\/index.php\/hydrafacial\/#breadcrumb","itemListElement":[{"@type":"ListItem","position":1,"name":"Startseite","item":"https:\/\/beauty-company-weyhe.de\/"},{"@type":"ListItem","position":2,"name":"Hydrafacial"}]},{"@type":"WebSite","@id":"https:\/\/beauty-company-weyhe.de\/#website","url":"https:\/\/beauty-company-weyhe.de\/","name":"Beauty Company Weyhe","description":"Ob Falten, unreine Haut oder Narbengewebe, die intensive Pflege, Heilung und Gesunderhaltung Ihrer Haut ist unser Spezialgebiet.","publisher":{"@id":"https:\/\/beauty-company-weyhe.de\/#organization"},"potentialAction":[{"@type":"SearchAction","target":{"@type":"EntryPoint","urlTemplate":"https:\/\/beauty-company-weyhe.de\/?s={search_term_string}"},"query-input":{"@type":"PropertyValueSpecification","valueRequired":true,"valueName":"search_term_string"}}],"inLanguage":"de"},{"@type":"Organization","@id":"https:\/\/beauty-company-weyhe.de\/#organization","name":"Beauty Company Weyhe","url":"https:\/\/beauty-company-weyhe.de\/","logo":{"@type":"ImageObject","inLanguage":"de","@id":"https:\/\/beauty-company-weyhe.de\/#\/schema\/logo\/image\/","url":"https:\/\/beauty-company-weyhe.de\/wp-content\/uploads\/2016\/07\/cropped-BCW_Facebook_2.png","contentUrl":"https:\/\/beauty-company-weyhe.de\/wp-content\/uploads\/2016\/07\/cropped-BCW_Facebook_2.png","width":512,"height":512,"caption":"Beauty Company Weyhe"},"image":{"@id":"https:\/\/beauty-company-weyhe.de\/#\/schema\/logo\/image\/"},"sameAs":["https:\/\/www.facebook.com\/beautycompanyweyhe\/"]}]}},"jetpack_sharing_enabled":true,"jetpack_shortlink":"https:\/\/wp.me\/P6t8sO-mu","_links":{"self":[{"href":"https:\/\/beauty-company-weyhe.de\/index.php\/wp-json\/wp\/v2\/pages\/1394","targetHints":{"allow":["GET"]}}],"collection":[{"href":"https:\/\/beauty-company-weyhe.de\/index.php\/wp-json\/wp\/v2\/pages"}],"about":[{"href":"https:\/\/beauty-company-weyhe.de\/index.php\/wp-json\/wp\/v2\/types\/page"}],"author":[{"embeddable":true,"href":"https:\/\/beauty-company-weyhe.de\/index.php\/wp-json\/wp\/v2\/users\/1"}],"replies":[{"embeddable":true,"href":"https:\/\/beauty-company-weyhe.de\/index.php\/wp-json\/wp\/v2\/comments?post=1394"}],"version-history":[{"count":16,"href":"https:\/\/beauty-company-weyhe.de\/index.php\/wp-json\/wp\/v2\/pages\/1394\/revisions"}],"predecessor-version":[{"id":1409,"href":"https:\/\/beauty-company-weyhe.de\/index.php\/wp-json\/wp\/v2\/pages\/1394\/revisions\/1409"}],"wp:attachment":[{"href":"https:\/\/beauty-company-weyhe.de\/index.php\/wp-json\/wp\/v2\/media?parent=1394"}],"curies":[{"name":"wp","href":"https:\/\/api.w.org\/{rel}","templated":true}]}}