{"id":15,"date":"2015-07-13T21:00:41","date_gmt":"2015-07-13T19:00:41","guid":{"rendered":"http:\/\/beauty-company-weyhe.de.w0136ebd.kasserver.com\/?page_id=15"},"modified":"2022-05-13T20:30:23","modified_gmt":"2022-05-13T18:30:23","slug":"behandlungen","status":"publish","type":"page","link":"https:\/\/beauty-company-weyhe.de\/index.php\/behandlungen\/","title":{"rendered":"Behandlungen"},"content":{"rendered":"<p><strong><span style=\"color: #08c;\">Aktive Hautreinigung<\/span><\/strong><\/p>\n<p>Bei der aktiven Hautreinigung wird Ihr Gesicht durch eine sanfte und reinigende Massage von jeglichen Unreinheiten befreit. Dabei wird das L\u00f6sen von Kittsubstanzen zwischen den Hautzellen unterst\u00fctzt&#8230; <a href=\"https:\/\/beauty-company-weyhe.de\/index.php\/aktive-hautreinigung\/\"><strong>zur Seite<\/strong><\/a><\/p>\n<p><strong><span style=\"color: #08c;\">Hydrafacial<\/span><\/strong><\/p>\n<p>Hydrafacial ist eine innovative Gesichtsbehandlung, welche der Haut ihren nat\u00fcrlichen Glow zur\u00fcckgibt. Durch das L\u00f6sen von abgestorbenen und verklebten Hornsch\u00fcppchen, der oberen Epidermisschicht&#8230; <a href=\"https:\/\/beauty-company-weyhe.de\/index.php\/hydrafacial\/\/\"><strong>zur Seite<\/strong><\/a><\/p>\n<p><strong><span style=\"color: #08c;\">Micro Needling<\/span><\/strong><\/p>\n<p>Durch falsche Ern\u00e4hrung, Stress und vor allem durch die st\u00e4rker gewordenen negativen Umwelteinfl\u00fcsse wird unser Hautbild immer anf\u00e4lliger. Viele Menschen greifen zu teuren Kosmetika, um dem entgegenzuwirken&#8230; <a href=\"https:\/\/beauty-company-weyhe.de\/index.php\/micro-needling\/\"><strong>zur Seite<\/strong><\/a><\/p>\n<p><strong><span style=\"color: #08c;\">Diamant-Microdermabrasion<\/span><\/strong><\/p>\n<p>Die Diamant-Microdermabrasion ist ein hochwirksames Verfahren der Hauterneuerung, bei der die oberste Hautschicht mithilfe eines speziellen Ger\u00e4tes sanft abgetragen wird. Unser Ger\u00e4t verf\u00fcgt \u00fcber lasergeschliffene, hypoallergene Diamantaufs\u00e4tze, mit der Ihre Haut zu einer Zellneubildung angeregt wird&#8230; <a href=\"https:\/\/beauty-company-weyhe.de\/index.php\/diamant-microdermabrasion\/\"><strong>zur Seite<\/strong><\/a><\/p>\n<p><strong><span style=\"color: #08c;\">Narbenbehandlung<\/span><\/strong><\/p>\n<p>Kleinere oder gr\u00f6\u00dfere Verletzungen sind mehr oder minder allt\u00e4glich. Sie geschehen durch Unf\u00e4lle, Operationen, Verbrennungen oder Unachtsamkeiten. Aus jeder der erlittenen Wunden kann eine st\u00f6rende Narbe werden&#8230; <a href=\"https:\/\/beauty-company-weyhe.de\/index.php\/narbenbehandlung\/\"><strong>zur Seite<\/strong><\/a><\/p>\n<p><strong><span style=\"color: #08c;\">IMAGE Skincare<\/span><\/strong><\/p>\n<p>MAGE Skincare ist eins der f\u00fchrenden Unternehmen im Bereich der professionellen Kosmetik und bietet Ihnen verschiedene Behandlungen und Peelings, die individuell auf Ihren Hauttyp angepasst werden&#8230; <a href=\"https:\/\/beauty-company-weyhe.de\/index.php\/fruchtsaeurebehandlung\/\"><strong>zur Seite<\/strong><\/a><\/p>\n<p><strong><span style=\"color: #08c;\">Men&#8217;s World<\/span><\/strong><\/p>\n<p>Die M\u00e4nnerhaut ist im Erscheinungsbild gro\u00dfporiger und weist h\u00e4ufig vermehrt Trockenheit durch Rasur und Mikroverletzungen auf. Ein erh\u00f6htes Empfindlichkeits und Entz\u00fcndungsgef\u00fchl f\u00fchlt sich dadurch unangenehm und st\u00f6rend an&#8230; <a href=\"https:\/\/beauty-company-weyhe.de\/index.php\/mens-world\/\"><strong>zur Seite<\/strong><\/a><\/p>\n<p><strong><span style=\"color: #08c;\">Wimpernverl\u00e4ngerung<\/span><\/strong><\/p>\n<p>Nat\u00fcrlich sch\u00f6ne Wimpern f\u00fcr permanente Wimpernverl\u00e4ngerung oder Verdichtung. Unsere, aus synthetischer Faser hergestellten Wimpern, garantieren ein nat\u00fcrliches Aussehen und angenehmes Tragegef\u00fchl&#8230; <a href=\"https:\/\/beauty-company-weyhe.de\/index.php\/wimpernverlaengerung\/\"><strong>zur Seite<\/strong><\/a><\/p>\n<p><strong><span style=\"color: #08c;\">Wimpernlifting<\/span><\/strong><\/p>\n<p>Es handelt sich hierbei um eine innovative Alternative zu einer Wimpernverl\u00e4ngerung mit Extension, bei der Sie vollst\u00e4ndig auf k\u00fcnstliche Wimpern verzichten k\u00f6nnen&#8230; <a href=\"https:\/\/beauty-company-weyhe.de\/index.php\/wimpernlifting\/\"><strong>zur Seite<\/strong><\/a><\/p>\n","protected":false},"excerpt":{"rendered":"<p>Aktive Hautreinigung Bei der aktiven Hautreinigung wird Ihr Gesicht durch eine sanfte und reinigende Massage von jeglichen Unreinheiten befreit. Dabei wird das L\u00f6sen von Kittsubstanzen zwischen den Hautzellen unterst\u00fctzt&#8230; zur Seite Hydrafacial Hydrafacial ist eine innovative Gesichtsbehandlung, welche der Haut ihren nat\u00fcrlichen Glow zur\u00fcckgibt. Durch das L\u00f6sen von abgestorbenen und verklebten Hornsch\u00fcppchen, der oberen Epidermisschicht&#8230; [&hellip;]<\/p>\n","protected":false},"author":1,"featured_media":678,"parent":0,"menu_order":0,"comment_status":"closed","ping_status":"closed","template":"","meta":{"jetpack_post_was_ever_published":false,"footnotes":""},"class_list":["post-15","page","type-page","status-publish","has-post-thumbnail","czr-hentry"],"yoast_head":"<!-- This site is optimized with the Yoast SEO plugin v27.0 - https:\/\/yoast.com\/product\/yoast-seo-wordpress\/ -->\n<title>Behandlungen - Beauty Company Weyhe<\/title>\n<meta name=\"robots\" content=\"index, follow, max-snippet:-1, max-image-preview:large, max-video-preview:-1\" \/>\n<link rel=\"canonical\" href=\"https:\/\/beauty-company-weyhe.de\/index.php\/behandlungen\/\" \/>\n<meta property=\"og:locale\" content=\"de_DE\" \/>\n<meta property=\"og:type\" content=\"article\" \/>\n<meta property=\"og:title\" content=\"Behandlungen - Beauty Company Weyhe\" \/>\n<meta property=\"og:description\" content=\"Aktive Hautreinigung Bei der aktiven Hautreinigung wird Ihr Gesicht durch eine sanfte und reinigende Massage von jeglichen Unreinheiten befreit. Dabei wird das L\u00f6sen von Kittsubstanzen zwischen den Hautzellen unterst\u00fctzt&#8230; zur Seite Hydrafacial Hydrafacial ist eine innovative Gesichtsbehandlung, welche der Haut ihren nat\u00fcrlichen Glow zur\u00fcckgibt. Durch das L\u00f6sen von abgestorbenen und verklebten Hornsch\u00fcppchen, der oberen Epidermisschicht&#8230; [&hellip;]\" \/>\n<meta property=\"og:url\" content=\"https:\/\/beauty-company-weyhe.de\/index.php\/behandlungen\/\" \/>\n<meta property=\"og:site_name\" content=\"Beauty Company Weyhe\" \/>\n<meta property=\"article:publisher\" content=\"https:\/\/www.facebook.com\/beautycompanyweyhe\/\" \/>\n<meta property=\"article:modified_time\" content=\"2022-05-13T18:30:23+00:00\" \/>\n<meta property=\"og:image\" content=\"https:\/\/beauty-company-weyhe.de\/wp-content\/uploads\/2016\/08\/Behandlungen_Titelbild.jpg\" \/>\n\t<meta property=\"og:image:width\" content=\"500\" \/>\n\t<meta property=\"og:image:height\" content=\"500\" \/>\n\t<meta property=\"og:image:type\" content=\"image\/jpeg\" \/>\n<meta name=\"twitter:card\" content=\"summary_large_image\" \/>\n<meta name=\"twitter:label1\" content=\"Gesch\u00e4tzte Lesezeit\" \/>\n\t<meta name=\"twitter:data1\" content=\"2\u00a0Minuten\" \/>\n<script type=\"application\/ld+json\" class=\"yoast-schema-graph\">{\"@context\":\"https:\/\/schema.org\",\"@graph\":[{\"@type\":\"WebPage\",\"@id\":\"https:\/\/beauty-company-weyhe.de\/index.php\/behandlungen\/\",\"url\":\"https:\/\/beauty-company-weyhe.de\/index.php\/behandlungen\/\",\"name\":\"Behandlungen - Beauty Company Weyhe\",\"isPartOf\":{\"@id\":\"https:\/\/beauty-company-weyhe.de\/#website\"},\"primaryImageOfPage\":{\"@id\":\"https:\/\/beauty-company-weyhe.de\/index.php\/behandlungen\/#primaryimage\"},\"image\":{\"@id\":\"https:\/\/beauty-company-weyhe.de\/index.php\/behandlungen\/#primaryimage\"},\"thumbnailUrl\":\"https:\/\/beauty-company-weyhe.de\/wp-content\/uploads\/2016\/08\/Behandlungen_Titelbild.jpg\",\"datePublished\":\"2015-07-13T19:00:41+00:00\",\"dateModified\":\"2022-05-13T18:30:23+00:00\",\"breadcrumb\":{\"@id\":\"https:\/\/beauty-company-weyhe.de\/index.php\/behandlungen\/#breadcrumb\"},\"inLanguage\":\"de\",\"potentialAction\":[{\"@type\":\"ReadAction\",\"target\":[\"https:\/\/beauty-company-weyhe.de\/index.php\/behandlungen\/\"]}]},{\"@type\":\"ImageObject\",\"inLanguage\":\"de\",\"@id\":\"https:\/\/beauty-company-weyhe.de\/index.php\/behandlungen\/#primaryimage\",\"url\":\"https:\/\/beauty-company-weyhe.de\/wp-content\/uploads\/2016\/08\/Behandlungen_Titelbild.jpg\",\"contentUrl\":\"https:\/\/beauty-company-weyhe.de\/wp-content\/uploads\/2016\/08\/Behandlungen_Titelbild.jpg\",\"width\":500,\"height\":500},{\"@type\":\"BreadcrumbList\",\"@id\":\"https:\/\/beauty-company-weyhe.de\/index.php\/behandlungen\/#breadcrumb\",\"itemListElement\":[{\"@type\":\"ListItem\",\"position\":1,\"name\":\"Startseite\",\"item\":\"https:\/\/beauty-company-weyhe.de\/\"},{\"@type\":\"ListItem\",\"position\":2,\"name\":\"Behandlungen\"}]},{\"@type\":\"WebSite\",\"@id\":\"https:\/\/beauty-company-weyhe.de\/#website\",\"url\":\"https:\/\/beauty-company-weyhe.de\/\",\"name\":\"Beauty Company Weyhe\",\"description\":\"Ob Falten, unreine Haut oder Narbengewebe, die intensive Pflege, Heilung und Gesunderhaltung Ihrer Haut ist unser Spezialgebiet.\",\"publisher\":{\"@id\":\"https:\/\/beauty-company-weyhe.de\/#organization\"},\"potentialAction\":[{\"@type\":\"SearchAction\",\"target\":{\"@type\":\"EntryPoint\",\"urlTemplate\":\"https:\/\/beauty-company-weyhe.de\/?s={search_term_string}\"},\"query-input\":{\"@type\":\"PropertyValueSpecification\",\"valueRequired\":true,\"valueName\":\"search_term_string\"}}],\"inLanguage\":\"de\"},{\"@type\":\"Organization\",\"@id\":\"https:\/\/beauty-company-weyhe.de\/#organization\",\"name\":\"Beauty Company Weyhe\",\"url\":\"https:\/\/beauty-company-weyhe.de\/\",\"logo\":{\"@type\":\"ImageObject\",\"inLanguage\":\"de\",\"@id\":\"https:\/\/beauty-company-weyhe.de\/#\/schema\/logo\/image\/\",\"url\":\"https:\/\/beauty-company-weyhe.de\/wp-content\/uploads\/2016\/07\/cropped-BCW_Facebook_2.png\",\"contentUrl\":\"https:\/\/beauty-company-weyhe.de\/wp-content\/uploads\/2016\/07\/cropped-BCW_Facebook_2.png\",\"width\":512,\"height\":512,\"caption\":\"Beauty Company Weyhe\"},\"image\":{\"@id\":\"https:\/\/beauty-company-weyhe.de\/#\/schema\/logo\/image\/\"},\"sameAs\":[\"https:\/\/www.facebook.com\/beautycompanyweyhe\/\"]}]}<\/script>\n<!-- \/ Yoast SEO plugin. -->","yoast_head_json":{"title":"Behandlungen - Beauty Company Weyhe","robots":{"index":"index","follow":"follow","max-snippet":"max-snippet:-1","max-image-preview":"max-image-preview:large","max-video-preview":"max-video-preview:-1"},"canonical":"https:\/\/beauty-company-weyhe.de\/index.php\/behandlungen\/","og_locale":"de_DE","og_type":"article","og_title":"Behandlungen - Beauty Company Weyhe","og_description":"Aktive Hautreinigung Bei der aktiven Hautreinigung wird Ihr Gesicht durch eine sanfte und reinigende Massage von jeglichen Unreinheiten befreit. Dabei wird das L\u00f6sen von Kittsubstanzen zwischen den Hautzellen unterst\u00fctzt&#8230; zur Seite Hydrafacial Hydrafacial ist eine innovative Gesichtsbehandlung, welche der Haut ihren nat\u00fcrlichen Glow zur\u00fcckgibt. Durch das L\u00f6sen von abgestorbenen und verklebten Hornsch\u00fcppchen, der oberen Epidermisschicht&#8230; [&hellip;]","og_url":"https:\/\/beauty-company-weyhe.de\/index.php\/behandlungen\/","og_site_name":"Beauty Company Weyhe","article_publisher":"https:\/\/www.facebook.com\/beautycompanyweyhe\/","article_modified_time":"2022-05-13T18:30:23+00:00","og_image":[{"width":500,"height":500,"url":"https:\/\/beauty-company-weyhe.de\/wp-content\/uploads\/2016\/08\/Behandlungen_Titelbild.jpg","type":"image\/jpeg"}],"twitter_card":"summary_large_image","twitter_misc":{"Gesch\u00e4tzte Lesezeit":"2\u00a0Minuten"},"schema":{"@context":"https:\/\/schema.org","@graph":[{"@type":"WebPage","@id":"https:\/\/beauty-company-weyhe.de\/index.php\/behandlungen\/","url":"https:\/\/beauty-company-weyhe.de\/index.php\/behandlungen\/","name":"Behandlungen - Beauty Company Weyhe","isPartOf":{"@id":"https:\/\/beauty-company-weyhe.de\/#website"},"primaryImageOfPage":{"@id":"https:\/\/beauty-company-weyhe.de\/index.php\/behandlungen\/#primaryimage"},"image":{"@id":"https:\/\/beauty-company-weyhe.de\/index.php\/behandlungen\/#primaryimage"},"thumbnailUrl":"https:\/\/beauty-company-weyhe.de\/wp-content\/uploads\/2016\/08\/Behandlungen_Titelbild.jpg","datePublished":"2015-07-13T19:00:41+00:00","dateModified":"2022-05-13T18:30:23+00:00","breadcrumb":{"@id":"https:\/\/beauty-company-weyhe.de\/index.php\/behandlungen\/#breadcrumb"},"inLanguage":"de","potentialAction":[{"@type":"ReadAction","target":["https:\/\/beauty-company-weyhe.de\/index.php\/behandlungen\/"]}]},{"@type":"ImageObject","inLanguage":"de","@id":"https:\/\/beauty-company-weyhe.de\/index.php\/behandlungen\/#primaryimage","url":"https:\/\/beauty-company-weyhe.de\/wp-content\/uploads\/2016\/08\/Behandlungen_Titelbild.jpg","contentUrl":"https:\/\/beauty-company-weyhe.de\/wp-content\/uploads\/2016\/08\/Behandlungen_Titelbild.jpg","width":500,"height":500},{"@type":"BreadcrumbList","@id":"https:\/\/beauty-company-weyhe.de\/index.php\/behandlungen\/#breadcrumb","itemListElement":[{"@type":"ListItem","position":1,"name":"Startseite","item":"https:\/\/beauty-company-weyhe.de\/"},{"@type":"ListItem","position":2,"name":"Behandlungen"}]},{"@type":"WebSite","@id":"https:\/\/beauty-company-weyhe.de\/#website","url":"https:\/\/beauty-company-weyhe.de\/","name":"Beauty Company Weyhe","description":"Ob Falten, unreine Haut oder Narbengewebe, die intensive Pflege, Heilung und Gesunderhaltung Ihrer Haut ist unser Spezialgebiet.","publisher":{"@id":"https:\/\/beauty-company-weyhe.de\/#organization"},"potentialAction":[{"@type":"SearchAction","target":{"@type":"EntryPoint","urlTemplate":"https:\/\/beauty-company-weyhe.de\/?s={search_term_string}"},"query-input":{"@type":"PropertyValueSpecification","valueRequired":true,"valueName":"search_term_string"}}],"inLanguage":"de"},{"@type":"Organization","@id":"https:\/\/beauty-company-weyhe.de\/#organization","name":"Beauty Company Weyhe","url":"https:\/\/beauty-company-weyhe.de\/","logo":{"@type":"ImageObject","inLanguage":"de","@id":"https:\/\/beauty-company-weyhe.de\/#\/schema\/logo\/image\/","url":"https:\/\/beauty-company-weyhe.de\/wp-content\/uploads\/2016\/07\/cropped-BCW_Facebook_2.png","contentUrl":"https:\/\/beauty-company-weyhe.de\/wp-content\/uploads\/2016\/07\/cropped-BCW_Facebook_2.png","width":512,"height":512,"caption":"Beauty Company Weyhe"},"image":{"@id":"https:\/\/beauty-company-weyhe.de\/#\/schema\/logo\/image\/"},"sameAs":["https:\/\/www.facebook.com\/beautycompanyweyhe\/"]}]}},"jetpack_sharing_enabled":true,"jetpack_shortlink":"https:\/\/wp.me\/P6t8sO-f","_links":{"self":[{"href":"https:\/\/beauty-company-weyhe.de\/index.php\/wp-json\/wp\/v2\/pages\/15","targetHints":{"allow":["GET"]}}],"collection":[{"href":"https:\/\/beauty-company-weyhe.de\/index.php\/wp-json\/wp\/v2\/pages"}],"about":[{"href":"https:\/\/beauty-company-weyhe.de\/index.php\/wp-json\/wp\/v2\/types\/page"}],"author":[{"embeddable":true,"href":"https:\/\/beauty-company-weyhe.de\/index.php\/wp-json\/wp\/v2\/users\/1"}],"replies":[{"embeddable":true,"href":"https:\/\/beauty-company-weyhe.de\/index.php\/wp-json\/wp\/v2\/comments?post=15"}],"version-history":[{"count":27,"href":"https:\/\/beauty-company-weyhe.de\/index.php\/wp-json\/wp\/v2\/pages\/15\/revisions"}],"predecessor-version":[{"id":1425,"href":"https:\/\/beauty-company-weyhe.de\/index.php\/wp-json\/wp\/v2\/pages\/15\/revisions\/1425"}],"wp:featuredmedia":[{"embeddable":true,"href":"https:\/\/beauty-company-weyhe.de\/index.php\/wp-json\/wp\/v2\/media\/678"}],"wp:attachment":[{"href":"https:\/\/beauty-company-weyhe.de\/index.php\/wp-json\/wp\/v2\/media?parent=15"}],"curies":[{"name":"wp","href":"https:\/\/api.w.org\/{rel}","templated":true}]}}