{"id":1530,"date":"2024-06-04T14:41:57","date_gmt":"2024-06-04T12:41:57","guid":{"rendered":"https:\/\/beauty-company-weyhe.de\/?page_id=1530"},"modified":"2024-06-12T15:12:59","modified_gmt":"2024-06-12T13:12:59","slug":"liposana3","status":"publish","type":"page","link":"https:\/\/beauty-company-weyhe.de\/index.php\/liposana3\/","title":{"rendered":"Liposana3"},"content":{"rendered":"<h2 style=\"text-align: center;\">Liposana3<\/h2>\n<p style=\"text-align: center;\"><em>Weltweit einmalig.<\/em><\/p>\n<p>&nbsp;<\/p>\n<h4>Frequenzen in einem patentierten System<\/h4>\n<p>1. Die Frequenz aktiviert das Lymphsystem, den Filter des K\u00f6rpers. Knapp 600 Lymphpunkte werden stimuliert und somit kann der K\u00f6rper die angesammelten Gifte wieder aus dem K\u00f6rper abtransportieren und entgiften. \u00dcber Urin, Stuhlgang, Poren der Haut und die Atmung.<\/p>\n<p>2. Die Frequenz des Ultraschalles erw\u00e4rmt die Fettzelle und macht sie durchl\u00e4ssig. Die Fettzelle ist die M\u00fclltonne des K\u00f6rpers und sammelt alles an Giften an wie Medikamenten\u00fcberreste, Schwermetalle usw. Die Fettzelle kann somit bei jeder Behandlung st\u00fcckchenweise entleert werden. Umfang wird gemindert. K\u00f6rper wird entgiftet. Haut wird durch den Ultraschall zus\u00e4tzlich gegl\u00e4ttet und gestrafft<br \/>\nGleichzeitig wird der Stoffwechsel wieder aktiviert, Stuhlgangprobleme, Schlafst\u00f6rungen dadurch minimiert.<\/p>\n<p>3. Die Frequenz der neuromuskul\u00e4ren Stimulation f\u00f6rdert den Muskelaufbau in verschiedenen Muskelschichten, vor allem die Tiefenmuskulatur. Harninkontinenz wird durch den Aufbau der Beckenbodenmuskulatur behoben. Bandscheibenproblematiken k\u00f6nnen behoben werden, da die Tiefenmuskulatur der Bandscheibe wieder Halt gibt.<\/p>\n<p>Hinzu kommt die neueste Technologie der low level Laser.<\/p>\n<p>Die Symbiose aller patentierter Frequenzen, die gleichzeitig durch die Ultraschallplatten flie\u00dfen, ergeben unseren Erfolg.<br \/>\nBei Lip\u00f6demen, Reiterhose, Lymphproblemen, Cellulite, Schwangerschaftsstreifen, Harninkontinenz, Bandscheibenvorf\u00e4llen, Aktivierung des Stoffwechsels, Fibromyalgie, und angesammelten hartn\u00e4ckigen Fettdepots ebenfalls im Gesichtsbereich uvm.<\/p>\n<p>&nbsp;<\/p>\n<h4><strong>Ultraschall<\/strong><\/h4>\n<p>Zahlreiche Studien belegen: Ultraschall wirkt positiv auf den Organismus. Die Kombination von W\u00e4rme und sanftem Druck stimuliert das Gewebe &#8211; wie bei einer intensiven Mikromassage (mechanische Wirkung). Diese sorgt f\u00fcr mehr Elastin und Kollagen und strafft Haut und Bindegewebe. Die W\u00e4rme (thermische Wirkung) erweitert Gef\u00e4\u00dfe, f\u00f6rdert die Durchblutung und kurbelt den Zellstoffwechsel an. Zusammen mit der nat\u00fcrlichen Entschlackung des Gewebes und aktiviertem Lymphfluss regeneriert und revitalisiert das die Haut. Besonders wichtig etwa bei Akne: W\u00e4rme- und Massagewirkung verschieben den pH-Wert (chemische Wirkung) und mindern Entz\u00fcndungen. Das Gesamtergebnis: Ultraschall gl\u00e4ttet F\u00e4ltchen, verfeinert Poren und erfrischt die Haut. Mit der Straffung des Bindegewebes reduziert er sichtbar Cellulite. Bei Narben wird die Haut wieder glatt und geschmeidig. Alles in allem sorgt Ultraschall f\u00fcr sch\u00f6ne regenerierte Haut.<\/p>\n<p>In der Medizin hat sich die heilende Wirkung von Ultraschall l\u00e4ngst bew\u00e4hrt. Seit rund zehn Jahren wird er zur Therapie von Knochenbr\u00fcchen eingesetzt. Stagnierende Heilung kommt in Schwung, Br\u00fcche heilen bis zu 40 Prozent schneller. \u00c4hnlich ist es bei Entz\u00fcndungen. Somit war es nur eine Frage der Zeit, dessen Wirkungen f\u00fcr die moderne Kosmetik zu nutzen.<\/p>\n<div class=\"wc-gallery\"><div id='gallery-1' data-gutter-width='5' data-columns='2' class='gallery wc-gallery-captions-hide gallery-link-none gallery-masonry galleryid-1530 gallery-columns-2 gallery-size-wcsquare wc-gallery-bottomspace-default wc-gallery-clear'><div class='gallery-item gallery-item-position-1 gallery-item-attachment-1541'>\n\t\t\t\t<div class='gallery-icon portrait'>\n\t\t\t\t\t<img loading=\"lazy\" decoding=\"async\" width=\"300\" height=\"300\" src=\"https:\/\/beauty-company-weyhe.de\/wp-content\/uploads\/2024\/06\/WhatsApp-Image-2024-06-03-at-17.10.48-300x300.jpeg\" class=\"attachment-wcsquare size-wcsquare no-lazy\" alt=\"\" srcset=\"https:\/\/beauty-company-weyhe.de\/wp-content\/uploads\/2024\/06\/WhatsApp-Image-2024-06-03-at-17.10.48-300x300.jpeg 300w, https:\/\/beauty-company-weyhe.de\/wp-content\/uploads\/2024\/06\/WhatsApp-Image-2024-06-03-at-17.10.48-150x150.jpeg 150w, https:\/\/beauty-company-weyhe.de\/wp-content\/uploads\/2024\/06\/WhatsApp-Image-2024-06-03-at-17.10.48-48x48.jpeg 48w\" sizes=\"auto, (max-width: 300px) 100vw, 300px\" \/>\n\t\t\t\t<\/div><\/div><div class='gallery-item gallery-item-position-2 gallery-item-attachment-1542'>\n\t\t\t\t<div class='gallery-icon portrait'>\n\t\t\t\t\t<img loading=\"lazy\" decoding=\"async\" width=\"300\" height=\"300\" src=\"https:\/\/beauty-company-weyhe.de\/wp-content\/uploads\/2024\/06\/WhatsApp-Image-2024-06-03-at-17.10.46-300x300.jpeg\" class=\"attachment-wcsquare size-wcsquare no-lazy\" alt=\"\" srcset=\"https:\/\/beauty-company-weyhe.de\/wp-content\/uploads\/2024\/06\/WhatsApp-Image-2024-06-03-at-17.10.46-300x300.jpeg 300w, https:\/\/beauty-company-weyhe.de\/wp-content\/uploads\/2024\/06\/WhatsApp-Image-2024-06-03-at-17.10.46-150x150.jpeg 150w, https:\/\/beauty-company-weyhe.de\/wp-content\/uploads\/2024\/06\/WhatsApp-Image-2024-06-03-at-17.10.46-48x48.jpeg 48w\" sizes=\"auto, (max-width: 300px) 100vw, 300px\" \/>\n\t\t\t\t<\/div><\/div><\/div>\n<\/div>\n<h4><strong>Neuromuskul\u00e4re Elektrostimulation<\/strong><\/h4>\n<p>Muskeln reagieren normalerweise auf elektrische Impulse, die \u00fcber Nerven vom Gehirn zum Muskel gesendet werden. Nach Verletzungen und Operationen kann es zu Defiziten bei der Ansteuerung von Muskeln kommen. In diesem Fall ist es hilfreich, die Muskulatur \u00fcber elektrische Impulse von au\u00dfen zu stimulieren. Hierzu werden Klebeelektroden auf die jeweiligen Muskeln aufgeklebt und \u00fcber elektrische Impulse eine Kontraktion (Zusammenziehen) des Muskels bewirkt. Dies hilft, die Ansteuerung der Muskulatur zu verbessern.<\/p>\n<p>Aber nicht nur die Ansteuerung der Muskeln kann verbessert werden, auch Muskelatrophien (Verringerung der Muskelmasse) k\u00f6nnen mit Elektrostimulation reduziert werden. Nach Verletzungen und Operationen kommt es n\u00e4mlich meist sehr rasch zu einer Verringerung der Muskelmasse, da die Muskeln nicht in ihrer gewohnten Art und Weise belastet werden. Die Stimulation der Muskeln wirkt dieser Atrophie entgegen. Dies hat den angenehmen Effekt, dass sp\u00e4ter weniger Muskelmasse m\u00fchsam auftrainiert werden muss.<\/p>\n<p>Weitere Einsatzgebiete der Elektrotherapie sind die Entspannung von Muskeln, die Durchblutungssteigerung und die Linderung von Schmerzen mit speziell daf\u00fcr entwickelten Stromformen.<\/p>\n<p>Die Neuro-Elektrische Stimulation ein Verfahren, bei dem die Aussch\u00fcttung von Neurotransmittern oder Botenstoffen im Gehirn mittels leichten Stroms beeinflusst wird. Somit setzt sie genauso wie Psychopharmaka, an den Nervenzellen an, beeinflusst die Produktion der Neurotransmitter und die Aktivit\u00e4t der Rezeptoren, welche diese abgeben und aufnehmen. Die NES wirkt also \u00e4hnlich wie zum Beispiel Antidepressiva, weist dabei aber wenig bis keine Nebenwirkungen auf.<\/p>\n<p>Inspiriert vom NES-Verfahren und angelehnt an dessen wissenschaftlichen Ergebnissen und Erkenntnissen, haben wir als erstes deutsches Unternehmen den NES-Energy entwickelt.<\/p>\n<p>&nbsp;<\/p>\n<h4>Zweckbestimmung<\/h4>\n<p>Das NES-Energy ist ein elektro-taktiles Stimulationssystem, vergleichbar mit der Wirkungsweise einer elektrischen Akkupunktur bzw. Massage. Die Stimulation kann sich z.B. bei folgenden Anwendungsbereichen, meist innerhalb weniger Tage, positiv auswirken:<\/p>\n<ul>\n<li>\u2060Ersch\u00f6pfungszust\u00e4nde<\/li>\n<li>Antriebsarmut<\/li>\n<li>Vitalisierung von K\u00f6rper und Geist<\/li>\n<li>K\u00f6rperliche Entspannung<\/li>\n<li>\u2060Schlafst\u00f6rung &#8211; kann sich positiv auf Schlafdauer- und Qualit\u00e4t auswirken<\/li>\n<li>Angstzust\u00e4nde<\/li>\n<li>Linderung von Schmerzen und Migr\u00e4ne<\/li>\n<li>Verbesserung auf der mental \u2013 psychischen Ebene<\/li>\n<li>Positives Denken<\/li>\n<li>Bessere Verarbeitung depressiver Verstimmung<\/li>\n<li>Unterst\u00fctzt Suchtbew\u00e4ltigung<\/li>\n<li>Reduktion geistiger Anspannung<\/li>\n<li>Innere Unruhe<\/li>\n<li>Stimmungsschwankungen<\/li>\n<\/ul>\n<p>&nbsp;<\/p>\n<h2 style=\"text-align: center;\">Liposana3 Face<\/h2>\n<p>&nbsp;<\/p>\n<p>Die Hautstraffung durch Muskelaufbau ist aber nicht nur am K\u00f6rper m\u00f6glich, sondern ebenso effektiv im Bereich der Gesichtsmuskulatur. Im Gesichtsbereich liegen die Muskeln direkt unter der Haut. Geht hier Muskelmasse verloren, zeigen sich die Auswirkungen auf den ersten Blick.<\/p>\n<p>Das Gesicht verliert an Straffheit, die Gesichtskonturen sind nicht mehr geformt und die Haut wirkt faltig und gealtert. Die EMS-Methode (Elektro-Muskul\u00e4re-Stimulation) ist seit den 60er Jahren ein erfolgreiches und st\u00e4ndig weiterentwickeltes Konzept:<br \/>\nSie sendet angenehme Impulse durch die Haut, die die Nerven an der zu behandelnden Stelle stimulieren. Durch diese Impulse mit niedriger Frequenz werden unter der Haut liegende Nerven angeregt und somit die Muskeln sanft stimuliert. Die Muskeln sind nicht in der Lage zu unterscheiden, ob der Impuls vom Gehirn oder von den auf der Haut angebrachten Elektroden des EMS-Ger\u00e4ts stammt. Die Muskeln reagieren wie gewohnt auf den Reiz, spannen sich an und entspannen sich wieder, wenn dieser Reiz nicht mehr gegeben ist. Durch die Elektro-Muskul\u00e4re-Stimulation l\u00e4sst sich die nat\u00fcrliche Muskelkontraktion nachahmen.<br \/>\nDiese wirkungsvolle Methode l\u00e4sst die Haut straff und geliftet erscheinen. Ausserdem wird die Mikrozirkulation der Haut gef\u00f6rdert, der Lymphfluss angeregt und die Muskelpartien in Gesicht, Hals und Dekollet\u00e9 gestrafft.<\/p>\n<p>&nbsp;<\/p>\n<p><strong>Was bewirkt die Elektro-Muskul\u00e4re-Stimulation?<\/strong><\/p>\n<ul>\n<li>Gl\u00e4ttung<\/li>\n<li>Straffung<\/li>\n<li>Aufpolsterung<\/li>\n<li>Anhebung der Gesichtskonturen<\/li>\n<li>Anregung der Mikrozirkulation<\/li>\n<li>Entschlackung und Entkrampfung verspannter Muskelpartien Festeres Hautgewebe Milderung von Falten<\/li>\n<\/ul>\n<p>&nbsp;<\/p>\n<p><strong>Was kann ich mit der Behandlung erreichen?<\/strong><\/p>\n<ul>\n<li>Schnell sichtbare und nachhaltige Ergebnisse<\/li>\n<li>J\u00fcnger aussehende und prallere Haut<\/li>\n<li>Strafferes Gewebe<\/li>\n<li>Muskelkr\u00e4ftigung<\/li>\n<\/ul>\n<p>&nbsp;<\/p>\n<p>Gerne beraten wir Sie in einem pers\u00f6nlichen Gespr\u00e4ch.<\/p>\n<hr \/>\n<p><img loading=\"lazy\" decoding=\"async\" class=\"alignleft size-thumbnail wp-image-472\" src=\"https:\/\/beauty-company-weyhe.de\/wp-content\/uploads\/2015\/07\/jessica_team-150x150.png\" alt=\"jessica_team\" width=\"150\" height=\"150\" srcset=\"https:\/\/beauty-company-weyhe.de\/wp-content\/uploads\/2015\/07\/jessica_team-150x150.png 150w, https:\/\/beauty-company-weyhe.de\/wp-content\/uploads\/2015\/07\/jessica_team.png 200w\" sizes=\"auto, (max-width: 150px) 100vw, 150px\" \/><br \/>\n<strong>Ihre Ansprechpartnerin:<\/strong><br \/>\nJessica Ryberg<\/p>\n<p><a href=\"mailto:info@beauty-company-weyhe.de\">info@beauty-company-weyhe.de<\/a><\/p>\n","protected":false},"excerpt":{"rendered":"<p>Liposana3 Weltweit einmalig. &nbsp; Frequenzen in einem patentierten System 1. Die Frequenz aktiviert das Lymphsystem, den Filter des K\u00f6rpers. Knapp 600 Lymphpunkte werden stimuliert und somit kann der K\u00f6rper die angesammelten Gifte wieder aus dem K\u00f6rper abtransportieren und entgiften. \u00dcber Urin, Stuhlgang, Poren der Haut und die Atmung. 2. Die Frequenz des Ultraschalles erw\u00e4rmt die [&hellip;]<\/p>\n","protected":false},"author":1,"featured_media":0,"parent":0,"menu_order":0,"comment_status":"closed","ping_status":"closed","template":"","meta":{"jetpack_post_was_ever_published":false,"footnotes":""},"class_list":["post-1530","page","type-page","status-publish","czr-hentry"],"yoast_head":"<!-- This site is optimized with the Yoast SEO plugin v27.0 - https:\/\/yoast.com\/product\/yoast-seo-wordpress\/ -->\n<title>Liposana3 - Beauty Company Weyhe<\/title>\n<meta name=\"robots\" content=\"index, follow, max-snippet:-1, max-image-preview:large, max-video-preview:-1\" \/>\n<link rel=\"canonical\" href=\"https:\/\/beauty-company-weyhe.de\/index.php\/liposana3\/\" \/>\n<meta property=\"og:locale\" content=\"de_DE\" \/>\n<meta property=\"og:type\" content=\"article\" \/>\n<meta property=\"og:title\" content=\"Liposana3 - Beauty Company Weyhe\" \/>\n<meta property=\"og:description\" content=\"Liposana3 Weltweit einmalig. &nbsp; Frequenzen in einem patentierten System 1. Die Frequenz aktiviert das Lymphsystem, den Filter des K\u00f6rpers. Knapp 600 Lymphpunkte werden stimuliert und somit kann der K\u00f6rper die angesammelten Gifte wieder aus dem K\u00f6rper abtransportieren und entgiften. \u00dcber Urin, Stuhlgang, Poren der Haut und die Atmung. 2. Die Frequenz des Ultraschalles erw\u00e4rmt die [&hellip;]\" \/>\n<meta property=\"og:url\" content=\"https:\/\/beauty-company-weyhe.de\/index.php\/liposana3\/\" \/>\n<meta property=\"og:site_name\" content=\"Beauty Company Weyhe\" \/>\n<meta property=\"article:publisher\" content=\"https:\/\/www.facebook.com\/beautycompanyweyhe\/\" \/>\n<meta property=\"article:modified_time\" content=\"2024-06-12T13:12:59+00:00\" \/>\n<meta property=\"og:image\" content=\"https:\/\/beauty-company-weyhe.de\/wp-content\/uploads\/2024\/06\/WhatsApp-Image-2024-06-03-at-17.10.48-300x300.jpeg\" \/>\n<meta name=\"twitter:card\" content=\"summary_large_image\" \/>\n<meta name=\"twitter:label1\" content=\"Gesch\u00e4tzte Lesezeit\" \/>\n\t<meta name=\"twitter:data1\" content=\"6\u00a0Minuten\" \/>\n<script type=\"application\/ld+json\" class=\"yoast-schema-graph\">{\"@context\":\"https:\/\/schema.org\",\"@graph\":[{\"@type\":\"WebPage\",\"@id\":\"https:\/\/beauty-company-weyhe.de\/index.php\/liposana3\/\",\"url\":\"https:\/\/beauty-company-weyhe.de\/index.php\/liposana3\/\",\"name\":\"Liposana3 - Beauty Company Weyhe\",\"isPartOf\":{\"@id\":\"https:\/\/beauty-company-weyhe.de\/#website\"},\"primaryImageOfPage\":{\"@id\":\"https:\/\/beauty-company-weyhe.de\/index.php\/liposana3\/#primaryimage\"},\"image\":{\"@id\":\"https:\/\/beauty-company-weyhe.de\/index.php\/liposana3\/#primaryimage\"},\"thumbnailUrl\":\"https:\/\/beauty-company-weyhe.de\/wp-content\/uploads\/2015\/07\/jessica_team-150x150.png\",\"datePublished\":\"2024-06-04T12:41:57+00:00\",\"dateModified\":\"2024-06-12T13:12:59+00:00\",\"breadcrumb\":{\"@id\":\"https:\/\/beauty-company-weyhe.de\/index.php\/liposana3\/#breadcrumb\"},\"inLanguage\":\"de\",\"potentialAction\":[{\"@type\":\"ReadAction\",\"target\":[\"https:\/\/beauty-company-weyhe.de\/index.php\/liposana3\/\"]}]},{\"@type\":\"ImageObject\",\"inLanguage\":\"de\",\"@id\":\"https:\/\/beauty-company-weyhe.de\/index.php\/liposana3\/#primaryimage\",\"url\":\"https:\/\/beauty-company-weyhe.de\/wp-content\/uploads\/2015\/07\/jessica_team.png\",\"contentUrl\":\"https:\/\/beauty-company-weyhe.de\/wp-content\/uploads\/2015\/07\/jessica_team.png\",\"width\":200,\"height\":200},{\"@type\":\"BreadcrumbList\",\"@id\":\"https:\/\/beauty-company-weyhe.de\/index.php\/liposana3\/#breadcrumb\",\"itemListElement\":[{\"@type\":\"ListItem\",\"position\":1,\"name\":\"Startseite\",\"item\":\"https:\/\/beauty-company-weyhe.de\/\"},{\"@type\":\"ListItem\",\"position\":2,\"name\":\"Liposana3\"}]},{\"@type\":\"WebSite\",\"@id\":\"https:\/\/beauty-company-weyhe.de\/#website\",\"url\":\"https:\/\/beauty-company-weyhe.de\/\",\"name\":\"Beauty Company Weyhe\",\"description\":\"Ob Falten, unreine Haut oder Narbengewebe, die intensive Pflege, Heilung und Gesunderhaltung Ihrer Haut ist unser Spezialgebiet.\",\"publisher\":{\"@id\":\"https:\/\/beauty-company-weyhe.de\/#organization\"},\"potentialAction\":[{\"@type\":\"SearchAction\",\"target\":{\"@type\":\"EntryPoint\",\"urlTemplate\":\"https:\/\/beauty-company-weyhe.de\/?s={search_term_string}\"},\"query-input\":{\"@type\":\"PropertyValueSpecification\",\"valueRequired\":true,\"valueName\":\"search_term_string\"}}],\"inLanguage\":\"de\"},{\"@type\":\"Organization\",\"@id\":\"https:\/\/beauty-company-weyhe.de\/#organization\",\"name\":\"Beauty Company Weyhe\",\"url\":\"https:\/\/beauty-company-weyhe.de\/\",\"logo\":{\"@type\":\"ImageObject\",\"inLanguage\":\"de\",\"@id\":\"https:\/\/beauty-company-weyhe.de\/#\/schema\/logo\/image\/\",\"url\":\"https:\/\/beauty-company-weyhe.de\/wp-content\/uploads\/2016\/07\/cropped-BCW_Facebook_2.png\",\"contentUrl\":\"https:\/\/beauty-company-weyhe.de\/wp-content\/uploads\/2016\/07\/cropped-BCW_Facebook_2.png\",\"width\":512,\"height\":512,\"caption\":\"Beauty Company Weyhe\"},\"image\":{\"@id\":\"https:\/\/beauty-company-weyhe.de\/#\/schema\/logo\/image\/\"},\"sameAs\":[\"https:\/\/www.facebook.com\/beautycompanyweyhe\/\"]}]}<\/script>\n<!-- \/ Yoast SEO plugin. -->","yoast_head_json":{"title":"Liposana3 - Beauty Company Weyhe","robots":{"index":"index","follow":"follow","max-snippet":"max-snippet:-1","max-image-preview":"max-image-preview:large","max-video-preview":"max-video-preview:-1"},"canonical":"https:\/\/beauty-company-weyhe.de\/index.php\/liposana3\/","og_locale":"de_DE","og_type":"article","og_title":"Liposana3 - Beauty Company Weyhe","og_description":"Liposana3 Weltweit einmalig. &nbsp; Frequenzen in einem patentierten System 1. Die Frequenz aktiviert das Lymphsystem, den Filter des K\u00f6rpers. Knapp 600 Lymphpunkte werden stimuliert und somit kann der K\u00f6rper die angesammelten Gifte wieder aus dem K\u00f6rper abtransportieren und entgiften. \u00dcber Urin, Stuhlgang, Poren der Haut und die Atmung. 2. Die Frequenz des Ultraschalles erw\u00e4rmt die [&hellip;]","og_url":"https:\/\/beauty-company-weyhe.de\/index.php\/liposana3\/","og_site_name":"Beauty Company Weyhe","article_publisher":"https:\/\/www.facebook.com\/beautycompanyweyhe\/","article_modified_time":"2024-06-12T13:12:59+00:00","og_image":[{"url":"https:\/\/beauty-company-weyhe.de\/wp-content\/uploads\/2024\/06\/WhatsApp-Image-2024-06-03-at-17.10.48-300x300.jpeg","type":"","width":"","height":""}],"twitter_card":"summary_large_image","twitter_misc":{"Gesch\u00e4tzte Lesezeit":"6\u00a0Minuten"},"schema":{"@context":"https:\/\/schema.org","@graph":[{"@type":"WebPage","@id":"https:\/\/beauty-company-weyhe.de\/index.php\/liposana3\/","url":"https:\/\/beauty-company-weyhe.de\/index.php\/liposana3\/","name":"Liposana3 - Beauty Company Weyhe","isPartOf":{"@id":"https:\/\/beauty-company-weyhe.de\/#website"},"primaryImageOfPage":{"@id":"https:\/\/beauty-company-weyhe.de\/index.php\/liposana3\/#primaryimage"},"image":{"@id":"https:\/\/beauty-company-weyhe.de\/index.php\/liposana3\/#primaryimage"},"thumbnailUrl":"https:\/\/beauty-company-weyhe.de\/wp-content\/uploads\/2015\/07\/jessica_team-150x150.png","datePublished":"2024-06-04T12:41:57+00:00","dateModified":"2024-06-12T13:12:59+00:00","breadcrumb":{"@id":"https:\/\/beauty-company-weyhe.de\/index.php\/liposana3\/#breadcrumb"},"inLanguage":"de","potentialAction":[{"@type":"ReadAction","target":["https:\/\/beauty-company-weyhe.de\/index.php\/liposana3\/"]}]},{"@type":"ImageObject","inLanguage":"de","@id":"https:\/\/beauty-company-weyhe.de\/index.php\/liposana3\/#primaryimage","url":"https:\/\/beauty-company-weyhe.de\/wp-content\/uploads\/2015\/07\/jessica_team.png","contentUrl":"https:\/\/beauty-company-weyhe.de\/wp-content\/uploads\/2015\/07\/jessica_team.png","width":200,"height":200},{"@type":"BreadcrumbList","@id":"https:\/\/beauty-company-weyhe.de\/index.php\/liposana3\/#breadcrumb","itemListElement":[{"@type":"ListItem","position":1,"name":"Startseite","item":"https:\/\/beauty-company-weyhe.de\/"},{"@type":"ListItem","position":2,"name":"Liposana3"}]},{"@type":"WebSite","@id":"https:\/\/beauty-company-weyhe.de\/#website","url":"https:\/\/beauty-company-weyhe.de\/","name":"Beauty Company Weyhe","description":"Ob Falten, unreine Haut oder Narbengewebe, die intensive Pflege, Heilung und Gesunderhaltung Ihrer Haut ist unser Spezialgebiet.","publisher":{"@id":"https:\/\/beauty-company-weyhe.de\/#organization"},"potentialAction":[{"@type":"SearchAction","target":{"@type":"EntryPoint","urlTemplate":"https:\/\/beauty-company-weyhe.de\/?s={search_term_string}"},"query-input":{"@type":"PropertyValueSpecification","valueRequired":true,"valueName":"search_term_string"}}],"inLanguage":"de"},{"@type":"Organization","@id":"https:\/\/beauty-company-weyhe.de\/#organization","name":"Beauty Company Weyhe","url":"https:\/\/beauty-company-weyhe.de\/","logo":{"@type":"ImageObject","inLanguage":"de","@id":"https:\/\/beauty-company-weyhe.de\/#\/schema\/logo\/image\/","url":"https:\/\/beauty-company-weyhe.de\/wp-content\/uploads\/2016\/07\/cropped-BCW_Facebook_2.png","contentUrl":"https:\/\/beauty-company-weyhe.de\/wp-content\/uploads\/2016\/07\/cropped-BCW_Facebook_2.png","width":512,"height":512,"caption":"Beauty Company Weyhe"},"image":{"@id":"https:\/\/beauty-company-weyhe.de\/#\/schema\/logo\/image\/"},"sameAs":["https:\/\/www.facebook.com\/beautycompanyweyhe\/"]}]}},"jetpack_sharing_enabled":true,"jetpack_shortlink":"https:\/\/wp.me\/P6t8sO-oG","_links":{"self":[{"href":"https:\/\/beauty-company-weyhe.de\/index.php\/wp-json\/wp\/v2\/pages\/1530","targetHints":{"allow":["GET"]}}],"collection":[{"href":"https:\/\/beauty-company-weyhe.de\/index.php\/wp-json\/wp\/v2\/pages"}],"about":[{"href":"https:\/\/beauty-company-weyhe.de\/index.php\/wp-json\/wp\/v2\/types\/page"}],"author":[{"embeddable":true,"href":"https:\/\/beauty-company-weyhe.de\/index.php\/wp-json\/wp\/v2\/users\/1"}],"replies":[{"embeddable":true,"href":"https:\/\/beauty-company-weyhe.de\/index.php\/wp-json\/wp\/v2\/comments?post=1530"}],"version-history":[{"count":10,"href":"https:\/\/beauty-company-weyhe.de\/index.php\/wp-json\/wp\/v2\/pages\/1530\/revisions"}],"predecessor-version":[{"id":1568,"href":"https:\/\/beauty-company-weyhe.de\/index.php\/wp-json\/wp\/v2\/pages\/1530\/revisions\/1568"}],"wp:attachment":[{"href":"https:\/\/beauty-company-weyhe.de\/index.php\/wp-json\/wp\/v2\/media?parent=1530"}],"curies":[{"name":"wp","href":"https:\/\/api.w.org\/{rel}","templated":true}]}}