{"id":1637,"date":"2025-12-05T16:26:26","date_gmt":"2025-12-05T15:26:26","guid":{"rendered":"https:\/\/beauty-company-weyhe.de\/?page_id=1637"},"modified":"2025-12-05T16:26:26","modified_gmt":"2025-12-05T15:26:26","slug":"entspannungsbehandlung-silence","status":"publish","type":"page","link":"https:\/\/beauty-company-weyhe.de\/index.php\/entspannungsbehandlung-silence\/","title":{"rendered":"Entspannungsbehandlung \u2013 SILENCE"},"content":{"rendered":"<h2 style=\"text-align: center;\">SILENCE \u2013 Die Signature-Entspannungsbehandlung der Beauty Company Weyhe<\/h2>\n<p>&nbsp;<\/p>\n<p style=\"text-align: center;\"><em>Ein Moment nur f\u00fcr dich.<\/em><br \/>\n<em>Ein Raum f\u00fcr Ruhe.<\/em><br \/>\n<em>Eine Behandlung, die Stille sp\u00fcrbar macht \u2013 innen und au\u00dfen.<\/em><\/p>\n<p>&nbsp;<\/p>\n<p>Was dich erwartet:<br \/>\n\u2022\u2060 \u2060sanfte, ruhige Ber\u00fchrungen<br \/>\n\u2022\u2060 \u2060warmes Licht &amp; geborgene Atmosph\u00e4re<br \/>\n\u2022\u2060 \u2060Entspannung, die das Nervensystem beruhigt<br \/>\n\u2022\u2060 \u2060Loslassen, Ankommen, Durchatmen<br \/>\n\u2022\u2060 \u2060eine Auszeit vom Alltag<\/p>\n<p>F\u00fcr wen geeignet:<br \/>\nF\u00fcr alle, die Ruhe suchen, Stress abbauen m\u00f6chten oder wieder mehr in ihre Mitte kommen wollen.<\/p>\n<p>Dauer &amp; Preis:<br \/>\n60 Minuten \u2013 79 \u20ac<\/p>\n<p><a href=\"https:\/\/www.studiobookr.com\/beauty-company-weyhe-42547\">Jetzt Termin buchen!<\/a><\/p>\n<hr \/>\n<p><img loading=\"lazy\" decoding=\"async\" class=\"alignleft size-thumbnail wp-image-472\" src=\"https:\/\/beauty-company-weyhe.de\/wp-content\/uploads\/2015\/07\/jessica_team-150x150.png\" alt=\"jessica_team\" width=\"150\" height=\"150\" srcset=\"https:\/\/beauty-company-weyhe.de\/wp-content\/uploads\/2015\/07\/jessica_team-150x150.png 150w, https:\/\/beauty-company-weyhe.de\/wp-content\/uploads\/2015\/07\/jessica_team.png 200w\" sizes=\"auto, (max-width: 150px) 100vw, 150px\" \/><br \/>\n<strong>Ihre Ansprechpartnerin:<\/strong><br \/>\nJessica Ryberg<\/p>\n<p><a href=\"mailto:info@beauty-company-weyhe.de\">info@beauty-company-weyhe.de<\/a><\/p>\n","protected":false},"excerpt":{"rendered":"<p>SILENCE \u2013 Die Signature-Entspannungsbehandlung der Beauty Company Weyhe &nbsp; Ein Moment nur f\u00fcr dich. Ein Raum f\u00fcr Ruhe. Eine Behandlung, die Stille sp\u00fcrbar macht \u2013 innen und au\u00dfen. &nbsp; Was dich erwartet: \u2022\u2060 \u2060sanfte, ruhige Ber\u00fchrungen \u2022\u2060 \u2060warmes Licht &amp; geborgene Atmosph\u00e4re \u2022\u2060 \u2060Entspannung, die das Nervensystem beruhigt \u2022\u2060 \u2060Loslassen, Ankommen, Durchatmen \u2022\u2060 \u2060eine Auszeit [&hellip;]<\/p>\n","protected":false},"author":1,"featured_media":0,"parent":0,"menu_order":0,"comment_status":"closed","ping_status":"closed","template":"","meta":{"jetpack_post_was_ever_published":false,"footnotes":""},"class_list":["post-1637","page","type-page","status-publish","czr-hentry"],"yoast_head":"<!-- This site is optimized with the Yoast SEO plugin v27.0 - https:\/\/yoast.com\/product\/yoast-seo-wordpress\/ -->\n<title>Entspannungsbehandlung \u2013 SILENCE - Beauty Company Weyhe<\/title>\n<meta name=\"robots\" content=\"index, follow, max-snippet:-1, max-image-preview:large, max-video-preview:-1\" \/>\n<link rel=\"canonical\" href=\"https:\/\/beauty-company-weyhe.de\/index.php\/entspannungsbehandlung-silence\/\" \/>\n<meta property=\"og:locale\" content=\"de_DE\" \/>\n<meta property=\"og:type\" content=\"article\" \/>\n<meta property=\"og:title\" content=\"Entspannungsbehandlung \u2013 SILENCE - Beauty Company Weyhe\" \/>\n<meta property=\"og:description\" content=\"SILENCE \u2013 Die Signature-Entspannungsbehandlung der Beauty Company Weyhe &nbsp; Ein Moment nur f\u00fcr dich. Ein Raum f\u00fcr Ruhe. Eine Behandlung, die Stille sp\u00fcrbar macht \u2013 innen und au\u00dfen. &nbsp; Was dich erwartet: \u2022\u2060 \u2060sanfte, ruhige Ber\u00fchrungen \u2022\u2060 \u2060warmes Licht &amp; geborgene Atmosph\u00e4re \u2022\u2060 \u2060Entspannung, die das Nervensystem beruhigt \u2022\u2060 \u2060Loslassen, Ankommen, Durchatmen \u2022\u2060 \u2060eine Auszeit [&hellip;]\" \/>\n<meta property=\"og:url\" content=\"https:\/\/beauty-company-weyhe.de\/index.php\/entspannungsbehandlung-silence\/\" \/>\n<meta property=\"og:site_name\" content=\"Beauty Company Weyhe\" \/>\n<meta property=\"article:publisher\" content=\"https:\/\/www.facebook.com\/beautycompanyweyhe\/\" \/>\n<meta property=\"og:image\" content=\"https:\/\/beauty-company-weyhe.de\/wp-content\/uploads\/2015\/07\/jessica_team.png\" \/>\n\t<meta property=\"og:image:width\" content=\"200\" \/>\n\t<meta property=\"og:image:height\" content=\"200\" \/>\n\t<meta property=\"og:image:type\" content=\"image\/png\" \/>\n<meta name=\"twitter:card\" content=\"summary_large_image\" \/>\n<meta name=\"twitter:label1\" content=\"Gesch\u00e4tzte Lesezeit\" \/>\n\t<meta name=\"twitter:data1\" content=\"1\u00a0Minute\" \/>\n<script type=\"application\/ld+json\" class=\"yoast-schema-graph\">{\"@context\":\"https:\/\/schema.org\",\"@graph\":[{\"@type\":\"WebPage\",\"@id\":\"https:\/\/beauty-company-weyhe.de\/index.php\/entspannungsbehandlung-silence\/\",\"url\":\"https:\/\/beauty-company-weyhe.de\/index.php\/entspannungsbehandlung-silence\/\",\"name\":\"Entspannungsbehandlung \u2013 SILENCE - Beauty Company Weyhe\",\"isPartOf\":{\"@id\":\"https:\/\/beauty-company-weyhe.de\/#website\"},\"primaryImageOfPage\":{\"@id\":\"https:\/\/beauty-company-weyhe.de\/index.php\/entspannungsbehandlung-silence\/#primaryimage\"},\"image\":{\"@id\":\"https:\/\/beauty-company-weyhe.de\/index.php\/entspannungsbehandlung-silence\/#primaryimage\"},\"thumbnailUrl\":\"https:\/\/beauty-company-weyhe.de\/wp-content\/uploads\/2015\/07\/jessica_team-150x150.png\",\"datePublished\":\"2025-12-05T15:26:26+00:00\",\"breadcrumb\":{\"@id\":\"https:\/\/beauty-company-weyhe.de\/index.php\/entspannungsbehandlung-silence\/#breadcrumb\"},\"inLanguage\":\"de\",\"potentialAction\":[{\"@type\":\"ReadAction\",\"target\":[\"https:\/\/beauty-company-weyhe.de\/index.php\/entspannungsbehandlung-silence\/\"]}]},{\"@type\":\"ImageObject\",\"inLanguage\":\"de\",\"@id\":\"https:\/\/beauty-company-weyhe.de\/index.php\/entspannungsbehandlung-silence\/#primaryimage\",\"url\":\"https:\/\/beauty-company-weyhe.de\/wp-content\/uploads\/2015\/07\/jessica_team.png\",\"contentUrl\":\"https:\/\/beauty-company-weyhe.de\/wp-content\/uploads\/2015\/07\/jessica_team.png\",\"width\":200,\"height\":200},{\"@type\":\"BreadcrumbList\",\"@id\":\"https:\/\/beauty-company-weyhe.de\/index.php\/entspannungsbehandlung-silence\/#breadcrumb\",\"itemListElement\":[{\"@type\":\"ListItem\",\"position\":1,\"name\":\"Startseite\",\"item\":\"https:\/\/beauty-company-weyhe.de\/\"},{\"@type\":\"ListItem\",\"position\":2,\"name\":\"Entspannungsbehandlung \u2013 SILENCE\"}]},{\"@type\":\"WebSite\",\"@id\":\"https:\/\/beauty-company-weyhe.de\/#website\",\"url\":\"https:\/\/beauty-company-weyhe.de\/\",\"name\":\"Beauty Company Weyhe\",\"description\":\"Ob Falten, unreine Haut oder Narbengewebe, die intensive Pflege, Heilung und Gesunderhaltung Ihrer Haut ist unser Spezialgebiet.\",\"publisher\":{\"@id\":\"https:\/\/beauty-company-weyhe.de\/#organization\"},\"potentialAction\":[{\"@type\":\"SearchAction\",\"target\":{\"@type\":\"EntryPoint\",\"urlTemplate\":\"https:\/\/beauty-company-weyhe.de\/?s={search_term_string}\"},\"query-input\":{\"@type\":\"PropertyValueSpecification\",\"valueRequired\":true,\"valueName\":\"search_term_string\"}}],\"inLanguage\":\"de\"},{\"@type\":\"Organization\",\"@id\":\"https:\/\/beauty-company-weyhe.de\/#organization\",\"name\":\"Beauty Company Weyhe\",\"url\":\"https:\/\/beauty-company-weyhe.de\/\",\"logo\":{\"@type\":\"ImageObject\",\"inLanguage\":\"de\",\"@id\":\"https:\/\/beauty-company-weyhe.de\/#\/schema\/logo\/image\/\",\"url\":\"https:\/\/beauty-company-weyhe.de\/wp-content\/uploads\/2016\/07\/cropped-BCW_Facebook_2.png\",\"contentUrl\":\"https:\/\/beauty-company-weyhe.de\/wp-content\/uploads\/2016\/07\/cropped-BCW_Facebook_2.png\",\"width\":512,\"height\":512,\"caption\":\"Beauty Company Weyhe\"},\"image\":{\"@id\":\"https:\/\/beauty-company-weyhe.de\/#\/schema\/logo\/image\/\"},\"sameAs\":[\"https:\/\/www.facebook.com\/beautycompanyweyhe\/\"]}]}<\/script>\n<!-- \/ Yoast SEO plugin. -->","yoast_head_json":{"title":"Entspannungsbehandlung \u2013 SILENCE - Beauty Company Weyhe","robots":{"index":"index","follow":"follow","max-snippet":"max-snippet:-1","max-image-preview":"max-image-preview:large","max-video-preview":"max-video-preview:-1"},"canonical":"https:\/\/beauty-company-weyhe.de\/index.php\/entspannungsbehandlung-silence\/","og_locale":"de_DE","og_type":"article","og_title":"Entspannungsbehandlung \u2013 SILENCE - Beauty Company Weyhe","og_description":"SILENCE \u2013 Die Signature-Entspannungsbehandlung der Beauty Company Weyhe &nbsp; Ein Moment nur f\u00fcr dich. Ein Raum f\u00fcr Ruhe. Eine Behandlung, die Stille sp\u00fcrbar macht \u2013 innen und au\u00dfen. &nbsp; Was dich erwartet: \u2022\u2060 \u2060sanfte, ruhige Ber\u00fchrungen \u2022\u2060 \u2060warmes Licht &amp; geborgene Atmosph\u00e4re \u2022\u2060 \u2060Entspannung, die das Nervensystem beruhigt \u2022\u2060 \u2060Loslassen, Ankommen, Durchatmen \u2022\u2060 \u2060eine Auszeit [&hellip;]","og_url":"https:\/\/beauty-company-weyhe.de\/index.php\/entspannungsbehandlung-silence\/","og_site_name":"Beauty Company Weyhe","article_publisher":"https:\/\/www.facebook.com\/beautycompanyweyhe\/","og_image":[{"width":200,"height":200,"url":"https:\/\/beauty-company-weyhe.de\/wp-content\/uploads\/2015\/07\/jessica_team.png","type":"image\/png"}],"twitter_card":"summary_large_image","twitter_misc":{"Gesch\u00e4tzte Lesezeit":"1\u00a0Minute"},"schema":{"@context":"https:\/\/schema.org","@graph":[{"@type":"WebPage","@id":"https:\/\/beauty-company-weyhe.de\/index.php\/entspannungsbehandlung-silence\/","url":"https:\/\/beauty-company-weyhe.de\/index.php\/entspannungsbehandlung-silence\/","name":"Entspannungsbehandlung \u2013 SILENCE - Beauty Company Weyhe","isPartOf":{"@id":"https:\/\/beauty-company-weyhe.de\/#website"},"primaryImageOfPage":{"@id":"https:\/\/beauty-company-weyhe.de\/index.php\/entspannungsbehandlung-silence\/#primaryimage"},"image":{"@id":"https:\/\/beauty-company-weyhe.de\/index.php\/entspannungsbehandlung-silence\/#primaryimage"},"thumbnailUrl":"https:\/\/beauty-company-weyhe.de\/wp-content\/uploads\/2015\/07\/jessica_team-150x150.png","datePublished":"2025-12-05T15:26:26+00:00","breadcrumb":{"@id":"https:\/\/beauty-company-weyhe.de\/index.php\/entspannungsbehandlung-silence\/#breadcrumb"},"inLanguage":"de","potentialAction":[{"@type":"ReadAction","target":["https:\/\/beauty-company-weyhe.de\/index.php\/entspannungsbehandlung-silence\/"]}]},{"@type":"ImageObject","inLanguage":"de","@id":"https:\/\/beauty-company-weyhe.de\/index.php\/entspannungsbehandlung-silence\/#primaryimage","url":"https:\/\/beauty-company-weyhe.de\/wp-content\/uploads\/2015\/07\/jessica_team.png","contentUrl":"https:\/\/beauty-company-weyhe.de\/wp-content\/uploads\/2015\/07\/jessica_team.png","width":200,"height":200},{"@type":"BreadcrumbList","@id":"https:\/\/beauty-company-weyhe.de\/index.php\/entspannungsbehandlung-silence\/#breadcrumb","itemListElement":[{"@type":"ListItem","position":1,"name":"Startseite","item":"https:\/\/beauty-company-weyhe.de\/"},{"@type":"ListItem","position":2,"name":"Entspannungsbehandlung \u2013 SILENCE"}]},{"@type":"WebSite","@id":"https:\/\/beauty-company-weyhe.de\/#website","url":"https:\/\/beauty-company-weyhe.de\/","name":"Beauty Company Weyhe","description":"Ob Falten, unreine Haut oder Narbengewebe, die intensive Pflege, Heilung und Gesunderhaltung Ihrer Haut ist unser Spezialgebiet.","publisher":{"@id":"https:\/\/beauty-company-weyhe.de\/#organization"},"potentialAction":[{"@type":"SearchAction","target":{"@type":"EntryPoint","urlTemplate":"https:\/\/beauty-company-weyhe.de\/?s={search_term_string}"},"query-input":{"@type":"PropertyValueSpecification","valueRequired":true,"valueName":"search_term_string"}}],"inLanguage":"de"},{"@type":"Organization","@id":"https:\/\/beauty-company-weyhe.de\/#organization","name":"Beauty Company Weyhe","url":"https:\/\/beauty-company-weyhe.de\/","logo":{"@type":"ImageObject","inLanguage":"de","@id":"https:\/\/beauty-company-weyhe.de\/#\/schema\/logo\/image\/","url":"https:\/\/beauty-company-weyhe.de\/wp-content\/uploads\/2016\/07\/cropped-BCW_Facebook_2.png","contentUrl":"https:\/\/beauty-company-weyhe.de\/wp-content\/uploads\/2016\/07\/cropped-BCW_Facebook_2.png","width":512,"height":512,"caption":"Beauty Company Weyhe"},"image":{"@id":"https:\/\/beauty-company-weyhe.de\/#\/schema\/logo\/image\/"},"sameAs":["https:\/\/www.facebook.com\/beautycompanyweyhe\/"]}]}},"jetpack_sharing_enabled":false,"jetpack_shortlink":"https:\/\/wp.me\/P6t8sO-qp","_links":{"self":[{"href":"https:\/\/beauty-company-weyhe.de\/index.php\/wp-json\/wp\/v2\/pages\/1637","targetHints":{"allow":["GET"]}}],"collection":[{"href":"https:\/\/beauty-company-weyhe.de\/index.php\/wp-json\/wp\/v2\/pages"}],"about":[{"href":"https:\/\/beauty-company-weyhe.de\/index.php\/wp-json\/wp\/v2\/types\/page"}],"author":[{"embeddable":true,"href":"https:\/\/beauty-company-weyhe.de\/index.php\/wp-json\/wp\/v2\/users\/1"}],"replies":[{"embeddable":true,"href":"https:\/\/beauty-company-weyhe.de\/index.php\/wp-json\/wp\/v2\/comments?post=1637"}],"version-history":[{"count":2,"href":"https:\/\/beauty-company-weyhe.de\/index.php\/wp-json\/wp\/v2\/pages\/1637\/revisions"}],"predecessor-version":[{"id":1639,"href":"https:\/\/beauty-company-weyhe.de\/index.php\/wp-json\/wp\/v2\/pages\/1637\/revisions\/1639"}],"wp:attachment":[{"href":"https:\/\/beauty-company-weyhe.de\/index.php\/wp-json\/wp\/v2\/media?parent=1637"}],"curies":[{"name":"wp","href":"https:\/\/api.w.org\/{rel}","templated":true}]}}