{"id":22,"date":"2015-07-13T21:03:30","date_gmt":"2015-07-13T19:03:30","guid":{"rendered":"http:\/\/beauty-company-weyhe.de.w0136ebd.kasserver.com\/?page_id=22"},"modified":"2016-11-15T16:20:40","modified_gmt":"2016-11-15T15:20:40","slug":"micro-needling","status":"publish","type":"page","link":"https:\/\/beauty-company-weyhe.de\/index.php\/micro-needling\/","title":{"rendered":"Micro Needling"},"content":{"rendered":"<h4>Die Anspr\u00fcche der Kundin an ihr Kosmetikstudio steigen.<\/h4>\n<p>&nbsp;<br \/>\nDas neue Verfahren der perkutanen Kollageninduktion auch &#8222;Needling&#8220; genannt, entwickelte der plastische Chirurg Dr. Desmond Fernandes aus S\u00fcdafrika vor mehr als 15 Jahren. Und wie so viele Methoden hat auch das Needling schlie\u00dflich seinen Weg aus der Medizin in die Kosmetik gefunden.<br \/>\n&nbsp;<br \/>\n<strong>Was ist Needling?<\/strong><br \/>\n&nbsp;<br \/>\nDer Lifting Pen hat einen Behandlungskopf an dem sich sehr feine Mikronadeln mit einem speziellen Schliff befinden. Durch ein Kreisen\/Ziehen \u00fcber die Haut werden eine Vielzahl von kleinsten Verletzungen gesetzt, welche die Hautzellen stimulieren, aber nicht zerst\u00f6ren. Beim elektrischen Needle-Pen kann die Tiefe w\u00e4hrend der Behandlung ver\u00e4ndert werden. Die Mikronadeln vibrieren und vermitteln so ein niedriges Schmerzempfinden. Durch Ver\u00e4ndern der Geschwindigkeit des Stempels, k\u00f6nnen noch mehr Mikrokan\u00e4le in die Haut gebracht werden und damit eine noch bessere Penetration von Wirkstoffen erreicht werden. Es wird ein \u201eWundheilungs-Prozess\u201c ausgel\u00f6st, der die oberste Hautschicht verj\u00fcngt und die Fibroblasten stimuliert mehr Kollagen zu bilden, um dadurch das Bindegewebe zu verst\u00e4rken. Um diesen Effekt zu erzielen werden meist Wirkstoff-Cocktails w\u00e4hrend der Behandlung aufgetragen.<br \/>\n&nbsp;<br \/>\nDas Needling ist eine rein \u00e4sthetische Behandlung. Deshalb tr\u00e4gt die Krankenkasse keine Kosten.<br \/>\n&nbsp;<br \/>\n<div id=\"grid-gallery-1-16370\" data-gg-id=\"1\" data-title=\"Micro Needling\" data-grid-type=\"0\" data-offset=\"4.3\" data-area-position=\"center\" data-icons=\"\" data-preloader=\"\" data-width=\"215\" data-height=\"215\" data-padding=\"\" data-quicksand=\"disabled\" data-quicksand-duration=\"none\" data-popup-theme=\"theme_6\" data-popup-type=\"pretty-photo\" data-popup-image-text=\"title\" data-popup-widthsize=\"auto\" data-popup-heightsize=\"auto\" data-popup-i18n-words=\"{&quot;close&quot;:&quot;schlie\\u00dfen&quot;,&quot;next&quot;:&quot;n\\u00e4chste&quot;,&quot;previous&quot;:&quot;vorherige&quot;,&quot;start_slideshow&quot;:&quot;Starte Slideshow&quot;,&quot;stop_slideshow&quot;:&quot;Stoppe Slideshow&quot;,&quot;image&quot;:&quot;Bild&quot;,&quot;of&quot;:&quot;von&quot;,&quot;prev&quot;:&quot;vorherige&quot;,&quot;cExpand&quot;:&quot;Erweitere&quot;,&quot;cPrevious&quot;:&quot;Vorheriges&quot;,&quot;cNext&quot;:&quot;N\\u00e4chstes&quot;,&quot;cExpandStr&quot;:&quot;Erweitere Bild&quot;,&quot;cRotate&quot;:&quot;Rotate&quot;,&quot;cDetails&quot;:&quot;Details&quot;}\" data-popup-slideshow=\"0\" data-popup-slideshow-speed=\"2500\" data-popup-hoverstop=\"true\" data-popup-slideshow-auto=\"true\" data-popup-background=\"\" data-popup-transparency=\"30\" data-popup-disable-history=\"\" data-popup-disable-changed-url=\"\" data-popup-border-type=\"\" data-popup-border-color=\"\" data-popup-border-width=\"\" data-popup-border-enable=\"\" data-fullscreen=\"false\" data-hide-tooltip=\"\" data-caption-font-family=\"Abel\" data-caption-text-size=\"140\" data-is-mobile=\"0\" data-caption-mobile=\"false\" data-hide-long-tltp-title=\"0\" data-caption-disabled-on-mobile=\"false\" data-popup-placement-type=\"0\" data-social-sharing=\"{&quot;enabled&quot;:null,&quot;gallerySharing&quot;:{&quot;enabled&quot;:null,&quot;position&quot;:null},&quot;imageSharing&quot;:{&quot;enabled&quot;:null,&quot;wrapperClass&quot;:&quot; vertical &quot;},&quot;popupSharing&quot;:{&quot;enabled&quot;:null,&quot;wrapperClass&quot;:&quot; vertical &quot;}}\" class=\"grid-gallery grid-gallery-fixed \" style=\" width:100%; height:auto; margin-left:auto; margin-right:auto;position:relative;\"> <div class=\"gallery-loading\"> <div class=\"blocks\"> <div class=\"block\"><\/div> <div class=\"block\"><\/div> <div class=\"block\"><\/div> <div class=\"block\"><\/div> <\/div> <\/div> <div class=\"gallery-sharing-top\" style=\"display:none;\"> <\/div> <div id=\"photos-1\" class=\"grid-gallery-photos\"><FIGURE class=\"grid-gallery-caption\" data-grid-gallery-type=\"quarter-slide-up\" data-index=\"0\" style=\"display:none;border-radius:00;; margin:4.3px; width:2150;\" ><div class=\"crop\" style=\" width:2150; height:2150; overflow:hidden;\"><img decoding=\"async\" src=\"https:\/\/beauty-company-weyhe.de\/wp-content\/uploads\/2015\/07\/Normale_Applikation_01-215x215.jpg\" class=\"ggImg\" alt=\"Druck\" title=\"Druck\" data-description=\"Druck\" data-caption=\"Die Haut wird durch Umwelteinfl\u00fcssen gesch\u00e4digt (Rauchen, Stress, UV-Licht, Toxine).\" data-title=\"Druck\" style=\" width:215px; height:215px;\" \/><\/div><FIGCAPTION class=\"\" data-alpha=\"5\" style=\"color:#ffffff; background-color:#6f0000; font-size:140; text-align:left; font-family:Abel;\" ><div class=\"grid-gallery-figcaption-wrap\" style=\"\"><\/div><\/FIGCAPTION><\/FIGURE><FIGURE class=\"grid-gallery-caption\" data-grid-gallery-type=\"quarter-slide-up\" data-index=\"1\" style=\"display:none;border-radius:00;; margin:4.3px; width:2150;\" ><div class=\"crop\" style=\" width:2150; height:2150; overflow:hidden;\"><img decoding=\"async\" src=\"https:\/\/beauty-company-weyhe.de\/wp-content\/uploads\/2015\/07\/Normale_Applikation_02-215x215.jpg\" class=\"ggImg\" alt=\"Druck\" title=\"Druck\" data-description=\"Druck\" data-caption=\"Bei der koventionellen Kosmetik gibt es bis zu 99% keinen Effekt - die Molek\u00fcle sind zu gro\u00df.\" data-title=\"Druck\" style=\" width:215px; height:215px;\" \/><\/div><FIGCAPTION class=\"\" data-alpha=\"5\" style=\"color:#ffffff; background-color:#6f0000; font-size:140; text-align:left; font-family:Abel;\" ><div class=\"grid-gallery-figcaption-wrap\" style=\"\"><\/div><\/FIGCAPTION><\/FIGURE><FIGURE class=\"grid-gallery-caption\" data-grid-gallery-type=\"quarter-slide-up\" data-index=\"2\" style=\"display:none;border-radius:00;; margin:4.3px; width:2150;\" ><div class=\"crop\" style=\" width:2150; height:2150; overflow:hidden;\"><img decoding=\"async\" src=\"https:\/\/beauty-company-weyhe.de\/wp-content\/uploads\/2015\/07\/Normale_Applikation_03-215x215.jpg\" class=\"ggImg\" alt=\"Druck\" title=\"Druck\" data-description=\"Druck\" data-caption=\"Die Molek\u00fcle k\u00f6nnen nicht in die Haut eindringen. Die folgen sind weniger als 0,3% Effektivit\u00e4t.\" data-title=\"Druck\" style=\" width:215px; height:215px;\" \/><\/div><FIGCAPTION class=\"\" data-alpha=\"5\" style=\"color:#ffffff; background-color:#6f0000; font-size:140; text-align:left; font-family:Abel;\" ><div class=\"grid-gallery-figcaption-wrap\" style=\"\"><\/div><\/FIGCAPTION><\/FIGURE><FIGURE class=\"grid-gallery-caption\" data-grid-gallery-type=\"quarter-slide-up\" data-index=\"3\" style=\"display:none;border-radius:00;; margin:4.3px; width:2150;\" ><div class=\"crop\" style=\" width:2150; height:2150; overflow:hidden;\"><img decoding=\"async\" src=\"https:\/\/beauty-company-weyhe.de\/wp-content\/uploads\/2015\/08\/Needling_Applikation_01-215x215.jpg\" class=\"ggImg\" alt=\"Needling_Applikation_01\" title=\"Needling_Applikation_01\" data-description=\"Needling_Applikation_01\" data-caption=\"Micro-Penetrationskan\u00e4le werden in die Haut eingebracht.\" data-title=\"Needling_Applikation_01\" style=\" width:215px; height:215px;\" \/><\/div><FIGCAPTION class=\"\" data-alpha=\"5\" style=\"color:#ffffff; background-color:#6f0000; font-size:140; text-align:left; font-family:Abel;\" ><div class=\"grid-gallery-figcaption-wrap\" style=\"\"><\/div><\/FIGCAPTION><\/FIGURE><FIGURE class=\"grid-gallery-caption\" data-grid-gallery-type=\"quarter-slide-up\" data-index=\"4\" style=\"display:none;border-radius:00;; margin:4.3px; width:2150;\" ><div class=\"crop\" style=\" width:2150; height:2150; overflow:hidden;\"><img decoding=\"async\" src=\"https:\/\/beauty-company-weyhe.de\/wp-content\/uploads\/2015\/08\/Needling_Applikation_02-215x215.jpg\" class=\"ggImg\" alt=\"Needling_Applikation_02\" title=\"Needling_Applikation_02\" data-description=\"Needling_Applikation_02\" data-caption=\"Durch die Micro-Penetrationskan\u00e4le gelangen die Wirkstoffe tief in die Haut.\" data-title=\"Needling_Applikation_02\" style=\" width:215px; height:215px;\" \/><\/div><FIGCAPTION class=\"\" data-alpha=\"5\" style=\"color:#ffffff; background-color:#6f0000; font-size:140; text-align:left; font-family:Abel;\" ><div class=\"grid-gallery-figcaption-wrap\" style=\"\"><\/div><\/FIGCAPTION><\/FIGURE><FIGURE class=\"grid-gallery-caption\" data-grid-gallery-type=\"quarter-slide-up\" data-index=\"5\" style=\"display:none;border-radius:00;; margin:4.3px; width:2150;\" ><div class=\"crop\" style=\" width:2150; height:2150; overflow:hidden;\"><img decoding=\"async\" src=\"https:\/\/beauty-company-weyhe.de\/wp-content\/uploads\/2015\/07\/Needling_Applikation_03-215x215.jpg\" class=\"ggImg\" alt=\"Needling_Applikation_02\" title=\"Needling_Applikation_02\" data-description=\"Needling_Applikation_02\" data-caption=\"Die Micro-Penetrationskan\u00e4le schlie\u00dfen binnen 5- 60 Min. Zellmembran und DNA beginnen mit der Regeneration.\" data-title=\"Needling_Applikation_02\" style=\" width:215px; height:215px;\" \/><\/div><FIGCAPTION class=\"\" data-alpha=\"5\" style=\"color:#ffffff; background-color:#6f0000; font-size:140; text-align:left; font-family:Abel;\" ><div class=\"grid-gallery-figcaption-wrap\" style=\"\"><\/div><\/FIGCAPTION><\/FIGURE> <div class=\"grid-gallery-clearfix\"><\/div> <\/div> <div class=\"gallery-sharing-bottom\" style=\"display:none;\"> <\/div> <div class=\"gallery-sharing-image\" style=\"display:none;\"> <\/div> <div class=\"gallery-sharing-popup\" style=\"display:none;\"> <\/div> <div class=\"grid-gallery-clearfix\"><\/div> <\/div> <!-- Gallery by Supsystic plugin1.15.33 --><a title=\"WordPress Photo Gallery Plugin\" style=\"display:none;\" href=\"https:\/\/supsystic.com\/plugins\/photo-gallery\/?utm_medium=love_link\" target=\"_blank\">WordPress Photo Gallery Plugin<\/a><br \/>\n&nbsp;<\/p>\n<hr \/>\n<p><img loading=\"lazy\" decoding=\"async\" src=\"https:\/\/beauty-company-weyhe.de\/wp-content\/uploads\/2015\/07\/jessica_team-150x150.png\" alt=\"jessica_team\" width=\"150\" height=\"150\" class=\"alignleft size-thumbnail wp-image-472\" srcset=\"https:\/\/beauty-company-weyhe.de\/wp-content\/uploads\/2015\/07\/jessica_team-150x150.png 150w, https:\/\/beauty-company-weyhe.de\/wp-content\/uploads\/2015\/07\/jessica_team.png 200w\" sizes=\"auto, (max-width: 150px) 100vw, 150px\" \/><br \/>\n<strong>Ihre Ansprechpartnerin:<\/strong><br \/>\nJessica Ryberg<\/p>\n<p><a href=\"mailto:info@beauty-company-weyhe.de\">info@beauty-company-weyhe.de<\/a><\/p>\n","protected":false},"excerpt":{"rendered":"<p>Die Anspr\u00fcche der Kundin an ihr Kosmetikstudio steigen. &nbsp; Das neue Verfahren der perkutanen Kollageninduktion auch &#8222;Needling&#8220; genannt, entwickelte der plastische Chirurg Dr. Desmond Fernandes aus S\u00fcdafrika vor mehr als 15 Jahren. Und wie so viele Methoden hat auch das Needling schlie\u00dflich seinen Weg aus der Medizin in die Kosmetik gefunden. &nbsp; Was ist Needling? [&hellip;]<\/p>\n","protected":false},"author":1,"featured_media":0,"parent":0,"menu_order":0,"comment_status":"closed","ping_status":"closed","template":"","meta":{"jetpack_post_was_ever_published":false,"footnotes":""},"class_list":["post-22","page","type-page","status-publish","czr-hentry"],"yoast_head":"<!-- This site is optimized with the Yoast SEO plugin v27.0 - https:\/\/yoast.com\/product\/yoast-seo-wordpress\/ -->\n<title>Micro Needling - Beauty Company Weyhe<\/title>\n<meta name=\"robots\" content=\"index, follow, max-snippet:-1, max-image-preview:large, max-video-preview:-1\" \/>\n<link rel=\"canonical\" href=\"https:\/\/beauty-company-weyhe.de\/index.php\/micro-needling\/\" \/>\n<meta property=\"og:locale\" content=\"de_DE\" \/>\n<meta property=\"og:type\" content=\"article\" \/>\n<meta property=\"og:title\" content=\"Micro Needling - Beauty Company Weyhe\" \/>\n<meta property=\"og:description\" content=\"Die Anspr\u00fcche der Kundin an ihr Kosmetikstudio steigen. &nbsp; Das neue Verfahren der perkutanen Kollageninduktion auch &#8222;Needling&#8220; genannt, entwickelte der plastische Chirurg Dr. Desmond Fernandes aus S\u00fcdafrika vor mehr als 15 Jahren. Und wie so viele Methoden hat auch das Needling schlie\u00dflich seinen Weg aus der Medizin in die Kosmetik gefunden. &nbsp; Was ist Needling? [&hellip;]\" \/>\n<meta property=\"og:url\" content=\"https:\/\/beauty-company-weyhe.de\/index.php\/micro-needling\/\" \/>\n<meta property=\"og:site_name\" content=\"Beauty Company Weyhe\" \/>\n<meta property=\"article:publisher\" content=\"https:\/\/www.facebook.com\/beautycompanyweyhe\/\" \/>\n<meta property=\"article:modified_time\" content=\"2016-11-15T15:20:40+00:00\" \/>\n<meta property=\"og:image\" content=\"https:\/\/beauty-company-weyhe.de\/wp-content\/uploads\/2015\/07\/jessica_team-150x150.png\" \/>\n<meta name=\"twitter:card\" content=\"summary_large_image\" \/>\n<meta name=\"twitter:label1\" content=\"Gesch\u00e4tzte Lesezeit\" \/>\n\t<meta name=\"twitter:data1\" content=\"1\u00a0Minute\" \/>\n<script type=\"application\/ld+json\" class=\"yoast-schema-graph\">{\"@context\":\"https:\/\/schema.org\",\"@graph\":[{\"@type\":\"WebPage\",\"@id\":\"https:\/\/beauty-company-weyhe.de\/index.php\/micro-needling\/\",\"url\":\"https:\/\/beauty-company-weyhe.de\/index.php\/micro-needling\/\",\"name\":\"Micro Needling - Beauty Company Weyhe\",\"isPartOf\":{\"@id\":\"https:\/\/beauty-company-weyhe.de\/#website\"},\"primaryImageOfPage\":{\"@id\":\"https:\/\/beauty-company-weyhe.de\/index.php\/micro-needling\/#primaryimage\"},\"image\":{\"@id\":\"https:\/\/beauty-company-weyhe.de\/index.php\/micro-needling\/#primaryimage\"},\"thumbnailUrl\":\"https:\/\/beauty-company-weyhe.de\/wp-content\/uploads\/2015\/07\/jessica_team-150x150.png\",\"datePublished\":\"2015-07-13T19:03:30+00:00\",\"dateModified\":\"2016-11-15T15:20:40+00:00\",\"breadcrumb\":{\"@id\":\"https:\/\/beauty-company-weyhe.de\/index.php\/micro-needling\/#breadcrumb\"},\"inLanguage\":\"de\",\"potentialAction\":[{\"@type\":\"ReadAction\",\"target\":[\"https:\/\/beauty-company-weyhe.de\/index.php\/micro-needling\/\"]}]},{\"@type\":\"ImageObject\",\"inLanguage\":\"de\",\"@id\":\"https:\/\/beauty-company-weyhe.de\/index.php\/micro-needling\/#primaryimage\",\"url\":\"https:\/\/beauty-company-weyhe.de\/wp-content\/uploads\/2015\/07\/jessica_team.png\",\"contentUrl\":\"https:\/\/beauty-company-weyhe.de\/wp-content\/uploads\/2015\/07\/jessica_team.png\",\"width\":200,\"height\":200},{\"@type\":\"BreadcrumbList\",\"@id\":\"https:\/\/beauty-company-weyhe.de\/index.php\/micro-needling\/#breadcrumb\",\"itemListElement\":[{\"@type\":\"ListItem\",\"position\":1,\"name\":\"Startseite\",\"item\":\"https:\/\/beauty-company-weyhe.de\/\"},{\"@type\":\"ListItem\",\"position\":2,\"name\":\"Micro Needling\"}]},{\"@type\":\"WebSite\",\"@id\":\"https:\/\/beauty-company-weyhe.de\/#website\",\"url\":\"https:\/\/beauty-company-weyhe.de\/\",\"name\":\"Beauty Company Weyhe\",\"description\":\"Ob Falten, unreine Haut oder Narbengewebe, die intensive Pflege, Heilung und Gesunderhaltung Ihrer Haut ist unser Spezialgebiet.\",\"publisher\":{\"@id\":\"https:\/\/beauty-company-weyhe.de\/#organization\"},\"potentialAction\":[{\"@type\":\"SearchAction\",\"target\":{\"@type\":\"EntryPoint\",\"urlTemplate\":\"https:\/\/beauty-company-weyhe.de\/?s={search_term_string}\"},\"query-input\":{\"@type\":\"PropertyValueSpecification\",\"valueRequired\":true,\"valueName\":\"search_term_string\"}}],\"inLanguage\":\"de\"},{\"@type\":\"Organization\",\"@id\":\"https:\/\/beauty-company-weyhe.de\/#organization\",\"name\":\"Beauty Company Weyhe\",\"url\":\"https:\/\/beauty-company-weyhe.de\/\",\"logo\":{\"@type\":\"ImageObject\",\"inLanguage\":\"de\",\"@id\":\"https:\/\/beauty-company-weyhe.de\/#\/schema\/logo\/image\/\",\"url\":\"https:\/\/beauty-company-weyhe.de\/wp-content\/uploads\/2016\/07\/cropped-BCW_Facebook_2.png\",\"contentUrl\":\"https:\/\/beauty-company-weyhe.de\/wp-content\/uploads\/2016\/07\/cropped-BCW_Facebook_2.png\",\"width\":512,\"height\":512,\"caption\":\"Beauty Company Weyhe\"},\"image\":{\"@id\":\"https:\/\/beauty-company-weyhe.de\/#\/schema\/logo\/image\/\"},\"sameAs\":[\"https:\/\/www.facebook.com\/beautycompanyweyhe\/\"]}]}<\/script>\n<!-- \/ Yoast SEO plugin. -->","yoast_head_json":{"title":"Micro Needling - Beauty Company Weyhe","robots":{"index":"index","follow":"follow","max-snippet":"max-snippet:-1","max-image-preview":"max-image-preview:large","max-video-preview":"max-video-preview:-1"},"canonical":"https:\/\/beauty-company-weyhe.de\/index.php\/micro-needling\/","og_locale":"de_DE","og_type":"article","og_title":"Micro Needling - Beauty Company Weyhe","og_description":"Die Anspr\u00fcche der Kundin an ihr Kosmetikstudio steigen. &nbsp; Das neue Verfahren der perkutanen Kollageninduktion auch &#8222;Needling&#8220; genannt, entwickelte der plastische Chirurg Dr. Desmond Fernandes aus S\u00fcdafrika vor mehr als 15 Jahren. Und wie so viele Methoden hat auch das Needling schlie\u00dflich seinen Weg aus der Medizin in die Kosmetik gefunden. &nbsp; Was ist Needling? [&hellip;]","og_url":"https:\/\/beauty-company-weyhe.de\/index.php\/micro-needling\/","og_site_name":"Beauty Company Weyhe","article_publisher":"https:\/\/www.facebook.com\/beautycompanyweyhe\/","article_modified_time":"2016-11-15T15:20:40+00:00","og_image":[{"url":"https:\/\/beauty-company-weyhe.de\/wp-content\/uploads\/2015\/07\/jessica_team-150x150.png","type":"","width":"","height":""}],"twitter_card":"summary_large_image","twitter_misc":{"Gesch\u00e4tzte Lesezeit":"1\u00a0Minute"},"schema":{"@context":"https:\/\/schema.org","@graph":[{"@type":"WebPage","@id":"https:\/\/beauty-company-weyhe.de\/index.php\/micro-needling\/","url":"https:\/\/beauty-company-weyhe.de\/index.php\/micro-needling\/","name":"Micro Needling - Beauty Company Weyhe","isPartOf":{"@id":"https:\/\/beauty-company-weyhe.de\/#website"},"primaryImageOfPage":{"@id":"https:\/\/beauty-company-weyhe.de\/index.php\/micro-needling\/#primaryimage"},"image":{"@id":"https:\/\/beauty-company-weyhe.de\/index.php\/micro-needling\/#primaryimage"},"thumbnailUrl":"https:\/\/beauty-company-weyhe.de\/wp-content\/uploads\/2015\/07\/jessica_team-150x150.png","datePublished":"2015-07-13T19:03:30+00:00","dateModified":"2016-11-15T15:20:40+00:00","breadcrumb":{"@id":"https:\/\/beauty-company-weyhe.de\/index.php\/micro-needling\/#breadcrumb"},"inLanguage":"de","potentialAction":[{"@type":"ReadAction","target":["https:\/\/beauty-company-weyhe.de\/index.php\/micro-needling\/"]}]},{"@type":"ImageObject","inLanguage":"de","@id":"https:\/\/beauty-company-weyhe.de\/index.php\/micro-needling\/#primaryimage","url":"https:\/\/beauty-company-weyhe.de\/wp-content\/uploads\/2015\/07\/jessica_team.png","contentUrl":"https:\/\/beauty-company-weyhe.de\/wp-content\/uploads\/2015\/07\/jessica_team.png","width":200,"height":200},{"@type":"BreadcrumbList","@id":"https:\/\/beauty-company-weyhe.de\/index.php\/micro-needling\/#breadcrumb","itemListElement":[{"@type":"ListItem","position":1,"name":"Startseite","item":"https:\/\/beauty-company-weyhe.de\/"},{"@type":"ListItem","position":2,"name":"Micro Needling"}]},{"@type":"WebSite","@id":"https:\/\/beauty-company-weyhe.de\/#website","url":"https:\/\/beauty-company-weyhe.de\/","name":"Beauty Company Weyhe","description":"Ob Falten, unreine Haut oder Narbengewebe, die intensive Pflege, Heilung und Gesunderhaltung Ihrer Haut ist unser Spezialgebiet.","publisher":{"@id":"https:\/\/beauty-company-weyhe.de\/#organization"},"potentialAction":[{"@type":"SearchAction","target":{"@type":"EntryPoint","urlTemplate":"https:\/\/beauty-company-weyhe.de\/?s={search_term_string}"},"query-input":{"@type":"PropertyValueSpecification","valueRequired":true,"valueName":"search_term_string"}}],"inLanguage":"de"},{"@type":"Organization","@id":"https:\/\/beauty-company-weyhe.de\/#organization","name":"Beauty Company Weyhe","url":"https:\/\/beauty-company-weyhe.de\/","logo":{"@type":"ImageObject","inLanguage":"de","@id":"https:\/\/beauty-company-weyhe.de\/#\/schema\/logo\/image\/","url":"https:\/\/beauty-company-weyhe.de\/wp-content\/uploads\/2016\/07\/cropped-BCW_Facebook_2.png","contentUrl":"https:\/\/beauty-company-weyhe.de\/wp-content\/uploads\/2016\/07\/cropped-BCW_Facebook_2.png","width":512,"height":512,"caption":"Beauty Company Weyhe"},"image":{"@id":"https:\/\/beauty-company-weyhe.de\/#\/schema\/logo\/image\/"},"sameAs":["https:\/\/www.facebook.com\/beautycompanyweyhe\/"]}]}},"jetpack_sharing_enabled":true,"jetpack_shortlink":"https:\/\/wp.me\/P6t8sO-m","_links":{"self":[{"href":"https:\/\/beauty-company-weyhe.de\/index.php\/wp-json\/wp\/v2\/pages\/22","targetHints":{"allow":["GET"]}}],"collection":[{"href":"https:\/\/beauty-company-weyhe.de\/index.php\/wp-json\/wp\/v2\/pages"}],"about":[{"href":"https:\/\/beauty-company-weyhe.de\/index.php\/wp-json\/wp\/v2\/types\/page"}],"author":[{"embeddable":true,"href":"https:\/\/beauty-company-weyhe.de\/index.php\/wp-json\/wp\/v2\/users\/1"}],"replies":[{"embeddable":true,"href":"https:\/\/beauty-company-weyhe.de\/index.php\/wp-json\/wp\/v2\/comments?post=22"}],"version-history":[{"count":23,"href":"https:\/\/beauty-company-weyhe.de\/index.php\/wp-json\/wp\/v2\/pages\/22\/revisions"}],"predecessor-version":[{"id":732,"href":"https:\/\/beauty-company-weyhe.de\/index.php\/wp-json\/wp\/v2\/pages\/22\/revisions\/732"}],"wp:attachment":[{"href":"https:\/\/beauty-company-weyhe.de\/index.php\/wp-json\/wp\/v2\/media?parent=22"}],"curies":[{"name":"wp","href":"https:\/\/api.w.org\/{rel}","templated":true}]}}