{"id":24,"date":"2015-07-13T21:03:52","date_gmt":"2015-07-13T19:03:52","guid":{"rendered":"http:\/\/beauty-company-weyhe.de.w0136ebd.kasserver.com\/?page_id=24"},"modified":"2022-05-13T20:51:42","modified_gmt":"2022-05-13T18:51:42","slug":"fruchtsaeurebehandlung","status":"publish","type":"page","link":"https:\/\/beauty-company-weyhe.de\/index.php\/fruchtsaeurebehandlung\/","title":{"rendered":"Fruchts\u00e4urebehandlung"},"content":{"rendered":"<p><img loading=\"lazy\" decoding=\"async\" class=\"alignright wp-image-1422 size-wcsmall\" src=\"https:\/\/beauty-company-weyhe.de\/wp-content\/uploads\/2022\/05\/IMAGESkincare-250x420.png\" alt=\"\" width=\"250\" height=\"420\" srcset=\"https:\/\/beauty-company-weyhe.de\/wp-content\/uploads\/2022\/05\/IMAGESkincare-250x420.png 250w, https:\/\/beauty-company-weyhe.de\/wp-content\/uploads\/2022\/05\/IMAGESkincare-178x300.png 178w, https:\/\/beauty-company-weyhe.de\/wp-content\/uploads\/2022\/05\/IMAGESkincare-768x1291.png 768w, https:\/\/beauty-company-weyhe.de\/wp-content\/uploads\/2022\/05\/IMAGESkincare-550x925.png 550w, https:\/\/beauty-company-weyhe.de\/wp-content\/uploads\/2022\/05\/IMAGESkincare-800x1345.png 800w, https:\/\/beauty-company-weyhe.de\/wp-content\/uploads\/2022\/05\/IMAGESkincare-107x180.png 107w, https:\/\/beauty-company-weyhe.de\/wp-content\/uploads\/2022\/05\/IMAGESkincare-297x500.png 297w, https:\/\/beauty-company-weyhe.de\/wp-content\/uploads\/2022\/05\/IMAGESkincare.png 884w\" sizes=\"auto, (max-width: 250px) 100vw, 250px\" \/><\/p>\n<h2>IMAGE Skincare &#8211; &#8222;Der Pionier der High-Tech-Kosmetik&#8220;<\/h2>\n<p>IMAGE Skincare ist eins der f\u00fchrenden Unternehmen im Bereich der professionellen Kosmetik und bietet Ihnen verschiedene Behandlungen und Peelings, die individuell auf Ihren Hauttyp angepasst werden. Die einzigartigen IMAGE-Behandlungen werden ideal durch Pflegeprodukte erg\u00e4nzt, die Sie zur t\u00e4glichen Pflege zu Hause anwenden, um herausragende und perfekte Ergebnisse zu erhalten.<\/p>\n<p>Ein simples, ma\u00dfgeschneidertes Pflegekonzept f\u00fcr gesund aussehende und jugendlich wirkende Haut wird in 3 Phasen erzielt.<\/p>\n<ul>\n<li>Phase I: t\u00e4gliche Anwendung kosmezeutischer Hautpflegeprodukte von IMAGE Skincare<\/li>\n<li>Phase II: Serie klinischer Behandlungen<\/li>\n<li>Phase III: Monatliches Erhaltungsprogramm<\/li>\n<\/ul>\n<p>Wir haben f\u00fcr Sie eine Auswahl an Behandlungen und Peelings im Folgenden zusammengestellt. Gerne beraten wir Sie bez\u00fcglich der f\u00fcr Sie optimalen Anwendung.<\/p>\n<p>Eine detaillierte \u00dcbersicht \u00fcber alle Behandlungen und Preise entnehmen Sie bitte unserer aktuellen <a href=\"https:\/\/beauty-company-weyhe.de\/index.php\/preisliste-2\/\">Preisliste.<\/a><\/p>\n<hr \/>\n<p><img loading=\"lazy\" decoding=\"async\" class=\"alignleft size-thumbnail wp-image-472\" src=\"https:\/\/beauty-company-weyhe.de\/wp-content\/uploads\/2015\/07\/jessica_team-150x150.png\" alt=\"jessica_team\" width=\"150\" height=\"150\" srcset=\"https:\/\/beauty-company-weyhe.de\/wp-content\/uploads\/2015\/07\/jessica_team-150x150.png 150w, https:\/\/beauty-company-weyhe.de\/wp-content\/uploads\/2015\/07\/jessica_team.png 200w\" sizes=\"auto, (max-width: 150px) 100vw, 150px\" \/><br \/>\n<strong>Ihre Ansprechpartnerin:<\/strong><br \/>\nJessica Ryberg<\/p>\n<p><a href=\"mailto:info@beauty-company-weyhe.de\">info@beauty-company-weyhe.de<\/a><\/p>\n","protected":false},"excerpt":{"rendered":"<p>IMAGE Skincare &#8211; &#8222;Der Pionier der High-Tech-Kosmetik&#8220; IMAGE Skincare ist eins der f\u00fchrenden Unternehmen im Bereich der professionellen Kosmetik und bietet Ihnen verschiedene Behandlungen und Peelings, die individuell auf Ihren Hauttyp angepasst werden. Die einzigartigen IMAGE-Behandlungen werden ideal durch Pflegeprodukte erg\u00e4nzt, die Sie zur t\u00e4glichen Pflege zu Hause anwenden, um herausragende und perfekte Ergebnisse zu [&hellip;]<\/p>\n","protected":false},"author":1,"featured_media":0,"parent":0,"menu_order":0,"comment_status":"closed","ping_status":"closed","template":"","meta":{"jetpack_post_was_ever_published":false,"footnotes":""},"class_list":["post-24","page","type-page","status-publish","czr-hentry"],"yoast_head":"<!-- This site is optimized with the Yoast SEO plugin v27.0 - https:\/\/yoast.com\/product\/yoast-seo-wordpress\/ -->\n<title>Fruchts\u00e4urebehandlung - Beauty Company Weyhe<\/title>\n<meta name=\"robots\" content=\"index, follow, max-snippet:-1, max-image-preview:large, max-video-preview:-1\" \/>\n<link rel=\"canonical\" href=\"https:\/\/beauty-company-weyhe.de\/index.php\/fruchtsaeurebehandlung\/\" \/>\n<meta property=\"og:locale\" content=\"de_DE\" \/>\n<meta property=\"og:type\" content=\"article\" \/>\n<meta property=\"og:title\" content=\"Fruchts\u00e4urebehandlung - Beauty Company Weyhe\" \/>\n<meta property=\"og:description\" content=\"IMAGE Skincare &#8211; &#8222;Der Pionier der High-Tech-Kosmetik&#8220; IMAGE Skincare ist eins der f\u00fchrenden Unternehmen im Bereich der professionellen Kosmetik und bietet Ihnen verschiedene Behandlungen und Peelings, die individuell auf Ihren Hauttyp angepasst werden. Die einzigartigen IMAGE-Behandlungen werden ideal durch Pflegeprodukte erg\u00e4nzt, die Sie zur t\u00e4glichen Pflege zu Hause anwenden, um herausragende und perfekte Ergebnisse zu [&hellip;]\" \/>\n<meta property=\"og:url\" content=\"https:\/\/beauty-company-weyhe.de\/index.php\/fruchtsaeurebehandlung\/\" \/>\n<meta property=\"og:site_name\" content=\"Beauty Company Weyhe\" \/>\n<meta property=\"article:publisher\" content=\"https:\/\/www.facebook.com\/beautycompanyweyhe\/\" \/>\n<meta property=\"article:modified_time\" content=\"2022-05-13T18:51:42+00:00\" \/>\n<meta property=\"og:image\" content=\"https:\/\/beauty-company-weyhe.de\/wp-content\/uploads\/2022\/05\/IMAGESkincare-250x420.png\" \/>\n<meta name=\"twitter:card\" content=\"summary_large_image\" \/>\n<meta name=\"twitter:label1\" content=\"Gesch\u00e4tzte Lesezeit\" \/>\n\t<meta name=\"twitter:data1\" content=\"2\u00a0Minuten\" \/>\n<script type=\"application\/ld+json\" class=\"yoast-schema-graph\">{\"@context\":\"https:\/\/schema.org\",\"@graph\":[{\"@type\":\"WebPage\",\"@id\":\"https:\/\/beauty-company-weyhe.de\/index.php\/fruchtsaeurebehandlung\/\",\"url\":\"https:\/\/beauty-company-weyhe.de\/index.php\/fruchtsaeurebehandlung\/\",\"name\":\"Fruchts\u00e4urebehandlung - Beauty Company Weyhe\",\"isPartOf\":{\"@id\":\"https:\/\/beauty-company-weyhe.de\/#website\"},\"primaryImageOfPage\":{\"@id\":\"https:\/\/beauty-company-weyhe.de\/index.php\/fruchtsaeurebehandlung\/#primaryimage\"},\"image\":{\"@id\":\"https:\/\/beauty-company-weyhe.de\/index.php\/fruchtsaeurebehandlung\/#primaryimage\"},\"thumbnailUrl\":\"https:\/\/beauty-company-weyhe.de\/wp-content\/uploads\/2022\/05\/IMAGESkincare-250x420.png\",\"datePublished\":\"2015-07-13T19:03:52+00:00\",\"dateModified\":\"2022-05-13T18:51:42+00:00\",\"breadcrumb\":{\"@id\":\"https:\/\/beauty-company-weyhe.de\/index.php\/fruchtsaeurebehandlung\/#breadcrumb\"},\"inLanguage\":\"de\",\"potentialAction\":[{\"@type\":\"ReadAction\",\"target\":[\"https:\/\/beauty-company-weyhe.de\/index.php\/fruchtsaeurebehandlung\/\"]}]},{\"@type\":\"ImageObject\",\"inLanguage\":\"de\",\"@id\":\"https:\/\/beauty-company-weyhe.de\/index.php\/fruchtsaeurebehandlung\/#primaryimage\",\"url\":\"https:\/\/beauty-company-weyhe.de\/wp-content\/uploads\/2022\/05\/IMAGESkincare.png\",\"contentUrl\":\"https:\/\/beauty-company-weyhe.de\/wp-content\/uploads\/2022\/05\/IMAGESkincare.png\",\"width\":884,\"height\":1486},{\"@type\":\"BreadcrumbList\",\"@id\":\"https:\/\/beauty-company-weyhe.de\/index.php\/fruchtsaeurebehandlung\/#breadcrumb\",\"itemListElement\":[{\"@type\":\"ListItem\",\"position\":1,\"name\":\"Startseite\",\"item\":\"https:\/\/beauty-company-weyhe.de\/\"},{\"@type\":\"ListItem\",\"position\":2,\"name\":\"Fruchts\u00e4urebehandlung\"}]},{\"@type\":\"WebSite\",\"@id\":\"https:\/\/beauty-company-weyhe.de\/#website\",\"url\":\"https:\/\/beauty-company-weyhe.de\/\",\"name\":\"Beauty Company Weyhe\",\"description\":\"Ob Falten, unreine Haut oder Narbengewebe, die intensive Pflege, Heilung und Gesunderhaltung Ihrer Haut ist unser Spezialgebiet.\",\"publisher\":{\"@id\":\"https:\/\/beauty-company-weyhe.de\/#organization\"},\"potentialAction\":[{\"@type\":\"SearchAction\",\"target\":{\"@type\":\"EntryPoint\",\"urlTemplate\":\"https:\/\/beauty-company-weyhe.de\/?s={search_term_string}\"},\"query-input\":{\"@type\":\"PropertyValueSpecification\",\"valueRequired\":true,\"valueName\":\"search_term_string\"}}],\"inLanguage\":\"de\"},{\"@type\":\"Organization\",\"@id\":\"https:\/\/beauty-company-weyhe.de\/#organization\",\"name\":\"Beauty Company Weyhe\",\"url\":\"https:\/\/beauty-company-weyhe.de\/\",\"logo\":{\"@type\":\"ImageObject\",\"inLanguage\":\"de\",\"@id\":\"https:\/\/beauty-company-weyhe.de\/#\/schema\/logo\/image\/\",\"url\":\"https:\/\/beauty-company-weyhe.de\/wp-content\/uploads\/2016\/07\/cropped-BCW_Facebook_2.png\",\"contentUrl\":\"https:\/\/beauty-company-weyhe.de\/wp-content\/uploads\/2016\/07\/cropped-BCW_Facebook_2.png\",\"width\":512,\"height\":512,\"caption\":\"Beauty Company Weyhe\"},\"image\":{\"@id\":\"https:\/\/beauty-company-weyhe.de\/#\/schema\/logo\/image\/\"},\"sameAs\":[\"https:\/\/www.facebook.com\/beautycompanyweyhe\/\"]}]}<\/script>\n<!-- \/ Yoast SEO plugin. -->","yoast_head_json":{"title":"Fruchts\u00e4urebehandlung - Beauty Company Weyhe","robots":{"index":"index","follow":"follow","max-snippet":"max-snippet:-1","max-image-preview":"max-image-preview:large","max-video-preview":"max-video-preview:-1"},"canonical":"https:\/\/beauty-company-weyhe.de\/index.php\/fruchtsaeurebehandlung\/","og_locale":"de_DE","og_type":"article","og_title":"Fruchts\u00e4urebehandlung - Beauty Company Weyhe","og_description":"IMAGE Skincare &#8211; &#8222;Der Pionier der High-Tech-Kosmetik&#8220; IMAGE Skincare ist eins der f\u00fchrenden Unternehmen im Bereich der professionellen Kosmetik und bietet Ihnen verschiedene Behandlungen und Peelings, die individuell auf Ihren Hauttyp angepasst werden. Die einzigartigen IMAGE-Behandlungen werden ideal durch Pflegeprodukte erg\u00e4nzt, die Sie zur t\u00e4glichen Pflege zu Hause anwenden, um herausragende und perfekte Ergebnisse zu [&hellip;]","og_url":"https:\/\/beauty-company-weyhe.de\/index.php\/fruchtsaeurebehandlung\/","og_site_name":"Beauty Company Weyhe","article_publisher":"https:\/\/www.facebook.com\/beautycompanyweyhe\/","article_modified_time":"2022-05-13T18:51:42+00:00","og_image":[{"url":"https:\/\/beauty-company-weyhe.de\/wp-content\/uploads\/2022\/05\/IMAGESkincare-250x420.png","type":"","width":"","height":""}],"twitter_card":"summary_large_image","twitter_misc":{"Gesch\u00e4tzte Lesezeit":"2\u00a0Minuten"},"schema":{"@context":"https:\/\/schema.org","@graph":[{"@type":"WebPage","@id":"https:\/\/beauty-company-weyhe.de\/index.php\/fruchtsaeurebehandlung\/","url":"https:\/\/beauty-company-weyhe.de\/index.php\/fruchtsaeurebehandlung\/","name":"Fruchts\u00e4urebehandlung - Beauty Company Weyhe","isPartOf":{"@id":"https:\/\/beauty-company-weyhe.de\/#website"},"primaryImageOfPage":{"@id":"https:\/\/beauty-company-weyhe.de\/index.php\/fruchtsaeurebehandlung\/#primaryimage"},"image":{"@id":"https:\/\/beauty-company-weyhe.de\/index.php\/fruchtsaeurebehandlung\/#primaryimage"},"thumbnailUrl":"https:\/\/beauty-company-weyhe.de\/wp-content\/uploads\/2022\/05\/IMAGESkincare-250x420.png","datePublished":"2015-07-13T19:03:52+00:00","dateModified":"2022-05-13T18:51:42+00:00","breadcrumb":{"@id":"https:\/\/beauty-company-weyhe.de\/index.php\/fruchtsaeurebehandlung\/#breadcrumb"},"inLanguage":"de","potentialAction":[{"@type":"ReadAction","target":["https:\/\/beauty-company-weyhe.de\/index.php\/fruchtsaeurebehandlung\/"]}]},{"@type":"ImageObject","inLanguage":"de","@id":"https:\/\/beauty-company-weyhe.de\/index.php\/fruchtsaeurebehandlung\/#primaryimage","url":"https:\/\/beauty-company-weyhe.de\/wp-content\/uploads\/2022\/05\/IMAGESkincare.png","contentUrl":"https:\/\/beauty-company-weyhe.de\/wp-content\/uploads\/2022\/05\/IMAGESkincare.png","width":884,"height":1486},{"@type":"BreadcrumbList","@id":"https:\/\/beauty-company-weyhe.de\/index.php\/fruchtsaeurebehandlung\/#breadcrumb","itemListElement":[{"@type":"ListItem","position":1,"name":"Startseite","item":"https:\/\/beauty-company-weyhe.de\/"},{"@type":"ListItem","position":2,"name":"Fruchts\u00e4urebehandlung"}]},{"@type":"WebSite","@id":"https:\/\/beauty-company-weyhe.de\/#website","url":"https:\/\/beauty-company-weyhe.de\/","name":"Beauty Company Weyhe","description":"Ob Falten, unreine Haut oder Narbengewebe, die intensive Pflege, Heilung und Gesunderhaltung Ihrer Haut ist unser Spezialgebiet.","publisher":{"@id":"https:\/\/beauty-company-weyhe.de\/#organization"},"potentialAction":[{"@type":"SearchAction","target":{"@type":"EntryPoint","urlTemplate":"https:\/\/beauty-company-weyhe.de\/?s={search_term_string}"},"query-input":{"@type":"PropertyValueSpecification","valueRequired":true,"valueName":"search_term_string"}}],"inLanguage":"de"},{"@type":"Organization","@id":"https:\/\/beauty-company-weyhe.de\/#organization","name":"Beauty Company Weyhe","url":"https:\/\/beauty-company-weyhe.de\/","logo":{"@type":"ImageObject","inLanguage":"de","@id":"https:\/\/beauty-company-weyhe.de\/#\/schema\/logo\/image\/","url":"https:\/\/beauty-company-weyhe.de\/wp-content\/uploads\/2016\/07\/cropped-BCW_Facebook_2.png","contentUrl":"https:\/\/beauty-company-weyhe.de\/wp-content\/uploads\/2016\/07\/cropped-BCW_Facebook_2.png","width":512,"height":512,"caption":"Beauty Company Weyhe"},"image":{"@id":"https:\/\/beauty-company-weyhe.de\/#\/schema\/logo\/image\/"},"sameAs":["https:\/\/www.facebook.com\/beautycompanyweyhe\/"]}]}},"jetpack_sharing_enabled":true,"jetpack_shortlink":"https:\/\/wp.me\/P6t8sO-o","_links":{"self":[{"href":"https:\/\/beauty-company-weyhe.de\/index.php\/wp-json\/wp\/v2\/pages\/24","targetHints":{"allow":["GET"]}}],"collection":[{"href":"https:\/\/beauty-company-weyhe.de\/index.php\/wp-json\/wp\/v2\/pages"}],"about":[{"href":"https:\/\/beauty-company-weyhe.de\/index.php\/wp-json\/wp\/v2\/types\/page"}],"author":[{"embeddable":true,"href":"https:\/\/beauty-company-weyhe.de\/index.php\/wp-json\/wp\/v2\/users\/1"}],"replies":[{"embeddable":true,"href":"https:\/\/beauty-company-weyhe.de\/index.php\/wp-json\/wp\/v2\/comments?post=24"}],"version-history":[{"count":13,"href":"https:\/\/beauty-company-weyhe.de\/index.php\/wp-json\/wp\/v2\/pages\/24\/revisions"}],"predecessor-version":[{"id":1431,"href":"https:\/\/beauty-company-weyhe.de\/index.php\/wp-json\/wp\/v2\/pages\/24\/revisions\/1431"}],"wp:attachment":[{"href":"https:\/\/beauty-company-weyhe.de\/index.php\/wp-json\/wp\/v2\/media?parent=24"}],"curies":[{"name":"wp","href":"https:\/\/api.w.org\/{rel}","templated":true}]}}