{"id":38,"date":"2015-07-13T21:10:03","date_gmt":"2015-07-13T19:10:03","guid":{"rendered":"http:\/\/beauty-company-weyhe.de.w0136ebd.kasserver.com\/?page_id=38"},"modified":"2016-11-15T16:29:15","modified_gmt":"2016-11-15T15:29:15","slug":"narbenbehandlung","status":"publish","type":"page","link":"https:\/\/beauty-company-weyhe.de\/index.php\/narbenbehandlung\/","title":{"rendered":"Narbenbehandlung"},"content":{"rendered":"<h3>Das Beste f\u00fcr Sie ist das Mindeste f\u00fcr Uns!<\/h3>\n<p>Kleinere oder gr\u00f6\u00dfere Verletzungen sind mehr oder minder allt\u00e4glich. Sie geschehen durch Unf\u00e4lle, Operationen, Verbrennungen oder Unachtsamkeiten. Aus jeder der erlittenen Wunden kann eine st\u00f6rende Narbe werden. Der Grund ist einleuchtend: Der K\u00f6rper aktiviert im Falle einer Verletzung sofort einen Selbstheilungsmechanismus mit dem Ziel, die Wunde zu schlie\u00dfen. Dabei bleiben Narben als sichtbares Zeichen zur\u00fcck. Sie sind ein minderwertiges Ersatzgewebe und bilden den Endzustand der Wundheilung.<br \/>\n&nbsp;<br \/>\n<strong>Aknenarben<\/strong> sind sehr tief in der Haut liegende Narben infolge einer Akne. Akne ist die h\u00e4ufigste Hauterkrankung vor allem bei Jugendlichen und bildet sich nach der Pubert\u00e4t in der Regel spontan zur\u00fcck, wobei bei zwei bis sieben Prozent aller Betroffenen eine erhebliche Narbenbildung verbleibt. In zehn Prozent aller F\u00e4lle lassen die Symptome sogar \u00fcber das 25. Lebensjahr hinaus beobachten.<br \/>\n&nbsp;<br \/>\nNach <strong>\u00e4sthetischen Operationen<\/strong>, z.B. einer Augenlid- oder Nasenkorrektur, bei einem Facelifting oder der Entfernung eines Muttermals, verbleiben ebenfalls oft sichtbare Narben.<br \/>\n&nbsp;<br \/>\nWir von der Beauty Company behandeln Narben schon seit langem und erfolgreich mithilfe der <strong>Diamant Microdermabrasion<\/strong> und dem <strong>Micro Needling<\/strong>. Erfahren Sie mehr \u00fcber diese Methoden hier auf unserer Webseite. Gerne beraten wir Sie auch pers\u00f6nlich. Nutzen Sie zudem unser Netzwerk von verschiedenen \u00c4rzten hier in der Region (insbesondere in Bremen und Niedersachsen) Wir behandeln Sie und vermitteln nach Bedarf den Kontakt f\u00fcr eine weitere Behandlung mit einem Facharzt.<\/p>\n<hr \/>\n","protected":false},"excerpt":{"rendered":"<p>Das Beste f\u00fcr Sie ist das Mindeste f\u00fcr Uns! Kleinere oder gr\u00f6\u00dfere Verletzungen sind mehr oder minder allt\u00e4glich. Sie geschehen durch Unf\u00e4lle, Operationen, Verbrennungen oder Unachtsamkeiten. Aus jeder der erlittenen Wunden kann eine st\u00f6rende Narbe werden. Der Grund ist einleuchtend: Der K\u00f6rper aktiviert im Falle einer Verletzung sofort einen Selbstheilungsmechanismus mit dem Ziel, die Wunde [&hellip;]<\/p>\n","protected":false},"author":1,"featured_media":0,"parent":0,"menu_order":0,"comment_status":"closed","ping_status":"closed","template":"","meta":{"jetpack_post_was_ever_published":false,"footnotes":""},"class_list":["post-38","page","type-page","status-publish","czr-hentry"],"yoast_head":"<!-- This site is optimized with the Yoast SEO plugin v27.0 - https:\/\/yoast.com\/product\/yoast-seo-wordpress\/ -->\n<title>Narbenbehandlung - Beauty Company Weyhe<\/title>\n<meta name=\"robots\" content=\"index, follow, max-snippet:-1, max-image-preview:large, max-video-preview:-1\" \/>\n<link rel=\"canonical\" href=\"https:\/\/beauty-company-weyhe.de\/index.php\/narbenbehandlung\/\" \/>\n<meta property=\"og:locale\" content=\"de_DE\" \/>\n<meta property=\"og:type\" content=\"article\" \/>\n<meta property=\"og:title\" content=\"Narbenbehandlung - Beauty Company Weyhe\" \/>\n<meta property=\"og:description\" content=\"Das Beste f\u00fcr Sie ist das Mindeste f\u00fcr Uns! Kleinere oder gr\u00f6\u00dfere Verletzungen sind mehr oder minder allt\u00e4glich. Sie geschehen durch Unf\u00e4lle, Operationen, Verbrennungen oder Unachtsamkeiten. Aus jeder der erlittenen Wunden kann eine st\u00f6rende Narbe werden. Der Grund ist einleuchtend: Der K\u00f6rper aktiviert im Falle einer Verletzung sofort einen Selbstheilungsmechanismus mit dem Ziel, die Wunde [&hellip;]\" \/>\n<meta property=\"og:url\" content=\"https:\/\/beauty-company-weyhe.de\/index.php\/narbenbehandlung\/\" \/>\n<meta property=\"og:site_name\" content=\"Beauty Company Weyhe\" \/>\n<meta property=\"article:publisher\" content=\"https:\/\/www.facebook.com\/beautycompanyweyhe\/\" \/>\n<meta property=\"article:modified_time\" content=\"2016-11-15T15:29:15+00:00\" \/>\n<meta name=\"twitter:card\" content=\"summary_large_image\" \/>\n<meta name=\"twitter:label1\" content=\"Gesch\u00e4tzte Lesezeit\" \/>\n\t<meta name=\"twitter:data1\" content=\"1\u00a0Minute\" \/>\n<script type=\"application\/ld+json\" class=\"yoast-schema-graph\">{\"@context\":\"https:\/\/schema.org\",\"@graph\":[{\"@type\":\"WebPage\",\"@id\":\"https:\/\/beauty-company-weyhe.de\/index.php\/narbenbehandlung\/\",\"url\":\"https:\/\/beauty-company-weyhe.de\/index.php\/narbenbehandlung\/\",\"name\":\"Narbenbehandlung - Beauty Company Weyhe\",\"isPartOf\":{\"@id\":\"https:\/\/beauty-company-weyhe.de\/#website\"},\"datePublished\":\"2015-07-13T19:10:03+00:00\",\"dateModified\":\"2016-11-15T15:29:15+00:00\",\"breadcrumb\":{\"@id\":\"https:\/\/beauty-company-weyhe.de\/index.php\/narbenbehandlung\/#breadcrumb\"},\"inLanguage\":\"de\",\"potentialAction\":[{\"@type\":\"ReadAction\",\"target\":[\"https:\/\/beauty-company-weyhe.de\/index.php\/narbenbehandlung\/\"]}]},{\"@type\":\"BreadcrumbList\",\"@id\":\"https:\/\/beauty-company-weyhe.de\/index.php\/narbenbehandlung\/#breadcrumb\",\"itemListElement\":[{\"@type\":\"ListItem\",\"position\":1,\"name\":\"Startseite\",\"item\":\"https:\/\/beauty-company-weyhe.de\/\"},{\"@type\":\"ListItem\",\"position\":2,\"name\":\"Narbenbehandlung\"}]},{\"@type\":\"WebSite\",\"@id\":\"https:\/\/beauty-company-weyhe.de\/#website\",\"url\":\"https:\/\/beauty-company-weyhe.de\/\",\"name\":\"Beauty Company Weyhe\",\"description\":\"Ob Falten, unreine Haut oder Narbengewebe, die intensive Pflege, Heilung und Gesunderhaltung Ihrer Haut ist unser Spezialgebiet.\",\"publisher\":{\"@id\":\"https:\/\/beauty-company-weyhe.de\/#organization\"},\"potentialAction\":[{\"@type\":\"SearchAction\",\"target\":{\"@type\":\"EntryPoint\",\"urlTemplate\":\"https:\/\/beauty-company-weyhe.de\/?s={search_term_string}\"},\"query-input\":{\"@type\":\"PropertyValueSpecification\",\"valueRequired\":true,\"valueName\":\"search_term_string\"}}],\"inLanguage\":\"de\"},{\"@type\":\"Organization\",\"@id\":\"https:\/\/beauty-company-weyhe.de\/#organization\",\"name\":\"Beauty Company Weyhe\",\"url\":\"https:\/\/beauty-company-weyhe.de\/\",\"logo\":{\"@type\":\"ImageObject\",\"inLanguage\":\"de\",\"@id\":\"https:\/\/beauty-company-weyhe.de\/#\/schema\/logo\/image\/\",\"url\":\"https:\/\/beauty-company-weyhe.de\/wp-content\/uploads\/2016\/07\/cropped-BCW_Facebook_2.png\",\"contentUrl\":\"https:\/\/beauty-company-weyhe.de\/wp-content\/uploads\/2016\/07\/cropped-BCW_Facebook_2.png\",\"width\":512,\"height\":512,\"caption\":\"Beauty Company Weyhe\"},\"image\":{\"@id\":\"https:\/\/beauty-company-weyhe.de\/#\/schema\/logo\/image\/\"},\"sameAs\":[\"https:\/\/www.facebook.com\/beautycompanyweyhe\/\"]}]}<\/script>\n<!-- \/ Yoast SEO plugin. -->","yoast_head_json":{"title":"Narbenbehandlung - Beauty Company Weyhe","robots":{"index":"index","follow":"follow","max-snippet":"max-snippet:-1","max-image-preview":"max-image-preview:large","max-video-preview":"max-video-preview:-1"},"canonical":"https:\/\/beauty-company-weyhe.de\/index.php\/narbenbehandlung\/","og_locale":"de_DE","og_type":"article","og_title":"Narbenbehandlung - Beauty Company Weyhe","og_description":"Das Beste f\u00fcr Sie ist das Mindeste f\u00fcr Uns! Kleinere oder gr\u00f6\u00dfere Verletzungen sind mehr oder minder allt\u00e4glich. Sie geschehen durch Unf\u00e4lle, Operationen, Verbrennungen oder Unachtsamkeiten. Aus jeder der erlittenen Wunden kann eine st\u00f6rende Narbe werden. Der Grund ist einleuchtend: Der K\u00f6rper aktiviert im Falle einer Verletzung sofort einen Selbstheilungsmechanismus mit dem Ziel, die Wunde [&hellip;]","og_url":"https:\/\/beauty-company-weyhe.de\/index.php\/narbenbehandlung\/","og_site_name":"Beauty Company Weyhe","article_publisher":"https:\/\/www.facebook.com\/beautycompanyweyhe\/","article_modified_time":"2016-11-15T15:29:15+00:00","twitter_card":"summary_large_image","twitter_misc":{"Gesch\u00e4tzte Lesezeit":"1\u00a0Minute"},"schema":{"@context":"https:\/\/schema.org","@graph":[{"@type":"WebPage","@id":"https:\/\/beauty-company-weyhe.de\/index.php\/narbenbehandlung\/","url":"https:\/\/beauty-company-weyhe.de\/index.php\/narbenbehandlung\/","name":"Narbenbehandlung - Beauty Company Weyhe","isPartOf":{"@id":"https:\/\/beauty-company-weyhe.de\/#website"},"datePublished":"2015-07-13T19:10:03+00:00","dateModified":"2016-11-15T15:29:15+00:00","breadcrumb":{"@id":"https:\/\/beauty-company-weyhe.de\/index.php\/narbenbehandlung\/#breadcrumb"},"inLanguage":"de","potentialAction":[{"@type":"ReadAction","target":["https:\/\/beauty-company-weyhe.de\/index.php\/narbenbehandlung\/"]}]},{"@type":"BreadcrumbList","@id":"https:\/\/beauty-company-weyhe.de\/index.php\/narbenbehandlung\/#breadcrumb","itemListElement":[{"@type":"ListItem","position":1,"name":"Startseite","item":"https:\/\/beauty-company-weyhe.de\/"},{"@type":"ListItem","position":2,"name":"Narbenbehandlung"}]},{"@type":"WebSite","@id":"https:\/\/beauty-company-weyhe.de\/#website","url":"https:\/\/beauty-company-weyhe.de\/","name":"Beauty Company Weyhe","description":"Ob Falten, unreine Haut oder Narbengewebe, die intensive Pflege, Heilung und Gesunderhaltung Ihrer Haut ist unser Spezialgebiet.","publisher":{"@id":"https:\/\/beauty-company-weyhe.de\/#organization"},"potentialAction":[{"@type":"SearchAction","target":{"@type":"EntryPoint","urlTemplate":"https:\/\/beauty-company-weyhe.de\/?s={search_term_string}"},"query-input":{"@type":"PropertyValueSpecification","valueRequired":true,"valueName":"search_term_string"}}],"inLanguage":"de"},{"@type":"Organization","@id":"https:\/\/beauty-company-weyhe.de\/#organization","name":"Beauty Company Weyhe","url":"https:\/\/beauty-company-weyhe.de\/","logo":{"@type":"ImageObject","inLanguage":"de","@id":"https:\/\/beauty-company-weyhe.de\/#\/schema\/logo\/image\/","url":"https:\/\/beauty-company-weyhe.de\/wp-content\/uploads\/2016\/07\/cropped-BCW_Facebook_2.png","contentUrl":"https:\/\/beauty-company-weyhe.de\/wp-content\/uploads\/2016\/07\/cropped-BCW_Facebook_2.png","width":512,"height":512,"caption":"Beauty Company Weyhe"},"image":{"@id":"https:\/\/beauty-company-weyhe.de\/#\/schema\/logo\/image\/"},"sameAs":["https:\/\/www.facebook.com\/beautycompanyweyhe\/"]}]}},"jetpack_sharing_enabled":true,"jetpack_shortlink":"https:\/\/wp.me\/P6t8sO-C","_links":{"self":[{"href":"https:\/\/beauty-company-weyhe.de\/index.php\/wp-json\/wp\/v2\/pages\/38","targetHints":{"allow":["GET"]}}],"collection":[{"href":"https:\/\/beauty-company-weyhe.de\/index.php\/wp-json\/wp\/v2\/pages"}],"about":[{"href":"https:\/\/beauty-company-weyhe.de\/index.php\/wp-json\/wp\/v2\/types\/page"}],"author":[{"embeddable":true,"href":"https:\/\/beauty-company-weyhe.de\/index.php\/wp-json\/wp\/v2\/users\/1"}],"replies":[{"embeddable":true,"href":"https:\/\/beauty-company-weyhe.de\/index.php\/wp-json\/wp\/v2\/comments?post=38"}],"version-history":[{"count":10,"href":"https:\/\/beauty-company-weyhe.de\/index.php\/wp-json\/wp\/v2\/pages\/38\/revisions"}],"predecessor-version":[{"id":689,"href":"https:\/\/beauty-company-weyhe.de\/index.php\/wp-json\/wp\/v2\/pages\/38\/revisions\/689"}],"wp:attachment":[{"href":"https:\/\/beauty-company-weyhe.de\/index.php\/wp-json\/wp\/v2\/media?parent=38"}],"curies":[{"name":"wp","href":"https:\/\/api.w.org\/{rel}","templated":true}]}}