{"id":43,"date":"2015-07-13T21:13:07","date_gmt":"2015-07-13T19:13:07","guid":{"rendered":"http:\/\/beauty-company-weyhe.de.w0136ebd.kasserver.com\/?page_id=43"},"modified":"2018-05-23T20:52:48","modified_gmt":"2018-05-23T18:52:48","slug":"team","status":"publish","type":"page","link":"https:\/\/beauty-company-weyhe.de\/index.php\/team\/","title":{"rendered":"\u00dcber mich"},"content":{"rendered":"<p style=\"text-align: center;\"><span style=\"color: #08c;\"><strong>Jessica Ryberg (Micro Needling, Diamant-Microdermabrasion,<\/strong><\/span><\/p>\n<p style=\"text-align: center;\"><span style=\"color: #08c;\"><strong>Wimpernlifting, Wimpernverl\u00e4ngerung, Fruchts\u00e4urebehandlung und medizinische Kosmetik)<\/strong><\/span><\/p>\n<p>Als Inhaberin und eine von innovativen Technologien begeisterte medizinische Kosmetikerin lege ich gro\u00dfen Wert auf h\u00f6chste Qualit\u00e4t. Meine Leidenschaft wurde zum Beruf, was sich in meiner Arbeit widerspiegelt. Mir liegt viel daran mit Ihnen gemeinsam die Vorstellung von sch\u00f6ner und gepflegter Haut zu verwirklichen. Jede Haut ist so individuell wie ihr Fingerabdruck. Gerne stelle ich mich auf Ihre W\u00fcnsche und Ziele ein und wir arbeiten gemeinsam an Ihrem ganz pers\u00f6nlichen Plan, der sie ihren Vorstellungen n\u00e4her bringt.<br \/>\n&nbsp;<\/p>\n<hr \/>\n","protected":false},"excerpt":{"rendered":"<p>Jessica Ryberg (Micro Needling, Diamant-Microdermabrasion, Wimpernlifting, Wimpernverl\u00e4ngerung, Fruchts\u00e4urebehandlung und medizinische Kosmetik) Als Inhaberin und eine von innovativen Technologien begeisterte medizinische Kosmetikerin lege ich gro\u00dfen Wert auf h\u00f6chste Qualit\u00e4t. Meine Leidenschaft wurde zum Beruf, was sich in meiner Arbeit widerspiegelt. Mir liegt viel daran mit Ihnen gemeinsam die Vorstellung von sch\u00f6ner und gepflegter Haut zu verwirklichen. [&hellip;]<\/p>\n","protected":false},"author":1,"featured_media":0,"parent":0,"menu_order":0,"comment_status":"closed","ping_status":"closed","template":"","meta":{"jetpack_post_was_ever_published":false,"footnotes":""},"class_list":["post-43","page","type-page","status-publish","czr-hentry"],"yoast_head":"<!-- This site is optimized with the Yoast SEO plugin v27.0 - https:\/\/yoast.com\/product\/yoast-seo-wordpress\/ -->\n<title>\u00dcber mich - Beauty Company Weyhe<\/title>\n<meta name=\"robots\" content=\"index, follow, max-snippet:-1, max-image-preview:large, max-video-preview:-1\" \/>\n<link rel=\"canonical\" href=\"https:\/\/beauty-company-weyhe.de\/index.php\/team\/\" \/>\n<meta property=\"og:locale\" content=\"de_DE\" \/>\n<meta property=\"og:type\" content=\"article\" \/>\n<meta property=\"og:title\" content=\"\u00dcber mich - Beauty Company Weyhe\" \/>\n<meta property=\"og:description\" content=\"Jessica Ryberg (Micro Needling, Diamant-Microdermabrasion, Wimpernlifting, Wimpernverl\u00e4ngerung, Fruchts\u00e4urebehandlung und medizinische Kosmetik) Als Inhaberin und eine von innovativen Technologien begeisterte medizinische Kosmetikerin lege ich gro\u00dfen Wert auf h\u00f6chste Qualit\u00e4t. Meine Leidenschaft wurde zum Beruf, was sich in meiner Arbeit widerspiegelt. Mir liegt viel daran mit Ihnen gemeinsam die Vorstellung von sch\u00f6ner und gepflegter Haut zu verwirklichen. [&hellip;]\" \/>\n<meta property=\"og:url\" content=\"https:\/\/beauty-company-weyhe.de\/index.php\/team\/\" \/>\n<meta property=\"og:site_name\" content=\"Beauty Company Weyhe\" \/>\n<meta property=\"article:publisher\" content=\"https:\/\/www.facebook.com\/beautycompanyweyhe\/\" \/>\n<meta property=\"article:modified_time\" content=\"2018-05-23T18:52:48+00:00\" \/>\n<meta name=\"twitter:card\" content=\"summary_large_image\" \/>\n<script type=\"application\/ld+json\" class=\"yoast-schema-graph\">{\"@context\":\"https:\/\/schema.org\",\"@graph\":[{\"@type\":\"WebPage\",\"@id\":\"https:\/\/beauty-company-weyhe.de\/index.php\/team\/\",\"url\":\"https:\/\/beauty-company-weyhe.de\/index.php\/team\/\",\"name\":\"\u00dcber mich - Beauty Company Weyhe\",\"isPartOf\":{\"@id\":\"https:\/\/beauty-company-weyhe.de\/#website\"},\"datePublished\":\"2015-07-13T19:13:07+00:00\",\"dateModified\":\"2018-05-23T18:52:48+00:00\",\"breadcrumb\":{\"@id\":\"https:\/\/beauty-company-weyhe.de\/index.php\/team\/#breadcrumb\"},\"inLanguage\":\"de\",\"potentialAction\":[{\"@type\":\"ReadAction\",\"target\":[\"https:\/\/beauty-company-weyhe.de\/index.php\/team\/\"]}]},{\"@type\":\"BreadcrumbList\",\"@id\":\"https:\/\/beauty-company-weyhe.de\/index.php\/team\/#breadcrumb\",\"itemListElement\":[{\"@type\":\"ListItem\",\"position\":1,\"name\":\"Startseite\",\"item\":\"https:\/\/beauty-company-weyhe.de\/\"},{\"@type\":\"ListItem\",\"position\":2,\"name\":\"\u00dcber mich\"}]},{\"@type\":\"WebSite\",\"@id\":\"https:\/\/beauty-company-weyhe.de\/#website\",\"url\":\"https:\/\/beauty-company-weyhe.de\/\",\"name\":\"Beauty Company Weyhe\",\"description\":\"Ob Falten, unreine Haut oder Narbengewebe, die intensive Pflege, Heilung und Gesunderhaltung Ihrer Haut ist unser Spezialgebiet.\",\"publisher\":{\"@id\":\"https:\/\/beauty-company-weyhe.de\/#organization\"},\"potentialAction\":[{\"@type\":\"SearchAction\",\"target\":{\"@type\":\"EntryPoint\",\"urlTemplate\":\"https:\/\/beauty-company-weyhe.de\/?s={search_term_string}\"},\"query-input\":{\"@type\":\"PropertyValueSpecification\",\"valueRequired\":true,\"valueName\":\"search_term_string\"}}],\"inLanguage\":\"de\"},{\"@type\":\"Organization\",\"@id\":\"https:\/\/beauty-company-weyhe.de\/#organization\",\"name\":\"Beauty Company Weyhe\",\"url\":\"https:\/\/beauty-company-weyhe.de\/\",\"logo\":{\"@type\":\"ImageObject\",\"inLanguage\":\"de\",\"@id\":\"https:\/\/beauty-company-weyhe.de\/#\/schema\/logo\/image\/\",\"url\":\"https:\/\/beauty-company-weyhe.de\/wp-content\/uploads\/2016\/07\/cropped-BCW_Facebook_2.png\",\"contentUrl\":\"https:\/\/beauty-company-weyhe.de\/wp-content\/uploads\/2016\/07\/cropped-BCW_Facebook_2.png\",\"width\":512,\"height\":512,\"caption\":\"Beauty Company Weyhe\"},\"image\":{\"@id\":\"https:\/\/beauty-company-weyhe.de\/#\/schema\/logo\/image\/\"},\"sameAs\":[\"https:\/\/www.facebook.com\/beautycompanyweyhe\/\"]}]}<\/script>\n<!-- \/ Yoast SEO plugin. -->","yoast_head_json":{"title":"\u00dcber mich - Beauty Company Weyhe","robots":{"index":"index","follow":"follow","max-snippet":"max-snippet:-1","max-image-preview":"max-image-preview:large","max-video-preview":"max-video-preview:-1"},"canonical":"https:\/\/beauty-company-weyhe.de\/index.php\/team\/","og_locale":"de_DE","og_type":"article","og_title":"\u00dcber mich - Beauty Company Weyhe","og_description":"Jessica Ryberg (Micro Needling, Diamant-Microdermabrasion, Wimpernlifting, Wimpernverl\u00e4ngerung, Fruchts\u00e4urebehandlung und medizinische Kosmetik) Als Inhaberin und eine von innovativen Technologien begeisterte medizinische Kosmetikerin lege ich gro\u00dfen Wert auf h\u00f6chste Qualit\u00e4t. Meine Leidenschaft wurde zum Beruf, was sich in meiner Arbeit widerspiegelt. Mir liegt viel daran mit Ihnen gemeinsam die Vorstellung von sch\u00f6ner und gepflegter Haut zu verwirklichen. [&hellip;]","og_url":"https:\/\/beauty-company-weyhe.de\/index.php\/team\/","og_site_name":"Beauty Company Weyhe","article_publisher":"https:\/\/www.facebook.com\/beautycompanyweyhe\/","article_modified_time":"2018-05-23T18:52:48+00:00","twitter_card":"summary_large_image","schema":{"@context":"https:\/\/schema.org","@graph":[{"@type":"WebPage","@id":"https:\/\/beauty-company-weyhe.de\/index.php\/team\/","url":"https:\/\/beauty-company-weyhe.de\/index.php\/team\/","name":"\u00dcber mich - Beauty Company Weyhe","isPartOf":{"@id":"https:\/\/beauty-company-weyhe.de\/#website"},"datePublished":"2015-07-13T19:13:07+00:00","dateModified":"2018-05-23T18:52:48+00:00","breadcrumb":{"@id":"https:\/\/beauty-company-weyhe.de\/index.php\/team\/#breadcrumb"},"inLanguage":"de","potentialAction":[{"@type":"ReadAction","target":["https:\/\/beauty-company-weyhe.de\/index.php\/team\/"]}]},{"@type":"BreadcrumbList","@id":"https:\/\/beauty-company-weyhe.de\/index.php\/team\/#breadcrumb","itemListElement":[{"@type":"ListItem","position":1,"name":"Startseite","item":"https:\/\/beauty-company-weyhe.de\/"},{"@type":"ListItem","position":2,"name":"\u00dcber mich"}]},{"@type":"WebSite","@id":"https:\/\/beauty-company-weyhe.de\/#website","url":"https:\/\/beauty-company-weyhe.de\/","name":"Beauty Company Weyhe","description":"Ob Falten, unreine Haut oder Narbengewebe, die intensive Pflege, Heilung und Gesunderhaltung Ihrer Haut ist unser Spezialgebiet.","publisher":{"@id":"https:\/\/beauty-company-weyhe.de\/#organization"},"potentialAction":[{"@type":"SearchAction","target":{"@type":"EntryPoint","urlTemplate":"https:\/\/beauty-company-weyhe.de\/?s={search_term_string}"},"query-input":{"@type":"PropertyValueSpecification","valueRequired":true,"valueName":"search_term_string"}}],"inLanguage":"de"},{"@type":"Organization","@id":"https:\/\/beauty-company-weyhe.de\/#organization","name":"Beauty Company Weyhe","url":"https:\/\/beauty-company-weyhe.de\/","logo":{"@type":"ImageObject","inLanguage":"de","@id":"https:\/\/beauty-company-weyhe.de\/#\/schema\/logo\/image\/","url":"https:\/\/beauty-company-weyhe.de\/wp-content\/uploads\/2016\/07\/cropped-BCW_Facebook_2.png","contentUrl":"https:\/\/beauty-company-weyhe.de\/wp-content\/uploads\/2016\/07\/cropped-BCW_Facebook_2.png","width":512,"height":512,"caption":"Beauty Company Weyhe"},"image":{"@id":"https:\/\/beauty-company-weyhe.de\/#\/schema\/logo\/image\/"},"sameAs":["https:\/\/www.facebook.com\/beautycompanyweyhe\/"]}]}},"jetpack_sharing_enabled":true,"jetpack_shortlink":"https:\/\/wp.me\/P6t8sO-H","_links":{"self":[{"href":"https:\/\/beauty-company-weyhe.de\/index.php\/wp-json\/wp\/v2\/pages\/43","targetHints":{"allow":["GET"]}}],"collection":[{"href":"https:\/\/beauty-company-weyhe.de\/index.php\/wp-json\/wp\/v2\/pages"}],"about":[{"href":"https:\/\/beauty-company-weyhe.de\/index.php\/wp-json\/wp\/v2\/types\/page"}],"author":[{"embeddable":true,"href":"https:\/\/beauty-company-weyhe.de\/index.php\/wp-json\/wp\/v2\/users\/1"}],"replies":[{"embeddable":true,"href":"https:\/\/beauty-company-weyhe.de\/index.php\/wp-json\/wp\/v2\/comments?post=43"}],"version-history":[{"count":46,"href":"https:\/\/beauty-company-weyhe.de\/index.php\/wp-json\/wp\/v2\/pages\/43\/revisions"}],"predecessor-version":[{"id":961,"href":"https:\/\/beauty-company-weyhe.de\/index.php\/wp-json\/wp\/v2\/pages\/43\/revisions\/961"}],"wp:attachment":[{"href":"https:\/\/beauty-company-weyhe.de\/index.php\/wp-json\/wp\/v2\/media?parent=43"}],"curies":[{"name":"wp","href":"https:\/\/api.w.org\/{rel}","templated":true}]}}