{"id":446,"date":"2015-09-23T15:20:01","date_gmt":"2015-09-23T13:20:01","guid":{"rendered":"http:\/\/beauty-company-weyhe.de\/?page_id=446"},"modified":"2016-11-15T16:28:44","modified_gmt":"2016-11-15T15:28:44","slug":"medical-beauty","status":"publish","type":"page","link":"https:\/\/beauty-company-weyhe.de\/index.php\/medical-beauty\/","title":{"rendered":"Medical Beauty"},"content":{"rendered":"<h3>Erfahren Sie mehr \u00fcber unsere Kooperationspartner.<\/h3>\n<p>Wir haben uns die Frage gestellt, wie kann man in der heuten Zeit Gesundheit und Sch\u00f6nheit beeinflussen und nachhaltige Ergebnisse erzielen? Medical Beauty ist die Synergie von dem perfekten Zusammenspiel von Medizinkosmetik und \u00e4sthetischer Medizin. Wir pflegen enge Kooperationen mit Medizinern und Heilpraktikern und verbinden Cosmeceuticals (Kosmetikprodukte mit medizinischer Wirkung) mit \u00e4sthetischer Medizin. Vor \u00e4sthetischen Eingriffen oder zur Nachbehandlung begleiten wir Sie und auch bei den Fragen &#8222;Wie verbessere ich meine Narben und welche kosmetischen Produkte braucht meine Haut jetzt?&#8220; So k\u00f6nnen wir Ihnen umfassende und anhaltende Erfolge garantieren.<br \/>\n&nbsp;<\/p>\n<hr \/>\n<p style=\"text-align: center;\"><strong><img loading=\"lazy\" decoding=\"async\" class=\"aligncenter wp-image-448 size-full\" src=\"https:\/\/beauty-company-weyhe.de\/wp-content\/uploads\/2015\/09\/Dr_Hebebrand_m.png\" alt=\"Dr_Hebebrand_m\" width=\"200\" height=\"200\" srcset=\"https:\/\/beauty-company-weyhe.de\/wp-content\/uploads\/2015\/09\/Dr_Hebebrand_m.png 200w, https:\/\/beauty-company-weyhe.de\/wp-content\/uploads\/2015\/09\/Dr_Hebebrand_m-150x150.png 150w\" sizes=\"auto, (max-width: 200px) 100vw, 200px\" \/><span style=\"color: #08c;\">Prof. Dr. med. Detlev Hebebrand<\/span><\/strong><\/p>\n<p>&nbsp;<br \/>\nProf. Dr. med. Detlev Hebebrand ist seit 2001 Chefarzt f\u00fcr plastische und rekonstruktive Chirurgie, Handchirurgie im AGAPLESION DIAKONIEKLINIKUM ROTHENBURG. Er ber\u00e4t Sie gerne in den Bereichen der plastisch-\u00e4sthetischen Eingriffe sowie wie in der Mammachirurgie (Brustchirurgie). Bei besonderen Herausforderungen steht er unserem Team beratend zur Seite.<br \/>\n&nbsp;<\/p>\n<p style=\"text-align: center;\"><strong><img loading=\"lazy\" decoding=\"async\" class=\"aligncenter wp-image-449 size-full\" src=\"https:\/\/beauty-company-weyhe.de\/wp-content\/uploads\/2015\/09\/Dr_Hebebrand_w.png\" alt=\"Dr_Hebebrand_w\" width=\"200\" height=\"200\" srcset=\"https:\/\/beauty-company-weyhe.de\/wp-content\/uploads\/2015\/09\/Dr_Hebebrand_w.png 200w, https:\/\/beauty-company-weyhe.de\/wp-content\/uploads\/2015\/09\/Dr_Hebebrand_w-150x150.png 150w\" sizes=\"auto, (max-width: 200px) 100vw, 200px\" \/><span style=\"color: #08c;\">Dr. med. Dorothea Hebebrand<\/strong><\/span><\/p>\n<p>&nbsp;<br \/>\nDr. med. Dorothea Hebebrand ist Fach\u00e4rztin f\u00fcr Plastische und \u00c4sthetische Chirurgie sowie Fach\u00e4rztin f\u00fcr Allgemeinmedizin. Ihre Schwerpunkte sind die Faltentherapie, \u00c4sthetische Operationen und die Lasertherapie. Patientenorientierte Beratung und das vielseitige Spektrum Ihrer Behandlungen k\u00f6nnen Sie in der angenehmen, entspannten Atmosph\u00e4re des MEYBRAND Instituts jederzeit gerne in Anspruch nehmen.<\/p>\n","protected":false},"excerpt":{"rendered":"<p>Erfahren Sie mehr \u00fcber unsere Kooperationspartner. Wir haben uns die Frage gestellt, wie kann man in der heuten Zeit Gesundheit und Sch\u00f6nheit beeinflussen und nachhaltige Ergebnisse erzielen? Medical Beauty ist die Synergie von dem perfekten Zusammenspiel von Medizinkosmetik und \u00e4sthetischer Medizin. Wir pflegen enge Kooperationen mit Medizinern und Heilpraktikern und verbinden Cosmeceuticals (Kosmetikprodukte mit medizinischer [&hellip;]<\/p>\n","protected":false},"author":1,"featured_media":0,"parent":0,"menu_order":0,"comment_status":"closed","ping_status":"closed","template":"","meta":{"jetpack_post_was_ever_published":false,"footnotes":""},"class_list":["post-446","page","type-page","status-publish","czr-hentry"],"yoast_head":"<!-- This site is optimized with the Yoast SEO plugin v27.0 - https:\/\/yoast.com\/product\/yoast-seo-wordpress\/ -->\n<title>Medical Beauty - Beauty Company Weyhe<\/title>\n<meta name=\"robots\" content=\"index, follow, max-snippet:-1, max-image-preview:large, max-video-preview:-1\" \/>\n<link rel=\"canonical\" href=\"https:\/\/beauty-company-weyhe.de\/index.php\/medical-beauty\/\" \/>\n<meta property=\"og:locale\" content=\"de_DE\" \/>\n<meta property=\"og:type\" content=\"article\" \/>\n<meta property=\"og:title\" content=\"Medical Beauty - Beauty Company Weyhe\" \/>\n<meta property=\"og:description\" content=\"Erfahren Sie mehr \u00fcber unsere Kooperationspartner. Wir haben uns die Frage gestellt, wie kann man in der heuten Zeit Gesundheit und Sch\u00f6nheit beeinflussen und nachhaltige Ergebnisse erzielen? Medical Beauty ist die Synergie von dem perfekten Zusammenspiel von Medizinkosmetik und \u00e4sthetischer Medizin. Wir pflegen enge Kooperationen mit Medizinern und Heilpraktikern und verbinden Cosmeceuticals (Kosmetikprodukte mit medizinischer [&hellip;]\" \/>\n<meta property=\"og:url\" content=\"https:\/\/beauty-company-weyhe.de\/index.php\/medical-beauty\/\" \/>\n<meta property=\"og:site_name\" content=\"Beauty Company Weyhe\" \/>\n<meta property=\"article:publisher\" content=\"https:\/\/www.facebook.com\/beautycompanyweyhe\/\" \/>\n<meta property=\"article:modified_time\" content=\"2016-11-15T15:28:44+00:00\" \/>\n<meta property=\"og:image\" content=\"https:\/\/beauty-company-weyhe.de\/wp-content\/uploads\/2015\/09\/Dr_Hebebrand_m.png\" \/>\n<meta name=\"twitter:card\" content=\"summary_large_image\" \/>\n<meta name=\"twitter:label1\" content=\"Gesch\u00e4tzte Lesezeit\" \/>\n\t<meta name=\"twitter:data1\" content=\"1\u00a0Minute\" \/>\n<script type=\"application\/ld+json\" class=\"yoast-schema-graph\">{\"@context\":\"https:\/\/schema.org\",\"@graph\":[{\"@type\":\"WebPage\",\"@id\":\"https:\/\/beauty-company-weyhe.de\/index.php\/medical-beauty\/\",\"url\":\"https:\/\/beauty-company-weyhe.de\/index.php\/medical-beauty\/\",\"name\":\"Medical Beauty - Beauty Company Weyhe\",\"isPartOf\":{\"@id\":\"https:\/\/beauty-company-weyhe.de\/#website\"},\"primaryImageOfPage\":{\"@id\":\"https:\/\/beauty-company-weyhe.de\/index.php\/medical-beauty\/#primaryimage\"},\"image\":{\"@id\":\"https:\/\/beauty-company-weyhe.de\/index.php\/medical-beauty\/#primaryimage\"},\"thumbnailUrl\":\"https:\/\/beauty-company-weyhe.de\/wp-content\/uploads\/2015\/09\/Dr_Hebebrand_m.png\",\"datePublished\":\"2015-09-23T13:20:01+00:00\",\"dateModified\":\"2016-11-15T15:28:44+00:00\",\"breadcrumb\":{\"@id\":\"https:\/\/beauty-company-weyhe.de\/index.php\/medical-beauty\/#breadcrumb\"},\"inLanguage\":\"de\",\"potentialAction\":[{\"@type\":\"ReadAction\",\"target\":[\"https:\/\/beauty-company-weyhe.de\/index.php\/medical-beauty\/\"]}]},{\"@type\":\"ImageObject\",\"inLanguage\":\"de\",\"@id\":\"https:\/\/beauty-company-weyhe.de\/index.php\/medical-beauty\/#primaryimage\",\"url\":\"https:\/\/beauty-company-weyhe.de\/wp-content\/uploads\/2015\/09\/Dr_Hebebrand_m.png\",\"contentUrl\":\"https:\/\/beauty-company-weyhe.de\/wp-content\/uploads\/2015\/09\/Dr_Hebebrand_m.png\",\"width\":200,\"height\":200},{\"@type\":\"BreadcrumbList\",\"@id\":\"https:\/\/beauty-company-weyhe.de\/index.php\/medical-beauty\/#breadcrumb\",\"itemListElement\":[{\"@type\":\"ListItem\",\"position\":1,\"name\":\"Startseite\",\"item\":\"https:\/\/beauty-company-weyhe.de\/\"},{\"@type\":\"ListItem\",\"position\":2,\"name\":\"Medical Beauty\"}]},{\"@type\":\"WebSite\",\"@id\":\"https:\/\/beauty-company-weyhe.de\/#website\",\"url\":\"https:\/\/beauty-company-weyhe.de\/\",\"name\":\"Beauty Company Weyhe\",\"description\":\"Ob Falten, unreine Haut oder Narbengewebe, die intensive Pflege, Heilung und Gesunderhaltung Ihrer Haut ist unser Spezialgebiet.\",\"publisher\":{\"@id\":\"https:\/\/beauty-company-weyhe.de\/#organization\"},\"potentialAction\":[{\"@type\":\"SearchAction\",\"target\":{\"@type\":\"EntryPoint\",\"urlTemplate\":\"https:\/\/beauty-company-weyhe.de\/?s={search_term_string}\"},\"query-input\":{\"@type\":\"PropertyValueSpecification\",\"valueRequired\":true,\"valueName\":\"search_term_string\"}}],\"inLanguage\":\"de\"},{\"@type\":\"Organization\",\"@id\":\"https:\/\/beauty-company-weyhe.de\/#organization\",\"name\":\"Beauty Company Weyhe\",\"url\":\"https:\/\/beauty-company-weyhe.de\/\",\"logo\":{\"@type\":\"ImageObject\",\"inLanguage\":\"de\",\"@id\":\"https:\/\/beauty-company-weyhe.de\/#\/schema\/logo\/image\/\",\"url\":\"https:\/\/beauty-company-weyhe.de\/wp-content\/uploads\/2016\/07\/cropped-BCW_Facebook_2.png\",\"contentUrl\":\"https:\/\/beauty-company-weyhe.de\/wp-content\/uploads\/2016\/07\/cropped-BCW_Facebook_2.png\",\"width\":512,\"height\":512,\"caption\":\"Beauty Company Weyhe\"},\"image\":{\"@id\":\"https:\/\/beauty-company-weyhe.de\/#\/schema\/logo\/image\/\"},\"sameAs\":[\"https:\/\/www.facebook.com\/beautycompanyweyhe\/\"]}]}<\/script>\n<!-- \/ Yoast SEO plugin. -->","yoast_head_json":{"title":"Medical Beauty - Beauty Company Weyhe","robots":{"index":"index","follow":"follow","max-snippet":"max-snippet:-1","max-image-preview":"max-image-preview:large","max-video-preview":"max-video-preview:-1"},"canonical":"https:\/\/beauty-company-weyhe.de\/index.php\/medical-beauty\/","og_locale":"de_DE","og_type":"article","og_title":"Medical Beauty - Beauty Company Weyhe","og_description":"Erfahren Sie mehr \u00fcber unsere Kooperationspartner. Wir haben uns die Frage gestellt, wie kann man in der heuten Zeit Gesundheit und Sch\u00f6nheit beeinflussen und nachhaltige Ergebnisse erzielen? Medical Beauty ist die Synergie von dem perfekten Zusammenspiel von Medizinkosmetik und \u00e4sthetischer Medizin. Wir pflegen enge Kooperationen mit Medizinern und Heilpraktikern und verbinden Cosmeceuticals (Kosmetikprodukte mit medizinischer [&hellip;]","og_url":"https:\/\/beauty-company-weyhe.de\/index.php\/medical-beauty\/","og_site_name":"Beauty Company Weyhe","article_publisher":"https:\/\/www.facebook.com\/beautycompanyweyhe\/","article_modified_time":"2016-11-15T15:28:44+00:00","og_image":[{"url":"https:\/\/beauty-company-weyhe.de\/wp-content\/uploads\/2015\/09\/Dr_Hebebrand_m.png","type":"","width":"","height":""}],"twitter_card":"summary_large_image","twitter_misc":{"Gesch\u00e4tzte Lesezeit":"1\u00a0Minute"},"schema":{"@context":"https:\/\/schema.org","@graph":[{"@type":"WebPage","@id":"https:\/\/beauty-company-weyhe.de\/index.php\/medical-beauty\/","url":"https:\/\/beauty-company-weyhe.de\/index.php\/medical-beauty\/","name":"Medical Beauty - Beauty Company Weyhe","isPartOf":{"@id":"https:\/\/beauty-company-weyhe.de\/#website"},"primaryImageOfPage":{"@id":"https:\/\/beauty-company-weyhe.de\/index.php\/medical-beauty\/#primaryimage"},"image":{"@id":"https:\/\/beauty-company-weyhe.de\/index.php\/medical-beauty\/#primaryimage"},"thumbnailUrl":"https:\/\/beauty-company-weyhe.de\/wp-content\/uploads\/2015\/09\/Dr_Hebebrand_m.png","datePublished":"2015-09-23T13:20:01+00:00","dateModified":"2016-11-15T15:28:44+00:00","breadcrumb":{"@id":"https:\/\/beauty-company-weyhe.de\/index.php\/medical-beauty\/#breadcrumb"},"inLanguage":"de","potentialAction":[{"@type":"ReadAction","target":["https:\/\/beauty-company-weyhe.de\/index.php\/medical-beauty\/"]}]},{"@type":"ImageObject","inLanguage":"de","@id":"https:\/\/beauty-company-weyhe.de\/index.php\/medical-beauty\/#primaryimage","url":"https:\/\/beauty-company-weyhe.de\/wp-content\/uploads\/2015\/09\/Dr_Hebebrand_m.png","contentUrl":"https:\/\/beauty-company-weyhe.de\/wp-content\/uploads\/2015\/09\/Dr_Hebebrand_m.png","width":200,"height":200},{"@type":"BreadcrumbList","@id":"https:\/\/beauty-company-weyhe.de\/index.php\/medical-beauty\/#breadcrumb","itemListElement":[{"@type":"ListItem","position":1,"name":"Startseite","item":"https:\/\/beauty-company-weyhe.de\/"},{"@type":"ListItem","position":2,"name":"Medical Beauty"}]},{"@type":"WebSite","@id":"https:\/\/beauty-company-weyhe.de\/#website","url":"https:\/\/beauty-company-weyhe.de\/","name":"Beauty Company Weyhe","description":"Ob Falten, unreine Haut oder Narbengewebe, die intensive Pflege, Heilung und Gesunderhaltung Ihrer Haut ist unser Spezialgebiet.","publisher":{"@id":"https:\/\/beauty-company-weyhe.de\/#organization"},"potentialAction":[{"@type":"SearchAction","target":{"@type":"EntryPoint","urlTemplate":"https:\/\/beauty-company-weyhe.de\/?s={search_term_string}"},"query-input":{"@type":"PropertyValueSpecification","valueRequired":true,"valueName":"search_term_string"}}],"inLanguage":"de"},{"@type":"Organization","@id":"https:\/\/beauty-company-weyhe.de\/#organization","name":"Beauty Company Weyhe","url":"https:\/\/beauty-company-weyhe.de\/","logo":{"@type":"ImageObject","inLanguage":"de","@id":"https:\/\/beauty-company-weyhe.de\/#\/schema\/logo\/image\/","url":"https:\/\/beauty-company-weyhe.de\/wp-content\/uploads\/2016\/07\/cropped-BCW_Facebook_2.png","contentUrl":"https:\/\/beauty-company-weyhe.de\/wp-content\/uploads\/2016\/07\/cropped-BCW_Facebook_2.png","width":512,"height":512,"caption":"Beauty Company Weyhe"},"image":{"@id":"https:\/\/beauty-company-weyhe.de\/#\/schema\/logo\/image\/"},"sameAs":["https:\/\/www.facebook.com\/beautycompanyweyhe\/"]}]}},"jetpack_sharing_enabled":true,"jetpack_shortlink":"https:\/\/wp.me\/P6t8sO-7c","_links":{"self":[{"href":"https:\/\/beauty-company-weyhe.de\/index.php\/wp-json\/wp\/v2\/pages\/446","targetHints":{"allow":["GET"]}}],"collection":[{"href":"https:\/\/beauty-company-weyhe.de\/index.php\/wp-json\/wp\/v2\/pages"}],"about":[{"href":"https:\/\/beauty-company-weyhe.de\/index.php\/wp-json\/wp\/v2\/types\/page"}],"author":[{"embeddable":true,"href":"https:\/\/beauty-company-weyhe.de\/index.php\/wp-json\/wp\/v2\/users\/1"}],"replies":[{"embeddable":true,"href":"https:\/\/beauty-company-weyhe.de\/index.php\/wp-json\/wp\/v2\/comments?post=446"}],"version-history":[{"count":7,"href":"https:\/\/beauty-company-weyhe.de\/index.php\/wp-json\/wp\/v2\/pages\/446\/revisions"}],"predecessor-version":[{"id":632,"href":"https:\/\/beauty-company-weyhe.de\/index.php\/wp-json\/wp\/v2\/pages\/446\/revisions\/632"}],"wp:attachment":[{"href":"https:\/\/beauty-company-weyhe.de\/index.php\/wp-json\/wp\/v2\/media?parent=446"}],"curies":[{"name":"wp","href":"https:\/\/api.w.org\/{rel}","templated":true}]}}