{"id":480,"date":"2015-10-29T13:54:13","date_gmt":"2015-10-29T12:54:13","guid":{"rendered":"http:\/\/beauty-company-weyhe.de\/?page_id=480"},"modified":"2016-11-15T16:17:46","modified_gmt":"2016-11-15T15:17:46","slug":"wimpernverlaengerung","status":"publish","type":"page","link":"https:\/\/beauty-company-weyhe.de\/index.php\/wimpernverlaengerung\/","title":{"rendered":"Wimpernverl\u00e4ngerung"},"content":{"rendered":"<h3>Beste Qualit\u00e4t f\u00fcr Ihre Wimpern.<\/h3>\n<p>Nat\u00fcrlich sch\u00f6ne Wimpern f\u00fcr permanente Wimpernverl\u00e4ngerung oder Verdichtung. Unsere, aus synthetischer Faser hergestellten Wimpern, garantieren ein nat\u00fcrliches Aussehen und angenehmes Tragegef\u00fchl.<br \/>\n&nbsp;<br \/>\n<img loading=\"lazy\" decoding=\"async\" src=\"https:\/\/beauty-company-weyhe.de\/wp-content\/uploads\/2015\/10\/Wimpern_howto.png\" alt=\"Wimpern_howto\" width=\"600\" height=\"250\" class=\"aligncenter size-full wp-image-481\" srcset=\"https:\/\/beauty-company-weyhe.de\/wp-content\/uploads\/2015\/10\/Wimpern_howto.png 600w, https:\/\/beauty-company-weyhe.de\/wp-content\/uploads\/2015\/10\/Wimpern_howto-300x125.png 300w\" sizes=\"auto, (max-width: 600px) 100vw, 600px\" \/><\/p>\n<p>Diese Wimpern sind aus synthetischen Material. Sie sind den Eigenwimpern nachempfunden und werden zur Spitze hin d\u00fcnner. Ich verwende bei dieser Technik verschiedene L\u00e4ngen (7-15 mm), damit der Look individuell nach Ihrem Wunsch angebracht werden kann. Mit dieser professionellen Wimpernverl\u00e4ngerung kann auf Wimperntusche verzichtet werden. Die schwarze F\u00e4rbung sorgt f\u00fcr einen nat\u00fcrlichen Look. Auch Ihr Sport-\/ Training, sowie Sonnenbaden, Saunag\u00e4nge oder Schwimmen sind weiterhin m\u00f6glich. Der wahrscheinlich glamour\u00f6seste Look, ist mir eine Herzensangelegenheit.<\/p>\n<p>Durch regelm\u00e4\u00dfiges Auff\u00fcllen alle 3-4 Wochen wird das volle Volumen erhalten und verst\u00e4rkt.<br \/>\n&nbsp;<br \/>\n&nbsp;<br \/>\nGerne berate ich Sie in einem pers\u00f6nlichen Gespr\u00e4ch!<br \/>\n&nbsp;<\/p>\n<hr \/>\n<p><img loading=\"lazy\" decoding=\"async\" src=\"https:\/\/beauty-company-weyhe.de\/wp-content\/uploads\/2015\/07\/jessica_team-150x150.png\" alt=\"jessica_team\" width=\"150\" height=\"150\" class=\"alignleft size-thumbnail wp-image-472\" srcset=\"https:\/\/beauty-company-weyhe.de\/wp-content\/uploads\/2015\/07\/jessica_team-150x150.png 150w, https:\/\/beauty-company-weyhe.de\/wp-content\/uploads\/2015\/07\/jessica_team.png 200w\" sizes=\"auto, (max-width: 150px) 100vw, 150px\" \/><br \/>\n<strong>Ihre Ansprechpartnerin:<\/strong><br \/>\nJessica Ryberg<\/p>\n<p><a href=\"mailto:info@beauty-company-weyhe.de\">info@beauty-company-weyhe.de<\/a><\/p>\n","protected":false},"excerpt":{"rendered":"<p>Beste Qualit\u00e4t f\u00fcr Ihre Wimpern. Nat\u00fcrlich sch\u00f6ne Wimpern f\u00fcr permanente Wimpernverl\u00e4ngerung oder Verdichtung. Unsere, aus synthetischer Faser hergestellten Wimpern, garantieren ein nat\u00fcrliches Aussehen und angenehmes Tragegef\u00fchl. &nbsp; Diese Wimpern sind aus synthetischen Material. Sie sind den Eigenwimpern nachempfunden und werden zur Spitze hin d\u00fcnner. Ich verwende bei dieser Technik verschiedene L\u00e4ngen (7-15 mm), damit der [&hellip;]<\/p>\n","protected":false},"author":1,"featured_media":0,"parent":0,"menu_order":0,"comment_status":"closed","ping_status":"closed","template":"","meta":{"jetpack_post_was_ever_published":false,"footnotes":""},"class_list":["post-480","page","type-page","status-publish","czr-hentry"],"yoast_head":"<!-- This site is optimized with the Yoast SEO plugin v27.0 - https:\/\/yoast.com\/product\/yoast-seo-wordpress\/ -->\n<title>Wimpernverl\u00e4ngerung - Beauty Company Weyhe<\/title>\n<meta name=\"robots\" content=\"index, follow, max-snippet:-1, max-image-preview:large, max-video-preview:-1\" \/>\n<link rel=\"canonical\" href=\"https:\/\/beauty-company-weyhe.de\/index.php\/wimpernverlaengerung\/\" \/>\n<meta property=\"og:locale\" content=\"de_DE\" \/>\n<meta property=\"og:type\" content=\"article\" \/>\n<meta property=\"og:title\" content=\"Wimpernverl\u00e4ngerung - Beauty Company Weyhe\" \/>\n<meta property=\"og:description\" content=\"Beste Qualit\u00e4t f\u00fcr Ihre Wimpern. Nat\u00fcrlich sch\u00f6ne Wimpern f\u00fcr permanente Wimpernverl\u00e4ngerung oder Verdichtung. Unsere, aus synthetischer Faser hergestellten Wimpern, garantieren ein nat\u00fcrliches Aussehen und angenehmes Tragegef\u00fchl. &nbsp; Diese Wimpern sind aus synthetischen Material. Sie sind den Eigenwimpern nachempfunden und werden zur Spitze hin d\u00fcnner. Ich verwende bei dieser Technik verschiedene L\u00e4ngen (7-15 mm), damit der [&hellip;]\" \/>\n<meta property=\"og:url\" content=\"https:\/\/beauty-company-weyhe.de\/index.php\/wimpernverlaengerung\/\" \/>\n<meta property=\"og:site_name\" content=\"Beauty Company Weyhe\" \/>\n<meta property=\"article:publisher\" content=\"https:\/\/www.facebook.com\/beautycompanyweyhe\/\" \/>\n<meta property=\"article:modified_time\" content=\"2016-11-15T15:17:46+00:00\" \/>\n<meta property=\"og:image\" content=\"https:\/\/beauty-company-weyhe.de\/wp-content\/uploads\/2015\/10\/Wimpern_howto.png\" \/>\n<meta name=\"twitter:card\" content=\"summary_large_image\" \/>\n<meta name=\"twitter:label1\" content=\"Gesch\u00e4tzte Lesezeit\" \/>\n\t<meta name=\"twitter:data1\" content=\"1\u00a0Minute\" \/>\n<script type=\"application\/ld+json\" class=\"yoast-schema-graph\">{\"@context\":\"https:\/\/schema.org\",\"@graph\":[{\"@type\":\"WebPage\",\"@id\":\"https:\/\/beauty-company-weyhe.de\/index.php\/wimpernverlaengerung\/\",\"url\":\"https:\/\/beauty-company-weyhe.de\/index.php\/wimpernverlaengerung\/\",\"name\":\"Wimpernverl\u00e4ngerung - Beauty Company Weyhe\",\"isPartOf\":{\"@id\":\"https:\/\/beauty-company-weyhe.de\/#website\"},\"primaryImageOfPage\":{\"@id\":\"https:\/\/beauty-company-weyhe.de\/index.php\/wimpernverlaengerung\/#primaryimage\"},\"image\":{\"@id\":\"https:\/\/beauty-company-weyhe.de\/index.php\/wimpernverlaengerung\/#primaryimage\"},\"thumbnailUrl\":\"https:\/\/beauty-company-weyhe.de\/wp-content\/uploads\/2015\/10\/Wimpern_howto.png\",\"datePublished\":\"2015-10-29T12:54:13+00:00\",\"dateModified\":\"2016-11-15T15:17:46+00:00\",\"breadcrumb\":{\"@id\":\"https:\/\/beauty-company-weyhe.de\/index.php\/wimpernverlaengerung\/#breadcrumb\"},\"inLanguage\":\"de\",\"potentialAction\":[{\"@type\":\"ReadAction\",\"target\":[\"https:\/\/beauty-company-weyhe.de\/index.php\/wimpernverlaengerung\/\"]}]},{\"@type\":\"ImageObject\",\"inLanguage\":\"de\",\"@id\":\"https:\/\/beauty-company-weyhe.de\/index.php\/wimpernverlaengerung\/#primaryimage\",\"url\":\"https:\/\/beauty-company-weyhe.de\/wp-content\/uploads\/2015\/10\/Wimpern_howto.png\",\"contentUrl\":\"https:\/\/beauty-company-weyhe.de\/wp-content\/uploads\/2015\/10\/Wimpern_howto.png\",\"width\":600,\"height\":250},{\"@type\":\"BreadcrumbList\",\"@id\":\"https:\/\/beauty-company-weyhe.de\/index.php\/wimpernverlaengerung\/#breadcrumb\",\"itemListElement\":[{\"@type\":\"ListItem\",\"position\":1,\"name\":\"Startseite\",\"item\":\"https:\/\/beauty-company-weyhe.de\/\"},{\"@type\":\"ListItem\",\"position\":2,\"name\":\"Wimpernverl\u00e4ngerung\"}]},{\"@type\":\"WebSite\",\"@id\":\"https:\/\/beauty-company-weyhe.de\/#website\",\"url\":\"https:\/\/beauty-company-weyhe.de\/\",\"name\":\"Beauty Company Weyhe\",\"description\":\"Ob Falten, unreine Haut oder Narbengewebe, die intensive Pflege, Heilung und Gesunderhaltung Ihrer Haut ist unser Spezialgebiet.\",\"publisher\":{\"@id\":\"https:\/\/beauty-company-weyhe.de\/#organization\"},\"potentialAction\":[{\"@type\":\"SearchAction\",\"target\":{\"@type\":\"EntryPoint\",\"urlTemplate\":\"https:\/\/beauty-company-weyhe.de\/?s={search_term_string}\"},\"query-input\":{\"@type\":\"PropertyValueSpecification\",\"valueRequired\":true,\"valueName\":\"search_term_string\"}}],\"inLanguage\":\"de\"},{\"@type\":\"Organization\",\"@id\":\"https:\/\/beauty-company-weyhe.de\/#organization\",\"name\":\"Beauty Company Weyhe\",\"url\":\"https:\/\/beauty-company-weyhe.de\/\",\"logo\":{\"@type\":\"ImageObject\",\"inLanguage\":\"de\",\"@id\":\"https:\/\/beauty-company-weyhe.de\/#\/schema\/logo\/image\/\",\"url\":\"https:\/\/beauty-company-weyhe.de\/wp-content\/uploads\/2016\/07\/cropped-BCW_Facebook_2.png\",\"contentUrl\":\"https:\/\/beauty-company-weyhe.de\/wp-content\/uploads\/2016\/07\/cropped-BCW_Facebook_2.png\",\"width\":512,\"height\":512,\"caption\":\"Beauty Company Weyhe\"},\"image\":{\"@id\":\"https:\/\/beauty-company-weyhe.de\/#\/schema\/logo\/image\/\"},\"sameAs\":[\"https:\/\/www.facebook.com\/beautycompanyweyhe\/\"]}]}<\/script>\n<!-- \/ Yoast SEO plugin. -->","yoast_head_json":{"title":"Wimpernverl\u00e4ngerung - Beauty Company Weyhe","robots":{"index":"index","follow":"follow","max-snippet":"max-snippet:-1","max-image-preview":"max-image-preview:large","max-video-preview":"max-video-preview:-1"},"canonical":"https:\/\/beauty-company-weyhe.de\/index.php\/wimpernverlaengerung\/","og_locale":"de_DE","og_type":"article","og_title":"Wimpernverl\u00e4ngerung - Beauty Company Weyhe","og_description":"Beste Qualit\u00e4t f\u00fcr Ihre Wimpern. Nat\u00fcrlich sch\u00f6ne Wimpern f\u00fcr permanente Wimpernverl\u00e4ngerung oder Verdichtung. Unsere, aus synthetischer Faser hergestellten Wimpern, garantieren ein nat\u00fcrliches Aussehen und angenehmes Tragegef\u00fchl. &nbsp; Diese Wimpern sind aus synthetischen Material. Sie sind den Eigenwimpern nachempfunden und werden zur Spitze hin d\u00fcnner. Ich verwende bei dieser Technik verschiedene L\u00e4ngen (7-15 mm), damit der [&hellip;]","og_url":"https:\/\/beauty-company-weyhe.de\/index.php\/wimpernverlaengerung\/","og_site_name":"Beauty Company Weyhe","article_publisher":"https:\/\/www.facebook.com\/beautycompanyweyhe\/","article_modified_time":"2016-11-15T15:17:46+00:00","og_image":[{"url":"https:\/\/beauty-company-weyhe.de\/wp-content\/uploads\/2015\/10\/Wimpern_howto.png","type":"","width":"","height":""}],"twitter_card":"summary_large_image","twitter_misc":{"Gesch\u00e4tzte Lesezeit":"1\u00a0Minute"},"schema":{"@context":"https:\/\/schema.org","@graph":[{"@type":"WebPage","@id":"https:\/\/beauty-company-weyhe.de\/index.php\/wimpernverlaengerung\/","url":"https:\/\/beauty-company-weyhe.de\/index.php\/wimpernverlaengerung\/","name":"Wimpernverl\u00e4ngerung - Beauty Company Weyhe","isPartOf":{"@id":"https:\/\/beauty-company-weyhe.de\/#website"},"primaryImageOfPage":{"@id":"https:\/\/beauty-company-weyhe.de\/index.php\/wimpernverlaengerung\/#primaryimage"},"image":{"@id":"https:\/\/beauty-company-weyhe.de\/index.php\/wimpernverlaengerung\/#primaryimage"},"thumbnailUrl":"https:\/\/beauty-company-weyhe.de\/wp-content\/uploads\/2015\/10\/Wimpern_howto.png","datePublished":"2015-10-29T12:54:13+00:00","dateModified":"2016-11-15T15:17:46+00:00","breadcrumb":{"@id":"https:\/\/beauty-company-weyhe.de\/index.php\/wimpernverlaengerung\/#breadcrumb"},"inLanguage":"de","potentialAction":[{"@type":"ReadAction","target":["https:\/\/beauty-company-weyhe.de\/index.php\/wimpernverlaengerung\/"]}]},{"@type":"ImageObject","inLanguage":"de","@id":"https:\/\/beauty-company-weyhe.de\/index.php\/wimpernverlaengerung\/#primaryimage","url":"https:\/\/beauty-company-weyhe.de\/wp-content\/uploads\/2015\/10\/Wimpern_howto.png","contentUrl":"https:\/\/beauty-company-weyhe.de\/wp-content\/uploads\/2015\/10\/Wimpern_howto.png","width":600,"height":250},{"@type":"BreadcrumbList","@id":"https:\/\/beauty-company-weyhe.de\/index.php\/wimpernverlaengerung\/#breadcrumb","itemListElement":[{"@type":"ListItem","position":1,"name":"Startseite","item":"https:\/\/beauty-company-weyhe.de\/"},{"@type":"ListItem","position":2,"name":"Wimpernverl\u00e4ngerung"}]},{"@type":"WebSite","@id":"https:\/\/beauty-company-weyhe.de\/#website","url":"https:\/\/beauty-company-weyhe.de\/","name":"Beauty Company Weyhe","description":"Ob Falten, unreine Haut oder Narbengewebe, die intensive Pflege, Heilung und Gesunderhaltung Ihrer Haut ist unser Spezialgebiet.","publisher":{"@id":"https:\/\/beauty-company-weyhe.de\/#organization"},"potentialAction":[{"@type":"SearchAction","target":{"@type":"EntryPoint","urlTemplate":"https:\/\/beauty-company-weyhe.de\/?s={search_term_string}"},"query-input":{"@type":"PropertyValueSpecification","valueRequired":true,"valueName":"search_term_string"}}],"inLanguage":"de"},{"@type":"Organization","@id":"https:\/\/beauty-company-weyhe.de\/#organization","name":"Beauty Company Weyhe","url":"https:\/\/beauty-company-weyhe.de\/","logo":{"@type":"ImageObject","inLanguage":"de","@id":"https:\/\/beauty-company-weyhe.de\/#\/schema\/logo\/image\/","url":"https:\/\/beauty-company-weyhe.de\/wp-content\/uploads\/2016\/07\/cropped-BCW_Facebook_2.png","contentUrl":"https:\/\/beauty-company-weyhe.de\/wp-content\/uploads\/2016\/07\/cropped-BCW_Facebook_2.png","width":512,"height":512,"caption":"Beauty Company Weyhe"},"image":{"@id":"https:\/\/beauty-company-weyhe.de\/#\/schema\/logo\/image\/"},"sameAs":["https:\/\/www.facebook.com\/beautycompanyweyhe\/"]}]}},"jetpack_sharing_enabled":true,"jetpack_shortlink":"https:\/\/wp.me\/P6t8sO-7K","_links":{"self":[{"href":"https:\/\/beauty-company-weyhe.de\/index.php\/wp-json\/wp\/v2\/pages\/480","targetHints":{"allow":["GET"]}}],"collection":[{"href":"https:\/\/beauty-company-weyhe.de\/index.php\/wp-json\/wp\/v2\/pages"}],"about":[{"href":"https:\/\/beauty-company-weyhe.de\/index.php\/wp-json\/wp\/v2\/types\/page"}],"author":[{"embeddable":true,"href":"https:\/\/beauty-company-weyhe.de\/index.php\/wp-json\/wp\/v2\/users\/1"}],"replies":[{"embeddable":true,"href":"https:\/\/beauty-company-weyhe.de\/index.php\/wp-json\/wp\/v2\/comments?post=480"}],"version-history":[{"count":9,"href":"https:\/\/beauty-company-weyhe.de\/index.php\/wp-json\/wp\/v2\/pages\/480\/revisions"}],"predecessor-version":[{"id":601,"href":"https:\/\/beauty-company-weyhe.de\/index.php\/wp-json\/wp\/v2\/pages\/480\/revisions\/601"}],"wp:attachment":[{"href":"https:\/\/beauty-company-weyhe.de\/index.php\/wp-json\/wp\/v2\/media?parent=480"}],"curies":[{"name":"wp","href":"https:\/\/api.w.org\/{rel}","templated":true}]}}