{"id":602,"date":"2016-03-30T15:34:02","date_gmt":"2016-03-30T13:34:02","guid":{"rendered":"http:\/\/beauty-company-weyhe.de\/?page_id=602"},"modified":"2018-07-31T16:32:05","modified_gmt":"2018-07-31T14:32:05","slug":"wimpernlifting","status":"publish","type":"page","link":"https:\/\/beauty-company-weyhe.de\/index.php\/wimpernlifting\/","title":{"rendered":"Wimpernlifting"},"content":{"rendered":"<h3>Perfekt geschwungene Wimpern mit Wimpernlifting.<\/h3>\n<p><strong>Zur Grundbasis des Wimpernlifting dienen Ihre Naturwimpern!<\/strong><br \/>\n&nbsp;<br \/>\nEs handelt sich hierbei um eine innovative Alternative zu einer Wimpernverl\u00e4ngerung mit Extension, bei der Sie vollst\u00e4ndig auf k\u00fcnstliche Wimpern verzichten k\u00f6nnen. Bei dieser Neuheit erzielen wir bei unseren Kundinnen ein dauerhaft starkes Lifting. Dabei wird keine leichte Welle, sondern ein starker Effekt direkt von der Wurzel der Wimper an bis zu den Wimpernspitzen erzeugt. Nach der Behandlung werden die Naturwimpern in einem Schwarzblau eingef\u00e4rbt &#8211; Ihre Wimpern wirken damit wie getuscht. Mit speziell entwickelten Silikonpads, die an Ihrem oberen Lied befestigt werden, wird Ihr Wimpernhaar sanft und exakt nach oben geliftet.<br \/>\n&nbsp;<br \/>\n&nbsp;<br \/>\nDie einzigartigen Vorteile einer solchen Behandlung lassen sich daher schnell erkennen:<\/p>\n<ul>\n<li>Keine Wimpernverl\u00e4ngerung, Wimpernzange oder Mascara n\u00f6tig<\/li>\n<li>Dauerhaftes Lifting mit Sofort-Effekt<\/li>\n<li>Besonders schonendes Verfahren<\/li>\n<li>Wirken l\u00e4nger und dichter als vorher, \u00f6ffnet optisch das Auge<\/li>\n<\/ul>\n<p>&nbsp;<br \/>\n&nbsp;<br \/>\nEine Behandlung kostet 49.-\u20ac (inkl. MWSt.) und h\u00e4lt 5-6 Wochen, sie ist v\u00f6llig schmerzfrei und dauert etwa 45 Minuten.<br \/>\n&nbsp;<br \/>\nDie Behandlung kann bequem im sitzen oder liegen durchgef\u00fchrt werden.<\/p>\n<p>&nbsp;<\/p>\n<hr \/>\n<p><img loading=\"lazy\" decoding=\"async\" class=\"alignleft size-thumbnail wp-image-472\" src=\"https:\/\/beauty-company-weyhe.de\/wp-content\/uploads\/2015\/07\/jessica_team-150x150.png\" alt=\"jessica_team\" width=\"150\" height=\"150\" srcset=\"https:\/\/beauty-company-weyhe.de\/wp-content\/uploads\/2015\/07\/jessica_team-150x150.png 150w, https:\/\/beauty-company-weyhe.de\/wp-content\/uploads\/2015\/07\/jessica_team.png 200w\" sizes=\"auto, (max-width: 150px) 100vw, 150px\" \/><br \/>\n<strong>Ihre Ansprechpartnerin:<\/strong><br \/>\nJessica Ryberg<\/p>\n<p><a href=\"mailto:info@beauty-company-weyhe.de\">info@beauty-company-weyhe.de<\/a><\/p>\n","protected":false},"excerpt":{"rendered":"<p>Perfekt geschwungene Wimpern mit Wimpernlifting. Zur Grundbasis des Wimpernlifting dienen Ihre Naturwimpern! &nbsp; Es handelt sich hierbei um eine innovative Alternative zu einer Wimpernverl\u00e4ngerung mit Extension, bei der Sie vollst\u00e4ndig auf k\u00fcnstliche Wimpern verzichten k\u00f6nnen. Bei dieser Neuheit erzielen wir bei unseren Kundinnen ein dauerhaft starkes Lifting. Dabei wird keine leichte Welle, sondern ein starker [&hellip;]<\/p>\n","protected":false},"author":1,"featured_media":0,"parent":0,"menu_order":0,"comment_status":"closed","ping_status":"closed","template":"","meta":{"jetpack_post_was_ever_published":false,"footnotes":""},"class_list":["post-602","page","type-page","status-publish","czr-hentry"],"yoast_head":"<!-- This site is optimized with the Yoast SEO plugin v27.0 - https:\/\/yoast.com\/product\/yoast-seo-wordpress\/ -->\n<title>Wimpernlifting - Beauty Company Weyhe<\/title>\n<meta name=\"robots\" content=\"index, follow, max-snippet:-1, max-image-preview:large, max-video-preview:-1\" \/>\n<link rel=\"canonical\" href=\"https:\/\/beauty-company-weyhe.de\/index.php\/wimpernlifting\/\" \/>\n<meta property=\"og:locale\" content=\"de_DE\" \/>\n<meta property=\"og:type\" content=\"article\" \/>\n<meta property=\"og:title\" content=\"Wimpernlifting - Beauty Company Weyhe\" \/>\n<meta property=\"og:description\" content=\"Perfekt geschwungene Wimpern mit Wimpernlifting. Zur Grundbasis des Wimpernlifting dienen Ihre Naturwimpern! &nbsp; Es handelt sich hierbei um eine innovative Alternative zu einer Wimpernverl\u00e4ngerung mit Extension, bei der Sie vollst\u00e4ndig auf k\u00fcnstliche Wimpern verzichten k\u00f6nnen. Bei dieser Neuheit erzielen wir bei unseren Kundinnen ein dauerhaft starkes Lifting. Dabei wird keine leichte Welle, sondern ein starker [&hellip;]\" \/>\n<meta property=\"og:url\" content=\"https:\/\/beauty-company-weyhe.de\/index.php\/wimpernlifting\/\" \/>\n<meta property=\"og:site_name\" content=\"Beauty Company Weyhe\" \/>\n<meta property=\"article:publisher\" content=\"https:\/\/www.facebook.com\/beautycompanyweyhe\/\" \/>\n<meta property=\"article:modified_time\" content=\"2018-07-31T14:32:05+00:00\" \/>\n<meta property=\"og:image\" content=\"https:\/\/beauty-company-weyhe.de\/wp-content\/uploads\/2015\/07\/jessica_team-150x150.png\" \/>\n<meta name=\"twitter:card\" content=\"summary_large_image\" \/>\n<meta name=\"twitter:label1\" content=\"Gesch\u00e4tzte Lesezeit\" \/>\n\t<meta name=\"twitter:data1\" content=\"1\u00a0Minute\" \/>\n<script type=\"application\/ld+json\" class=\"yoast-schema-graph\">{\"@context\":\"https:\/\/schema.org\",\"@graph\":[{\"@type\":\"WebPage\",\"@id\":\"https:\/\/beauty-company-weyhe.de\/index.php\/wimpernlifting\/\",\"url\":\"https:\/\/beauty-company-weyhe.de\/index.php\/wimpernlifting\/\",\"name\":\"Wimpernlifting - Beauty Company Weyhe\",\"isPartOf\":{\"@id\":\"https:\/\/beauty-company-weyhe.de\/#website\"},\"primaryImageOfPage\":{\"@id\":\"https:\/\/beauty-company-weyhe.de\/index.php\/wimpernlifting\/#primaryimage\"},\"image\":{\"@id\":\"https:\/\/beauty-company-weyhe.de\/index.php\/wimpernlifting\/#primaryimage\"},\"thumbnailUrl\":\"https:\/\/beauty-company-weyhe.de\/wp-content\/uploads\/2015\/07\/jessica_team-150x150.png\",\"datePublished\":\"2016-03-30T13:34:02+00:00\",\"dateModified\":\"2018-07-31T14:32:05+00:00\",\"breadcrumb\":{\"@id\":\"https:\/\/beauty-company-weyhe.de\/index.php\/wimpernlifting\/#breadcrumb\"},\"inLanguage\":\"de\",\"potentialAction\":[{\"@type\":\"ReadAction\",\"target\":[\"https:\/\/beauty-company-weyhe.de\/index.php\/wimpernlifting\/\"]}]},{\"@type\":\"ImageObject\",\"inLanguage\":\"de\",\"@id\":\"https:\/\/beauty-company-weyhe.de\/index.php\/wimpernlifting\/#primaryimage\",\"url\":\"https:\/\/beauty-company-weyhe.de\/wp-content\/uploads\/2015\/07\/jessica_team.png\",\"contentUrl\":\"https:\/\/beauty-company-weyhe.de\/wp-content\/uploads\/2015\/07\/jessica_team.png\",\"width\":200,\"height\":200},{\"@type\":\"BreadcrumbList\",\"@id\":\"https:\/\/beauty-company-weyhe.de\/index.php\/wimpernlifting\/#breadcrumb\",\"itemListElement\":[{\"@type\":\"ListItem\",\"position\":1,\"name\":\"Startseite\",\"item\":\"https:\/\/beauty-company-weyhe.de\/\"},{\"@type\":\"ListItem\",\"position\":2,\"name\":\"Wimpernlifting\"}]},{\"@type\":\"WebSite\",\"@id\":\"https:\/\/beauty-company-weyhe.de\/#website\",\"url\":\"https:\/\/beauty-company-weyhe.de\/\",\"name\":\"Beauty Company Weyhe\",\"description\":\"Ob Falten, unreine Haut oder Narbengewebe, die intensive Pflege, Heilung und Gesunderhaltung Ihrer Haut ist unser Spezialgebiet.\",\"publisher\":{\"@id\":\"https:\/\/beauty-company-weyhe.de\/#organization\"},\"potentialAction\":[{\"@type\":\"SearchAction\",\"target\":{\"@type\":\"EntryPoint\",\"urlTemplate\":\"https:\/\/beauty-company-weyhe.de\/?s={search_term_string}\"},\"query-input\":{\"@type\":\"PropertyValueSpecification\",\"valueRequired\":true,\"valueName\":\"search_term_string\"}}],\"inLanguage\":\"de\"},{\"@type\":\"Organization\",\"@id\":\"https:\/\/beauty-company-weyhe.de\/#organization\",\"name\":\"Beauty Company Weyhe\",\"url\":\"https:\/\/beauty-company-weyhe.de\/\",\"logo\":{\"@type\":\"ImageObject\",\"inLanguage\":\"de\",\"@id\":\"https:\/\/beauty-company-weyhe.de\/#\/schema\/logo\/image\/\",\"url\":\"https:\/\/beauty-company-weyhe.de\/wp-content\/uploads\/2016\/07\/cropped-BCW_Facebook_2.png\",\"contentUrl\":\"https:\/\/beauty-company-weyhe.de\/wp-content\/uploads\/2016\/07\/cropped-BCW_Facebook_2.png\",\"width\":512,\"height\":512,\"caption\":\"Beauty Company Weyhe\"},\"image\":{\"@id\":\"https:\/\/beauty-company-weyhe.de\/#\/schema\/logo\/image\/\"},\"sameAs\":[\"https:\/\/www.facebook.com\/beautycompanyweyhe\/\"]}]}<\/script>\n<!-- \/ Yoast SEO plugin. -->","yoast_head_json":{"title":"Wimpernlifting - Beauty Company Weyhe","robots":{"index":"index","follow":"follow","max-snippet":"max-snippet:-1","max-image-preview":"max-image-preview:large","max-video-preview":"max-video-preview:-1"},"canonical":"https:\/\/beauty-company-weyhe.de\/index.php\/wimpernlifting\/","og_locale":"de_DE","og_type":"article","og_title":"Wimpernlifting - Beauty Company Weyhe","og_description":"Perfekt geschwungene Wimpern mit Wimpernlifting. Zur Grundbasis des Wimpernlifting dienen Ihre Naturwimpern! &nbsp; Es handelt sich hierbei um eine innovative Alternative zu einer Wimpernverl\u00e4ngerung mit Extension, bei der Sie vollst\u00e4ndig auf k\u00fcnstliche Wimpern verzichten k\u00f6nnen. Bei dieser Neuheit erzielen wir bei unseren Kundinnen ein dauerhaft starkes Lifting. Dabei wird keine leichte Welle, sondern ein starker [&hellip;]","og_url":"https:\/\/beauty-company-weyhe.de\/index.php\/wimpernlifting\/","og_site_name":"Beauty Company Weyhe","article_publisher":"https:\/\/www.facebook.com\/beautycompanyweyhe\/","article_modified_time":"2018-07-31T14:32:05+00:00","og_image":[{"url":"https:\/\/beauty-company-weyhe.de\/wp-content\/uploads\/2015\/07\/jessica_team-150x150.png","type":"","width":"","height":""}],"twitter_card":"summary_large_image","twitter_misc":{"Gesch\u00e4tzte Lesezeit":"1\u00a0Minute"},"schema":{"@context":"https:\/\/schema.org","@graph":[{"@type":"WebPage","@id":"https:\/\/beauty-company-weyhe.de\/index.php\/wimpernlifting\/","url":"https:\/\/beauty-company-weyhe.de\/index.php\/wimpernlifting\/","name":"Wimpernlifting - Beauty Company Weyhe","isPartOf":{"@id":"https:\/\/beauty-company-weyhe.de\/#website"},"primaryImageOfPage":{"@id":"https:\/\/beauty-company-weyhe.de\/index.php\/wimpernlifting\/#primaryimage"},"image":{"@id":"https:\/\/beauty-company-weyhe.de\/index.php\/wimpernlifting\/#primaryimage"},"thumbnailUrl":"https:\/\/beauty-company-weyhe.de\/wp-content\/uploads\/2015\/07\/jessica_team-150x150.png","datePublished":"2016-03-30T13:34:02+00:00","dateModified":"2018-07-31T14:32:05+00:00","breadcrumb":{"@id":"https:\/\/beauty-company-weyhe.de\/index.php\/wimpernlifting\/#breadcrumb"},"inLanguage":"de","potentialAction":[{"@type":"ReadAction","target":["https:\/\/beauty-company-weyhe.de\/index.php\/wimpernlifting\/"]}]},{"@type":"ImageObject","inLanguage":"de","@id":"https:\/\/beauty-company-weyhe.de\/index.php\/wimpernlifting\/#primaryimage","url":"https:\/\/beauty-company-weyhe.de\/wp-content\/uploads\/2015\/07\/jessica_team.png","contentUrl":"https:\/\/beauty-company-weyhe.de\/wp-content\/uploads\/2015\/07\/jessica_team.png","width":200,"height":200},{"@type":"BreadcrumbList","@id":"https:\/\/beauty-company-weyhe.de\/index.php\/wimpernlifting\/#breadcrumb","itemListElement":[{"@type":"ListItem","position":1,"name":"Startseite","item":"https:\/\/beauty-company-weyhe.de\/"},{"@type":"ListItem","position":2,"name":"Wimpernlifting"}]},{"@type":"WebSite","@id":"https:\/\/beauty-company-weyhe.de\/#website","url":"https:\/\/beauty-company-weyhe.de\/","name":"Beauty Company Weyhe","description":"Ob Falten, unreine Haut oder Narbengewebe, die intensive Pflege, Heilung und Gesunderhaltung Ihrer Haut ist unser Spezialgebiet.","publisher":{"@id":"https:\/\/beauty-company-weyhe.de\/#organization"},"potentialAction":[{"@type":"SearchAction","target":{"@type":"EntryPoint","urlTemplate":"https:\/\/beauty-company-weyhe.de\/?s={search_term_string}"},"query-input":{"@type":"PropertyValueSpecification","valueRequired":true,"valueName":"search_term_string"}}],"inLanguage":"de"},{"@type":"Organization","@id":"https:\/\/beauty-company-weyhe.de\/#organization","name":"Beauty Company Weyhe","url":"https:\/\/beauty-company-weyhe.de\/","logo":{"@type":"ImageObject","inLanguage":"de","@id":"https:\/\/beauty-company-weyhe.de\/#\/schema\/logo\/image\/","url":"https:\/\/beauty-company-weyhe.de\/wp-content\/uploads\/2016\/07\/cropped-BCW_Facebook_2.png","contentUrl":"https:\/\/beauty-company-weyhe.de\/wp-content\/uploads\/2016\/07\/cropped-BCW_Facebook_2.png","width":512,"height":512,"caption":"Beauty Company Weyhe"},"image":{"@id":"https:\/\/beauty-company-weyhe.de\/#\/schema\/logo\/image\/"},"sameAs":["https:\/\/www.facebook.com\/beautycompanyweyhe\/"]}]}},"jetpack_sharing_enabled":true,"jetpack_shortlink":"https:\/\/wp.me\/P6t8sO-9I","_links":{"self":[{"href":"https:\/\/beauty-company-weyhe.de\/index.php\/wp-json\/wp\/v2\/pages\/602","targetHints":{"allow":["GET"]}}],"collection":[{"href":"https:\/\/beauty-company-weyhe.de\/index.php\/wp-json\/wp\/v2\/pages"}],"about":[{"href":"https:\/\/beauty-company-weyhe.de\/index.php\/wp-json\/wp\/v2\/types\/page"}],"author":[{"embeddable":true,"href":"https:\/\/beauty-company-weyhe.de\/index.php\/wp-json\/wp\/v2\/users\/1"}],"replies":[{"embeddable":true,"href":"https:\/\/beauty-company-weyhe.de\/index.php\/wp-json\/wp\/v2\/comments?post=602"}],"version-history":[{"count":3,"href":"https:\/\/beauty-company-weyhe.de\/index.php\/wp-json\/wp\/v2\/pages\/602\/revisions"}],"predecessor-version":[{"id":977,"href":"https:\/\/beauty-company-weyhe.de\/index.php\/wp-json\/wp\/v2\/pages\/602\/revisions\/977"}],"wp:attachment":[{"href":"https:\/\/beauty-company-weyhe.de\/index.php\/wp-json\/wp\/v2\/media?parent=602"}],"curies":[{"name":"wp","href":"https:\/\/api.w.org\/{rel}","templated":true}]}}