{"id":886,"date":"2017-11-05T16:12:34","date_gmt":"2017-11-05T15:12:34","guid":{"rendered":"http:\/\/beauty-company-weyhe.de\/?page_id=886"},"modified":"2017-11-05T16:21:23","modified_gmt":"2017-11-05T15:21:23","slug":"gesichtsbehandlung","status":"publish","type":"page","link":"https:\/\/beauty-company-weyhe.de\/index.php\/gesichtsbehandlung\/","title":{"rendered":"Gesichtsbehandlung"},"content":{"rendered":"<p><strong><span style=\"color: #08c\">Aktive Hautreinigung<\/span><\/strong><br \/>\n&nbsp;<br \/>\nBei der aktiven Hautreinigung wird Ihr Gesicht durch eine sanfte und reinigende Massage von jeglichen Unreinheiten befreit. Dabei wird das L\u00f6sen von Kittsubstanzen zwischen den Hautzellen unterst\u00fctzt&#8230; <a href=\"https:\/\/beauty-company-weyhe.de\/index.php\/aktive-hautreinigung\/\"><strong>zur Seite<\/strong><\/a><br \/>\n&nbsp;<br \/>\n<strong><span style=\"color: #08c;\">Gesichtsbooster<\/span><\/strong><br \/>\n&nbsp;<br \/>\nErwecken Sie ihre Haut aus dem Schlaf. Prickelnder Hautbooster f\u00fcr strahlend sch\u00f6ne Haut. Mit unseren speziell gew\u00e4hlten Produkten aus der Anti Aging Pflege versorgen wir die m\u00fcde Winterhaut mit allem was n\u00f6tig ist um im Fr\u00fchling zu strahlen&#8230; <a href=\"https:\/\/beauty-company-weyhe.de\/index.php\/gesichtsbooster\/\"><strong>zur Seite<\/strong><\/a><br \/>\n&nbsp;<br \/>\n<strong><span style=\"color: #08c;\">Men&#8217;s World<\/span><\/strong><br \/>\n&nbsp;<br \/>\nDie M\u00e4nnerhaut ist im Erscheinungsbild gro\u00dfporiger und weist h\u00e4ufig vermehrt Trockenheit durch Rasur und Mikroverletzungen auf. Ein erh\u00f6htes Empfindlichkeits und Entz\u00fcndungsgef\u00fchl f\u00fchlt sich dadurch unangenehm und st\u00f6rend an&#8230; <a href=\"https:\/\/beauty-company-weyhe.de\/index.php\/mens-world\/\"><strong>zur Seite<\/strong><\/a><br \/>\n&nbsp;<br \/>\n<strong><span style=\"color: #08c;\">Lunch-Time Peeling<\/span><\/strong><br \/>\n&nbsp;<br \/>\nEasy Phytic ist eine L\u00f6sung, die eine starke, dermale Stimulation erm\u00f6glicht und sich aus einer Milchs\u00e4uremischung und reinen Mischs\u00e4uren mit progressiver und kontrollierter Wirkung zusammen setzt&#8230; <a href=\"https:\/\/beauty-company-weyhe.de\/index.php\/lunch-time-peeling\/\"><strong>zur Seite<\/strong><\/a><br \/>\n&nbsp;<br \/>\n<strong><span style=\"color: #08c;\">Fruchts\u00e4urebehandlung<\/span><\/strong><br \/>\n&nbsp;<br \/>\nMit dem active\u00b3 peel concept \u00fcbertr\u00e4gt Aesthetico das Konzept der wirkungsvollen kombinierten Fruchts\u00e4urepeelings aus der Dermatologie auf die Kosmetik. Dieses einzigartige medicosmetische Behandlungsverfahren k\u00f6nnen Kunden jetzt auch erstmals bei ihrer Kosmetikerin erleben&#8230; <a href=\"https:\/\/beauty-company-weyhe.de\/index.php\/fruchtsaeurebehandlung\/\"><strong>zur Seite<\/strong><\/a><br \/>\n&nbsp;<\/p>\n","protected":false},"excerpt":{"rendered":"<p>Aktive Hautreinigung &nbsp; Bei der aktiven Hautreinigung wird Ihr Gesicht durch eine sanfte und reinigende Massage von jeglichen Unreinheiten befreit. Dabei wird das L\u00f6sen von Kittsubstanzen zwischen den Hautzellen unterst\u00fctzt&#8230; zur Seite &nbsp; Gesichtsbooster &nbsp; Erwecken Sie ihre Haut aus dem Schlaf. Prickelnder Hautbooster f\u00fcr strahlend sch\u00f6ne Haut. Mit unseren speziell gew\u00e4hlten Produkten aus der [&hellip;]<\/p>\n","protected":false},"author":1,"featured_media":0,"parent":0,"menu_order":0,"comment_status":"closed","ping_status":"closed","template":"","meta":{"jetpack_post_was_ever_published":false,"footnotes":""},"class_list":["post-886","page","type-page","status-publish","czr-hentry"],"yoast_head":"<!-- This site is optimized with the Yoast SEO plugin v27.0 - https:\/\/yoast.com\/product\/yoast-seo-wordpress\/ -->\n<title>Gesichtsbehandlung - Beauty Company Weyhe<\/title>\n<meta name=\"robots\" content=\"index, follow, max-snippet:-1, max-image-preview:large, max-video-preview:-1\" \/>\n<link rel=\"canonical\" href=\"https:\/\/beauty-company-weyhe.de\/index.php\/gesichtsbehandlung\/\" \/>\n<meta property=\"og:locale\" content=\"de_DE\" \/>\n<meta property=\"og:type\" content=\"article\" \/>\n<meta property=\"og:title\" content=\"Gesichtsbehandlung - Beauty Company Weyhe\" \/>\n<meta property=\"og:description\" content=\"Aktive Hautreinigung &nbsp; Bei der aktiven Hautreinigung wird Ihr Gesicht durch eine sanfte und reinigende Massage von jeglichen Unreinheiten befreit. Dabei wird das L\u00f6sen von Kittsubstanzen zwischen den Hautzellen unterst\u00fctzt&#8230; zur Seite &nbsp; Gesichtsbooster &nbsp; Erwecken Sie ihre Haut aus dem Schlaf. Prickelnder Hautbooster f\u00fcr strahlend sch\u00f6ne Haut. Mit unseren speziell gew\u00e4hlten Produkten aus der [&hellip;]\" \/>\n<meta property=\"og:url\" content=\"https:\/\/beauty-company-weyhe.de\/index.php\/gesichtsbehandlung\/\" \/>\n<meta property=\"og:site_name\" content=\"Beauty Company Weyhe\" \/>\n<meta property=\"article:publisher\" content=\"https:\/\/www.facebook.com\/beautycompanyweyhe\/\" \/>\n<meta property=\"article:modified_time\" content=\"2017-11-05T15:21:23+00:00\" \/>\n<meta name=\"twitter:card\" content=\"summary_large_image\" \/>\n<meta name=\"twitter:label1\" content=\"Gesch\u00e4tzte Lesezeit\" \/>\n\t<meta name=\"twitter:data1\" content=\"1\u00a0Minute\" \/>\n<script type=\"application\/ld+json\" class=\"yoast-schema-graph\">{\"@context\":\"https:\/\/schema.org\",\"@graph\":[{\"@type\":\"WebPage\",\"@id\":\"https:\/\/beauty-company-weyhe.de\/index.php\/gesichtsbehandlung\/\",\"url\":\"https:\/\/beauty-company-weyhe.de\/index.php\/gesichtsbehandlung\/\",\"name\":\"Gesichtsbehandlung - Beauty Company Weyhe\",\"isPartOf\":{\"@id\":\"https:\/\/beauty-company-weyhe.de\/#website\"},\"datePublished\":\"2017-11-05T15:12:34+00:00\",\"dateModified\":\"2017-11-05T15:21:23+00:00\",\"breadcrumb\":{\"@id\":\"https:\/\/beauty-company-weyhe.de\/index.php\/gesichtsbehandlung\/#breadcrumb\"},\"inLanguage\":\"de\",\"potentialAction\":[{\"@type\":\"ReadAction\",\"target\":[\"https:\/\/beauty-company-weyhe.de\/index.php\/gesichtsbehandlung\/\"]}]},{\"@type\":\"BreadcrumbList\",\"@id\":\"https:\/\/beauty-company-weyhe.de\/index.php\/gesichtsbehandlung\/#breadcrumb\",\"itemListElement\":[{\"@type\":\"ListItem\",\"position\":1,\"name\":\"Startseite\",\"item\":\"https:\/\/beauty-company-weyhe.de\/\"},{\"@type\":\"ListItem\",\"position\":2,\"name\":\"Gesichtsbehandlung\"}]},{\"@type\":\"WebSite\",\"@id\":\"https:\/\/beauty-company-weyhe.de\/#website\",\"url\":\"https:\/\/beauty-company-weyhe.de\/\",\"name\":\"Beauty Company Weyhe\",\"description\":\"Ob Falten, unreine Haut oder Narbengewebe, die intensive Pflege, Heilung und Gesunderhaltung Ihrer Haut ist unser Spezialgebiet.\",\"publisher\":{\"@id\":\"https:\/\/beauty-company-weyhe.de\/#organization\"},\"potentialAction\":[{\"@type\":\"SearchAction\",\"target\":{\"@type\":\"EntryPoint\",\"urlTemplate\":\"https:\/\/beauty-company-weyhe.de\/?s={search_term_string}\"},\"query-input\":{\"@type\":\"PropertyValueSpecification\",\"valueRequired\":true,\"valueName\":\"search_term_string\"}}],\"inLanguage\":\"de\"},{\"@type\":\"Organization\",\"@id\":\"https:\/\/beauty-company-weyhe.de\/#organization\",\"name\":\"Beauty Company Weyhe\",\"url\":\"https:\/\/beauty-company-weyhe.de\/\",\"logo\":{\"@type\":\"ImageObject\",\"inLanguage\":\"de\",\"@id\":\"https:\/\/beauty-company-weyhe.de\/#\/schema\/logo\/image\/\",\"url\":\"https:\/\/beauty-company-weyhe.de\/wp-content\/uploads\/2016\/07\/cropped-BCW_Facebook_2.png\",\"contentUrl\":\"https:\/\/beauty-company-weyhe.de\/wp-content\/uploads\/2016\/07\/cropped-BCW_Facebook_2.png\",\"width\":512,\"height\":512,\"caption\":\"Beauty Company Weyhe\"},\"image\":{\"@id\":\"https:\/\/beauty-company-weyhe.de\/#\/schema\/logo\/image\/\"},\"sameAs\":[\"https:\/\/www.facebook.com\/beautycompanyweyhe\/\"]}]}<\/script>\n<!-- \/ Yoast SEO plugin. -->","yoast_head_json":{"title":"Gesichtsbehandlung - Beauty Company Weyhe","robots":{"index":"index","follow":"follow","max-snippet":"max-snippet:-1","max-image-preview":"max-image-preview:large","max-video-preview":"max-video-preview:-1"},"canonical":"https:\/\/beauty-company-weyhe.de\/index.php\/gesichtsbehandlung\/","og_locale":"de_DE","og_type":"article","og_title":"Gesichtsbehandlung - Beauty Company Weyhe","og_description":"Aktive Hautreinigung &nbsp; Bei der aktiven Hautreinigung wird Ihr Gesicht durch eine sanfte und reinigende Massage von jeglichen Unreinheiten befreit. Dabei wird das L\u00f6sen von Kittsubstanzen zwischen den Hautzellen unterst\u00fctzt&#8230; zur Seite &nbsp; Gesichtsbooster &nbsp; Erwecken Sie ihre Haut aus dem Schlaf. Prickelnder Hautbooster f\u00fcr strahlend sch\u00f6ne Haut. Mit unseren speziell gew\u00e4hlten Produkten aus der [&hellip;]","og_url":"https:\/\/beauty-company-weyhe.de\/index.php\/gesichtsbehandlung\/","og_site_name":"Beauty Company Weyhe","article_publisher":"https:\/\/www.facebook.com\/beautycompanyweyhe\/","article_modified_time":"2017-11-05T15:21:23+00:00","twitter_card":"summary_large_image","twitter_misc":{"Gesch\u00e4tzte Lesezeit":"1\u00a0Minute"},"schema":{"@context":"https:\/\/schema.org","@graph":[{"@type":"WebPage","@id":"https:\/\/beauty-company-weyhe.de\/index.php\/gesichtsbehandlung\/","url":"https:\/\/beauty-company-weyhe.de\/index.php\/gesichtsbehandlung\/","name":"Gesichtsbehandlung - Beauty Company Weyhe","isPartOf":{"@id":"https:\/\/beauty-company-weyhe.de\/#website"},"datePublished":"2017-11-05T15:12:34+00:00","dateModified":"2017-11-05T15:21:23+00:00","breadcrumb":{"@id":"https:\/\/beauty-company-weyhe.de\/index.php\/gesichtsbehandlung\/#breadcrumb"},"inLanguage":"de","potentialAction":[{"@type":"ReadAction","target":["https:\/\/beauty-company-weyhe.de\/index.php\/gesichtsbehandlung\/"]}]},{"@type":"BreadcrumbList","@id":"https:\/\/beauty-company-weyhe.de\/index.php\/gesichtsbehandlung\/#breadcrumb","itemListElement":[{"@type":"ListItem","position":1,"name":"Startseite","item":"https:\/\/beauty-company-weyhe.de\/"},{"@type":"ListItem","position":2,"name":"Gesichtsbehandlung"}]},{"@type":"WebSite","@id":"https:\/\/beauty-company-weyhe.de\/#website","url":"https:\/\/beauty-company-weyhe.de\/","name":"Beauty Company Weyhe","description":"Ob Falten, unreine Haut oder Narbengewebe, die intensive Pflege, Heilung und Gesunderhaltung Ihrer Haut ist unser Spezialgebiet.","publisher":{"@id":"https:\/\/beauty-company-weyhe.de\/#organization"},"potentialAction":[{"@type":"SearchAction","target":{"@type":"EntryPoint","urlTemplate":"https:\/\/beauty-company-weyhe.de\/?s={search_term_string}"},"query-input":{"@type":"PropertyValueSpecification","valueRequired":true,"valueName":"search_term_string"}}],"inLanguage":"de"},{"@type":"Organization","@id":"https:\/\/beauty-company-weyhe.de\/#organization","name":"Beauty Company Weyhe","url":"https:\/\/beauty-company-weyhe.de\/","logo":{"@type":"ImageObject","inLanguage":"de","@id":"https:\/\/beauty-company-weyhe.de\/#\/schema\/logo\/image\/","url":"https:\/\/beauty-company-weyhe.de\/wp-content\/uploads\/2016\/07\/cropped-BCW_Facebook_2.png","contentUrl":"https:\/\/beauty-company-weyhe.de\/wp-content\/uploads\/2016\/07\/cropped-BCW_Facebook_2.png","width":512,"height":512,"caption":"Beauty Company Weyhe"},"image":{"@id":"https:\/\/beauty-company-weyhe.de\/#\/schema\/logo\/image\/"},"sameAs":["https:\/\/www.facebook.com\/beautycompanyweyhe\/"]}]}},"jetpack_sharing_enabled":true,"jetpack_shortlink":"https:\/\/wp.me\/P6t8sO-ei","_links":{"self":[{"href":"https:\/\/beauty-company-weyhe.de\/index.php\/wp-json\/wp\/v2\/pages\/886","targetHints":{"allow":["GET"]}}],"collection":[{"href":"https:\/\/beauty-company-weyhe.de\/index.php\/wp-json\/wp\/v2\/pages"}],"about":[{"href":"https:\/\/beauty-company-weyhe.de\/index.php\/wp-json\/wp\/v2\/types\/page"}],"author":[{"embeddable":true,"href":"https:\/\/beauty-company-weyhe.de\/index.php\/wp-json\/wp\/v2\/users\/1"}],"replies":[{"embeddable":true,"href":"https:\/\/beauty-company-weyhe.de\/index.php\/wp-json\/wp\/v2\/comments?post=886"}],"version-history":[{"count":3,"href":"https:\/\/beauty-company-weyhe.de\/index.php\/wp-json\/wp\/v2\/pages\/886\/revisions"}],"predecessor-version":[{"id":895,"href":"https:\/\/beauty-company-weyhe.de\/index.php\/wp-json\/wp\/v2\/pages\/886\/revisions\/895"}],"wp:attachment":[{"href":"https:\/\/beauty-company-weyhe.de\/index.php\/wp-json\/wp\/v2\/media?parent=886"}],"curies":[{"name":"wp","href":"https:\/\/api.w.org\/{rel}","templated":true}]}}