{"id":888,"date":"2017-11-05T16:13:18","date_gmt":"2017-11-05T15:13:18","guid":{"rendered":"http:\/\/beauty-company-weyhe.de\/?page_id=888"},"modified":"2017-11-05T16:18:14","modified_gmt":"2017-11-05T15:18:14","slug":"apparative-behandlung","status":"publish","type":"page","link":"https:\/\/beauty-company-weyhe.de\/index.php\/apparative-behandlung\/","title":{"rendered":"Apparative Behandlung"},"content":{"rendered":"<p>In unterschiedlichen Bereichen der Kosmetik sind Apparative Behandlungen zur Unterst\u00fctzung nicht mehr weg zu denken. Durch technische Apparaturen werden die Einfl\u00fcsse des wissenschaftlichen Fortschritts zu den Behandlungen hinzugezogen. Diese erm\u00f6glichen ein Einschleusen von Seren oder das Abtragen der oberen Hautschicht mithilfe von Diamant-Aufs\u00e4tzen, Ultraschall und Scrubber.<\/p>\n<p>Alle Methoden die in der Kategorie apparative Kosmetik angewandt werden, zeichnen sich durch bestm\u00f6gliche Ergebnisse in vielerlei Hinsicht aus.<\/p>\n<p><strong><span style=\"color: #08c;\">Diamant-Microdermabrasion<\/span><\/strong><br \/>\n&nbsp;<br \/>\nDie Diamant-Microdermabrasion ist ein hochwirksames Verfahren der Hauterneuerung, bei der die oberste Hautschicht mithilfe eines speziellen Ger\u00e4tes sanft abgetragen wird. Unser Ger\u00e4t verf\u00fcgt \u00fcber lasergeschliffene, hypoallergene Diamantaufs\u00e4tze, mit der Ihre Haut zu einer Zellneubildung angeregt wird&#8230; <a href=\"https:\/\/beauty-company-weyhe.de\/index.php\/diamant-microdermabrasion\/\"><strong>zur Seite<\/strong><\/a><br \/>\n&nbsp;<br \/>\n<strong><span style=\"color: #08c\">Micro Needling<\/span><\/strong><br \/>\n&nbsp;<br \/>\nDurch falsche Ern\u00e4hrung, Stress und vor allem durch die st\u00e4rker gewordenen negativen Umwelteinfl\u00fcsse wird unser Hautbild immer anf\u00e4lliger. Viele Menschen greifen zu teuren Kosmetika, um dem entgegenzuwirken&#8230; <a href=\"https:\/\/beauty-company-weyhe.de\/index.php\/micro-needling\/\"><strong>zur Seite<\/strong><\/a><br \/>\n&nbsp;<br \/>\n<strong><span style=\"color: #08c;\">Narbenbehandlung<\/span><\/strong><br \/>\n&nbsp;<br \/>\nKleinere oder gr\u00f6\u00dfere Verletzungen sind mehr oder minder allt\u00e4glich. Sie geschehen durch Unf\u00e4lle, Operationen, Verbrennungen oder Unachtsamkeiten. Aus jeder der erlittenen Wunden kann eine st\u00f6rende Narbe werden&#8230; <a href=\"https:\/\/beauty-company-weyhe.de\/index.php\/narbenbehandlung\/\"><strong>zur Seite<\/strong><\/a><\/p>\n","protected":false},"excerpt":{"rendered":"<p>In unterschiedlichen Bereichen der Kosmetik sind Apparative Behandlungen zur Unterst\u00fctzung nicht mehr weg zu denken. Durch technische Apparaturen werden die Einfl\u00fcsse des wissenschaftlichen Fortschritts zu den Behandlungen hinzugezogen. Diese erm\u00f6glichen ein Einschleusen von Seren oder das Abtragen der oberen Hautschicht mithilfe von Diamant-Aufs\u00e4tzen, Ultraschall und Scrubber. Alle Methoden die in der Kategorie apparative Kosmetik angewandt [&hellip;]<\/p>\n","protected":false},"author":1,"featured_media":0,"parent":0,"menu_order":0,"comment_status":"closed","ping_status":"closed","template":"","meta":{"jetpack_post_was_ever_published":false,"footnotes":""},"class_list":["post-888","page","type-page","status-publish","czr-hentry"],"yoast_head":"<!-- This site is optimized with the Yoast SEO plugin v27.0 - https:\/\/yoast.com\/product\/yoast-seo-wordpress\/ -->\n<title>Apparative Behandlung - Beauty Company Weyhe<\/title>\n<meta name=\"robots\" content=\"index, follow, max-snippet:-1, max-image-preview:large, max-video-preview:-1\" \/>\n<link rel=\"canonical\" href=\"https:\/\/beauty-company-weyhe.de\/index.php\/apparative-behandlung\/\" \/>\n<meta property=\"og:locale\" content=\"de_DE\" \/>\n<meta property=\"og:type\" content=\"article\" \/>\n<meta property=\"og:title\" content=\"Apparative Behandlung - Beauty Company Weyhe\" \/>\n<meta property=\"og:description\" content=\"In unterschiedlichen Bereichen der Kosmetik sind Apparative Behandlungen zur Unterst\u00fctzung nicht mehr weg zu denken. Durch technische Apparaturen werden die Einfl\u00fcsse des wissenschaftlichen Fortschritts zu den Behandlungen hinzugezogen. Diese erm\u00f6glichen ein Einschleusen von Seren oder das Abtragen der oberen Hautschicht mithilfe von Diamant-Aufs\u00e4tzen, Ultraschall und Scrubber. Alle Methoden die in der Kategorie apparative Kosmetik angewandt [&hellip;]\" \/>\n<meta property=\"og:url\" content=\"https:\/\/beauty-company-weyhe.de\/index.php\/apparative-behandlung\/\" \/>\n<meta property=\"og:site_name\" content=\"Beauty Company Weyhe\" \/>\n<meta property=\"article:publisher\" content=\"https:\/\/www.facebook.com\/beautycompanyweyhe\/\" \/>\n<meta property=\"article:modified_time\" content=\"2017-11-05T15:18:14+00:00\" \/>\n<meta name=\"twitter:card\" content=\"summary_large_image\" \/>\n<meta name=\"twitter:label1\" content=\"Gesch\u00e4tzte Lesezeit\" \/>\n\t<meta name=\"twitter:data1\" content=\"1\u00a0Minute\" \/>\n<script type=\"application\/ld+json\" class=\"yoast-schema-graph\">{\"@context\":\"https:\/\/schema.org\",\"@graph\":[{\"@type\":\"WebPage\",\"@id\":\"https:\/\/beauty-company-weyhe.de\/index.php\/apparative-behandlung\/\",\"url\":\"https:\/\/beauty-company-weyhe.de\/index.php\/apparative-behandlung\/\",\"name\":\"Apparative Behandlung - Beauty Company Weyhe\",\"isPartOf\":{\"@id\":\"https:\/\/beauty-company-weyhe.de\/#website\"},\"datePublished\":\"2017-11-05T15:13:18+00:00\",\"dateModified\":\"2017-11-05T15:18:14+00:00\",\"breadcrumb\":{\"@id\":\"https:\/\/beauty-company-weyhe.de\/index.php\/apparative-behandlung\/#breadcrumb\"},\"inLanguage\":\"de\",\"potentialAction\":[{\"@type\":\"ReadAction\",\"target\":[\"https:\/\/beauty-company-weyhe.de\/index.php\/apparative-behandlung\/\"]}]},{\"@type\":\"BreadcrumbList\",\"@id\":\"https:\/\/beauty-company-weyhe.de\/index.php\/apparative-behandlung\/#breadcrumb\",\"itemListElement\":[{\"@type\":\"ListItem\",\"position\":1,\"name\":\"Startseite\",\"item\":\"https:\/\/beauty-company-weyhe.de\/\"},{\"@type\":\"ListItem\",\"position\":2,\"name\":\"Apparative Behandlung\"}]},{\"@type\":\"WebSite\",\"@id\":\"https:\/\/beauty-company-weyhe.de\/#website\",\"url\":\"https:\/\/beauty-company-weyhe.de\/\",\"name\":\"Beauty Company Weyhe\",\"description\":\"Ob Falten, unreine Haut oder Narbengewebe, die intensive Pflege, Heilung und Gesunderhaltung Ihrer Haut ist unser Spezialgebiet.\",\"publisher\":{\"@id\":\"https:\/\/beauty-company-weyhe.de\/#organization\"},\"potentialAction\":[{\"@type\":\"SearchAction\",\"target\":{\"@type\":\"EntryPoint\",\"urlTemplate\":\"https:\/\/beauty-company-weyhe.de\/?s={search_term_string}\"},\"query-input\":{\"@type\":\"PropertyValueSpecification\",\"valueRequired\":true,\"valueName\":\"search_term_string\"}}],\"inLanguage\":\"de\"},{\"@type\":\"Organization\",\"@id\":\"https:\/\/beauty-company-weyhe.de\/#organization\",\"name\":\"Beauty Company Weyhe\",\"url\":\"https:\/\/beauty-company-weyhe.de\/\",\"logo\":{\"@type\":\"ImageObject\",\"inLanguage\":\"de\",\"@id\":\"https:\/\/beauty-company-weyhe.de\/#\/schema\/logo\/image\/\",\"url\":\"https:\/\/beauty-company-weyhe.de\/wp-content\/uploads\/2016\/07\/cropped-BCW_Facebook_2.png\",\"contentUrl\":\"https:\/\/beauty-company-weyhe.de\/wp-content\/uploads\/2016\/07\/cropped-BCW_Facebook_2.png\",\"width\":512,\"height\":512,\"caption\":\"Beauty Company Weyhe\"},\"image\":{\"@id\":\"https:\/\/beauty-company-weyhe.de\/#\/schema\/logo\/image\/\"},\"sameAs\":[\"https:\/\/www.facebook.com\/beautycompanyweyhe\/\"]}]}<\/script>\n<!-- \/ Yoast SEO plugin. -->","yoast_head_json":{"title":"Apparative Behandlung - Beauty Company Weyhe","robots":{"index":"index","follow":"follow","max-snippet":"max-snippet:-1","max-image-preview":"max-image-preview:large","max-video-preview":"max-video-preview:-1"},"canonical":"https:\/\/beauty-company-weyhe.de\/index.php\/apparative-behandlung\/","og_locale":"de_DE","og_type":"article","og_title":"Apparative Behandlung - Beauty Company Weyhe","og_description":"In unterschiedlichen Bereichen der Kosmetik sind Apparative Behandlungen zur Unterst\u00fctzung nicht mehr weg zu denken. Durch technische Apparaturen werden die Einfl\u00fcsse des wissenschaftlichen Fortschritts zu den Behandlungen hinzugezogen. Diese erm\u00f6glichen ein Einschleusen von Seren oder das Abtragen der oberen Hautschicht mithilfe von Diamant-Aufs\u00e4tzen, Ultraschall und Scrubber. Alle Methoden die in der Kategorie apparative Kosmetik angewandt [&hellip;]","og_url":"https:\/\/beauty-company-weyhe.de\/index.php\/apparative-behandlung\/","og_site_name":"Beauty Company Weyhe","article_publisher":"https:\/\/www.facebook.com\/beautycompanyweyhe\/","article_modified_time":"2017-11-05T15:18:14+00:00","twitter_card":"summary_large_image","twitter_misc":{"Gesch\u00e4tzte Lesezeit":"1\u00a0Minute"},"schema":{"@context":"https:\/\/schema.org","@graph":[{"@type":"WebPage","@id":"https:\/\/beauty-company-weyhe.de\/index.php\/apparative-behandlung\/","url":"https:\/\/beauty-company-weyhe.de\/index.php\/apparative-behandlung\/","name":"Apparative Behandlung - Beauty Company Weyhe","isPartOf":{"@id":"https:\/\/beauty-company-weyhe.de\/#website"},"datePublished":"2017-11-05T15:13:18+00:00","dateModified":"2017-11-05T15:18:14+00:00","breadcrumb":{"@id":"https:\/\/beauty-company-weyhe.de\/index.php\/apparative-behandlung\/#breadcrumb"},"inLanguage":"de","potentialAction":[{"@type":"ReadAction","target":["https:\/\/beauty-company-weyhe.de\/index.php\/apparative-behandlung\/"]}]},{"@type":"BreadcrumbList","@id":"https:\/\/beauty-company-weyhe.de\/index.php\/apparative-behandlung\/#breadcrumb","itemListElement":[{"@type":"ListItem","position":1,"name":"Startseite","item":"https:\/\/beauty-company-weyhe.de\/"},{"@type":"ListItem","position":2,"name":"Apparative Behandlung"}]},{"@type":"WebSite","@id":"https:\/\/beauty-company-weyhe.de\/#website","url":"https:\/\/beauty-company-weyhe.de\/","name":"Beauty Company Weyhe","description":"Ob Falten, unreine Haut oder Narbengewebe, die intensive Pflege, Heilung und Gesunderhaltung Ihrer Haut ist unser Spezialgebiet.","publisher":{"@id":"https:\/\/beauty-company-weyhe.de\/#organization"},"potentialAction":[{"@type":"SearchAction","target":{"@type":"EntryPoint","urlTemplate":"https:\/\/beauty-company-weyhe.de\/?s={search_term_string}"},"query-input":{"@type":"PropertyValueSpecification","valueRequired":true,"valueName":"search_term_string"}}],"inLanguage":"de"},{"@type":"Organization","@id":"https:\/\/beauty-company-weyhe.de\/#organization","name":"Beauty Company Weyhe","url":"https:\/\/beauty-company-weyhe.de\/","logo":{"@type":"ImageObject","inLanguage":"de","@id":"https:\/\/beauty-company-weyhe.de\/#\/schema\/logo\/image\/","url":"https:\/\/beauty-company-weyhe.de\/wp-content\/uploads\/2016\/07\/cropped-BCW_Facebook_2.png","contentUrl":"https:\/\/beauty-company-weyhe.de\/wp-content\/uploads\/2016\/07\/cropped-BCW_Facebook_2.png","width":512,"height":512,"caption":"Beauty Company Weyhe"},"image":{"@id":"https:\/\/beauty-company-weyhe.de\/#\/schema\/logo\/image\/"},"sameAs":["https:\/\/www.facebook.com\/beautycompanyweyhe\/"]}]}},"jetpack_sharing_enabled":true,"jetpack_shortlink":"https:\/\/wp.me\/P6t8sO-ek","_links":{"self":[{"href":"https:\/\/beauty-company-weyhe.de\/index.php\/wp-json\/wp\/v2\/pages\/888","targetHints":{"allow":["GET"]}}],"collection":[{"href":"https:\/\/beauty-company-weyhe.de\/index.php\/wp-json\/wp\/v2\/pages"}],"about":[{"href":"https:\/\/beauty-company-weyhe.de\/index.php\/wp-json\/wp\/v2\/types\/page"}],"author":[{"embeddable":true,"href":"https:\/\/beauty-company-weyhe.de\/index.php\/wp-json\/wp\/v2\/users\/1"}],"replies":[{"embeddable":true,"href":"https:\/\/beauty-company-weyhe.de\/index.php\/wp-json\/wp\/v2\/comments?post=888"}],"version-history":[{"count":3,"href":"https:\/\/beauty-company-weyhe.de\/index.php\/wp-json\/wp\/v2\/pages\/888\/revisions"}],"predecessor-version":[{"id":893,"href":"https:\/\/beauty-company-weyhe.de\/index.php\/wp-json\/wp\/v2\/pages\/888\/revisions\/893"}],"wp:attachment":[{"href":"https:\/\/beauty-company-weyhe.de\/index.php\/wp-json\/wp\/v2\/media?parent=888"}],"curies":[{"name":"wp","href":"https:\/\/api.w.org\/{rel}","templated":true}]}}